{"id":20,"date":"2016-01-22T11:19:48","date_gmt":"2016-01-22T10:19:48","guid":{"rendered":"http:\/\/www.malijai.fr\/?page_id=20"},"modified":"2026-04-03T14:32:56","modified_gmt":"2026-04-03T13:32:56","slug":"conseil-municipal","status":"publish","type":"page","link":"https:\/\/malijai.fr\/index.php\/conseil-municipal\/","title":{"rendered":"Conseil municipal"},"content":{"rendered":"\t\t<div data-elementor-type=\"wp-page\" data-elementor-id=\"20\" class=\"elementor elementor-20\">\n\t\t\t\t\t\t<section class=\"elementor-section elementor-top-section elementor-element elementor-element-261ae3c1 elementor-section-full_width elementor-section-stretched elementor-section-height-default elementor-section-height-default\" data-id=\"261ae3c1\" data-element_type=\"section\" data-e-type=\"section\" data-settings=\"{&quot;stretch_section&quot;:&quot;section-stretched&quot;,&quot;background_background&quot;:&quot;classic&quot;}\">\n\t\t\t\t\t\t\t<div class=\"elementor-background-overlay\"><\/div>\n\t\t\t\t\t\t\t<div class=\"elementor-container elementor-column-gap-default\">\n\t\t\t\t\t<div class=\"elementor-column elementor-col-100 elementor-top-column elementor-element elementor-element-7759a712\" data-id=\"7759a712\" data-element_type=\"column\" data-e-type=\"column\">\n\t\t\t<div class=\"elementor-widget-wrap elementor-element-populated\">\n\t\t\t\t\t\t<div class=\"elementor-element elementor-element-1d426a3a elementor-invisible elementor-widget elementor-widget-heading\" data-id=\"1d426a3a\" data-element_type=\"widget\" data-e-type=\"widget\" data-settings=\"{&quot;_animation&quot;:&quot;pulse&quot;}\" data-widget_type=\"heading.default\">\n\t\t\t\t<div class=\"elementor-widget-container\">\n\t\t\t\t\t<h2 class=\"elementor-heading-title elementor-size-default\">CONSEIL MUNICIPAL<\/h2>\t\t\t\t<\/div>\n\t\t\t\t<\/div>\n\t\t\t\t\t<\/div>\n\t\t<\/div>\n\t\t\t\t\t<\/div>\n\t\t<\/section>\n\t\t\t\t<section class=\"elementor-section elementor-top-section elementor-element elementor-element-bf68b32 elementor-section-boxed elementor-section-height-default elementor-section-height-default\" data-id=\"bf68b32\" data-element_type=\"section\" data-e-type=\"section\">\n\t\t\t\t\t\t<div class=\"elementor-container elementor-column-gap-default\">\n\t\t\t\t\t<div class=\"elementor-column elementor-col-100 elementor-top-column elementor-element elementor-element-4397101\" data-id=\"4397101\" data-element_type=\"column\" data-e-type=\"column\">\n\t\t\t<div class=\"elementor-widget-wrap elementor-element-populated\">\n\t\t\t\t\t\t<div class=\"elementor-element elementor-element-2061ffb elementor-widget elementor-widget-image\" data-id=\"2061ffb\" data-element_type=\"widget\" data-e-type=\"widget\" data-widget_type=\"image.default\">\n\t\t\t\t<div class=\"elementor-widget-container\">\n\t\t\t\t\t\t\t\t\t\t\t\t\t\t\t<img fetchpriority=\"high\" decoding=\"async\" width=\"787\" height=\"394\" src=\"https:\/\/malijai.fr\/wp-content\/uploads\/2026\/04\/PAGE-EN-CONSTRUCTION.gif\" class=\"attachment-full size-full wp-image-15727\" alt=\"\" \/>\t\t\t\t\t\t\t\t\t\t\t\t\t\t\t<\/div>\n\t\t\t\t<\/div>\n\t\t\t\t\t<\/div>\n\t\t<\/div>\n\t\t\t\t\t<\/div>\n\t\t<\/section>\n\t\t\t\t<section class=\"elementor-section elementor-top-section elementor-element elementor-element-78a482f5 elementor-section-boxed elementor-section-height-default elementor-section-height-default\" data-id=\"78a482f5\" data-element_type=\"section\" data-e-type=\"section\">\n\t\t\t\t\t\t<div class=\"elementor-container elementor-column-gap-default\">\n\t\t\t\t\t<div class=\"elementor-column elementor-col-100 elementor-top-column elementor-element elementor-element-283c5b44\" data-id=\"283c5b44\" data-element_type=\"column\" data-e-type=\"column\">\n\t\t\t<div class=\"elementor-widget-wrap elementor-element-populated\">\n\t\t\t\t\t\t<div class=\"elementor-element elementor-element-63d945e3 elementor-widget elementor-widget-eael-cta-box\" data-id=\"63d945e3\" data-element_type=\"widget\" data-e-type=\"widget\" data-widget_type=\"eael-cta-box.default\">\n\t\t\t\t<div class=\"elementor-widget-container\">\n\t\t\t\t\t\t\t\t<div class=\"eael-call-to-action cta-flex bg-lite cta-preset-1\">\n\t    <div class=\"content\">\n            <h4 class=\"sub-title\">Compte rendu<\/h4><h2 class=\"title eael-cta-heading\">conseils municipaux<\/h2><p>Si vous souhaitez acc\u00e9der aux comptes rendu des conseils municipaux cliquez sur Proc\u00e8s-Verbaux<\/p>\t    <\/div>\n\t    <div class=\"action\">\n\t        <a href=\"https:\/\/malijai.fr\/index.php\/les-proces-verbaux\/\" class=\"cta-button cta-preset-1  \">Proc\u00e8s-Verbaux<\/a>\t    <\/div>\n\t<\/div>\n\t\t\t\t\t\t\t<\/div>\n\t\t\t\t<\/div>\n\t\t\t\t\t<\/div>\n\t\t<\/div>\n\t\t\t\t\t<\/div>\n\t\t<\/section>\n\t\t\t\t<\/div>\n\t\t","protected":false},"excerpt":{"rendered":"<p>CONSEIL MUNICIPAL Compte rendu conseils municipaux Si vous souhaitez acc\u00e9der aux comptes rendu des conseils municipaux cliquez sur Proc\u00e8s-Verbaux Proc\u00e8s-Verbaux<\/p>\n","protected":false},"author":4,"featured_media":216,"parent":0,"menu_order":1,"comment_status":"closed","ping_status":"closed","template":"","meta":{"ngg_post_thumbnail":0,"ocean_post_layout":"","ocean_both_sidebars_style":"","ocean_both_sidebars_content_width":0,"ocean_both_sidebars_sidebars_width":0,"ocean_sidebar":"0","ocean_second_sidebar":"0","ocean_disable_margins":"enable","ocean_add_body_class":"","ocean_shortcode_before_top_bar":"","ocean_shortcode_after_top_bar":"","ocean_shortcode_before_header":"","ocean_shortcode_after_header":"","ocean_has_shortcode":"","ocean_shortcode_after_title":"","ocean_shortcode_before_footer_widgets":"","ocean_shortcode_after_footer_widgets":"","ocean_shortcode_before_footer_bottom":"","ocean_shortcode_after_footer_bottom":"","ocean_display_top_bar":"default","ocean_display_header":"default","ocean_header_style":"","ocean_center_header_left_menu":"0","ocean_custom_header_template":"0","ocean_custom_logo":0,"ocean_custom_retina_logo":0,"ocean_custom_logo_max_width":0,"ocean_custom_logo_tablet_max_width":0,"ocean_custom_logo_mobile_max_width":0,"ocean_custom_logo_max_height":0,"ocean_custom_logo_tablet_max_height":0,"ocean_custom_logo_mobile_max_height":0,"ocean_header_custom_menu":"0","ocean_menu_typo_font_family":"0","ocean_menu_typo_font_subset":"","ocean_menu_typo_font_size":0,"ocean_menu_typo_font_size_tablet":0,"ocean_menu_typo_font_size_mobile":0,"ocean_menu_typo_font_size_unit":"px","ocean_menu_typo_font_weight":"","ocean_menu_typo_font_weight_tablet":"","ocean_menu_typo_font_weight_mobile":"","ocean_menu_typo_transform":"","ocean_menu_typo_transform_tablet":"","ocean_menu_typo_transform_mobile":"","ocean_menu_typo_line_height":0,"ocean_menu_typo_line_height_tablet":0,"ocean_menu_typo_line_height_mobile":0,"ocean_menu_typo_line_height_unit":"","ocean_menu_typo_spacing":0,"ocean_menu_typo_spacing_tablet":0,"ocean_menu_typo_spacing_mobile":0,"ocean_menu_typo_spacing_unit":"","ocean_menu_link_color":"","ocean_menu_link_color_hover":"","ocean_menu_link_color_active":"","ocean_menu_link_background":"","ocean_menu_link_hover_background":"","ocean_menu_link_active_background":"","ocean_menu_social_links_bg":"","ocean_menu_social_hover_links_bg":"","ocean_menu_social_links_color":"","ocean_menu_social_hover_links_color":"","ocean_disable_title":"default","ocean_disable_heading":"default","ocean_post_title":"","ocean_post_subheading":"","ocean_post_title_style":"","ocean_post_title_background_color":"","ocean_post_title_background":0,"ocean_post_title_bg_image_position":"","ocean_post_title_bg_image_attachment":"","ocean_post_title_bg_image_repeat":"","ocean_post_title_bg_image_size":"","ocean_post_title_height":0,"ocean_post_title_bg_overlay":0.5,"ocean_post_title_bg_overlay_color":"","ocean_disable_breadcrumbs":"default","ocean_breadcrumbs_color":"","ocean_breadcrumbs_separator_color":"","ocean_breadcrumbs_links_color":"","ocean_breadcrumbs_links_hover_color":"","ocean_display_footer_widgets":"default","ocean_display_footer_bottom":"default","ocean_custom_footer_template":"0","footnotes":""},"class_list":["post-20","page","type-page","status-publish","has-post-thumbnail","hentry","entry","has-media"],"yoast_head":"<!-- This site is optimized with the Yoast SEO plugin v27.4 - https:\/\/yoast.com\/product\/yoast-seo-wordpress\/ -->\n<title>Conseil municipal | Malijai.fr<\/title>\n<meta name=\"robots\" content=\"index, follow, max-snippet:-1, max-image-preview:large, max-video-preview:-1\" \/>\n<link rel=\"canonical\" href=\"https:\/\/malijai.fr\/index.php\/conseil-municipal\/\" \/>\n<meta property=\"og:locale\" content=\"fr_FR\" \/>\n<meta property=\"og:type\" content=\"article\" \/>\n<meta property=\"og:title\" content=\"Conseil municipal | Malijai.fr\" \/>\n<meta property=\"og:description\" content=\"CONSEIL MUNICIPAL Compte rendu conseils municipaux Si vous souhaitez acc\u00e9der aux comptes rendu des conseils municipaux cliquez sur Proc\u00e8s-Verbaux Proc\u00e8s-Verbaux\" \/>\n<meta property=\"og:url\" content=\"https:\/\/malijai.fr\/index.php\/conseil-municipal\/\" \/>\n<meta property=\"og:site_name\" content=\"Malijai.fr\" \/>\n<meta property=\"article:publisher\" content=\"https:\/\/www.facebook.com\/MairieDeMalijai\" \/>\n<meta property=\"article:modified_time\" content=\"2026-04-03T13:32:56+00:00\" \/>\n<meta property=\"og:image\" content=\"https:\/\/malijai.fr\/wp-content\/uploads\/2016\/03\/DSC03515-e1459430871118.jpg\" \/>\n\t<meta property=\"og:image:width\" content=\"3750\" \/>\n\t<meta property=\"og:image:height\" content=\"1430\" \/>\n\t<meta property=\"og:image:type\" content=\"image\/jpeg\" \/>\n<meta name=\"twitter:card\" content=\"summary_large_image\" \/>\n<meta name=\"twitter:label1\" content=\"Dur\u00e9e de lecture estim\u00e9e\" \/>\n\t<meta name=\"twitter:data1\" content=\"1 minute\" \/>\n<script type=\"application\/ld+json\" class=\"yoast-schema-graph\">{\"@context\":\"https:\\\/\\\/schema.org\",\"@graph\":[{\"@type\":\"WebPage\",\"@id\":\"https:\\\/\\\/malijai.fr\\\/index.php\\\/conseil-municipal\\\/\",\"url\":\"https:\\\/\\\/malijai.fr\\\/index.php\\\/conseil-municipal\\\/\",\"name\":\"Conseil municipal | Malijai.fr\",\"isPartOf\":{\"@id\":\"https:\\\/\\\/malijai.fr\\\/#website\"},\"primaryImageOfPage\":{\"@id\":\"https:\\\/\\\/malijai.fr\\\/index.php\\\/conseil-municipal\\\/#primaryimage\"},\"image\":{\"@id\":\"https:\\\/\\\/malijai.fr\\\/index.php\\\/conseil-municipal\\\/#primaryimage\"},\"thumbnailUrl\":\"https:\\\/\\\/malijai.fr\\\/wp-content\\\/uploads\\\/2016\\\/03\\\/DSC03515-e1459430871118.jpg\",\"datePublished\":\"2016-01-22T10:19:48+00:00\",\"dateModified\":\"2026-04-03T13:32:56+00:00\",\"breadcrumb\":{\"@id\":\"https:\\\/\\\/malijai.fr\\\/index.php\\\/conseil-municipal\\\/#breadcrumb\"},\"inLanguage\":\"fr-FR\",\"potentialAction\":[{\"@type\":\"ReadAction\",\"target\":[\"https:\\\/\\\/malijai.fr\\\/index.php\\\/conseil-municipal\\\/\"]}]},{\"@type\":\"ImageObject\",\"inLanguage\":\"fr-FR\",\"@id\":\"https:\\\/\\\/malijai.fr\\\/index.php\\\/conseil-municipal\\\/#primaryimage\",\"url\":\"https:\\\/\\\/malijai.fr\\\/wp-content\\\/uploads\\\/2016\\\/03\\\/DSC03515-e1459430871118.jpg\",\"contentUrl\":\"https:\\\/\\\/malijai.fr\\\/wp-content\\\/uploads\\\/2016\\\/03\\\/DSC03515-e1459430871118.jpg\",\"width\":3750,\"height\":1430},{\"@type\":\"BreadcrumbList\",\"@id\":\"https:\\\/\\\/malijai.fr\\\/index.php\\\/conseil-municipal\\\/#breadcrumb\",\"itemListElement\":[{\"@type\":\"ListItem\",\"position\":1,\"name\":\"Accueil\",\"item\":\"https:\\\/\\\/malijai.fr\\\/\"},{\"@type\":\"ListItem\",\"position\":2,\"name\":\"Conseil municipal\"}]},{\"@type\":\"WebSite\",\"@id\":\"https:\\\/\\\/malijai.fr\\\/#website\",\"url\":\"https:\\\/\\\/malijai.fr\\\/\",\"name\":\"Malijai.fr\",\"description\":\"Site internet de la commune de Malijai dans les Alpes de Haute-Provence\",\"publisher\":{\"@id\":\"https:\\\/\\\/malijai.fr\\\/#organization\"},\"potentialAction\":[{\"@type\":\"SearchAction\",\"target\":{\"@type\":\"EntryPoint\",\"urlTemplate\":\"https:\\\/\\\/malijai.fr\\\/?s={search_term_string}\"},\"query-input\":{\"@type\":\"PropertyValueSpecification\",\"valueRequired\":true,\"valueName\":\"search_term_string\"}}],\"inLanguage\":\"fr-FR\"},{\"@type\":\"Organization\",\"@id\":\"https:\\\/\\\/malijai.fr\\\/#organization\",\"name\":\"Malijai\",\"url\":\"https:\\\/\\\/malijai.fr\\\/\",\"logo\":{\"@type\":\"ImageObject\",\"inLanguage\":\"fr-FR\",\"@id\":\"https:\\\/\\\/malijai.fr\\\/#\\\/schema\\\/logo\\\/image\\\/\",\"url\":\"https:\\\/\\\/www.malijai.fr\\\/wp-content\\\/uploads\\\/2021\\\/11\\\/205467984_317221263388622_5064034598485676827_n.jpg\",\"contentUrl\":\"https:\\\/\\\/www.malijai.fr\\\/wp-content\\\/uploads\\\/2021\\\/11\\\/205467984_317221263388622_5064034598485676827_n.jpg\",\"width\":1697,\"height\":1080,\"caption\":\"Malijai\"},\"image\":{\"@id\":\"https:\\\/\\\/malijai.fr\\\/#\\\/schema\\\/logo\\\/image\\\/\"},\"sameAs\":[\"https:\\\/\\\/www.facebook.com\\\/MairieDeMalijai\"]}]}<\/script>\n<!-- \/ Yoast SEO plugin. -->","yoast_head_json":{"title":"Conseil municipal | Malijai.fr","robots":{"index":"index","follow":"follow","max-snippet":"max-snippet:-1","max-image-preview":"max-image-preview:large","max-video-preview":"max-video-preview:-1"},"canonical":"https:\/\/malijai.fr\/index.php\/conseil-municipal\/","og_locale":"fr_FR","og_type":"article","og_title":"Conseil municipal | Malijai.fr","og_description":"CONSEIL MUNICIPAL Compte rendu conseils municipaux Si vous souhaitez acc\u00e9der aux comptes rendu des conseils municipaux cliquez sur Proc\u00e8s-Verbaux Proc\u00e8s-Verbaux","og_url":"https:\/\/malijai.fr\/index.php\/conseil-municipal\/","og_site_name":"Malijai.fr","article_publisher":"https:\/\/www.facebook.com\/MairieDeMalijai","article_modified_time":"2026-04-03T13:32:56+00:00","og_image":[{"width":3750,"height":1430,"url":"https:\/\/malijai.fr\/wp-content\/uploads\/2016\/03\/DSC03515-e1459430871118.jpg","type":"image\/jpeg"}],"twitter_card":"summary_large_image","twitter_misc":{"Dur\u00e9e de lecture estim\u00e9e":"1 minute"},"schema":{"@context":"https:\/\/schema.org","@graph":[{"@type":"WebPage","@id":"https:\/\/malijai.fr\/index.php\/conseil-municipal\/","url":"https:\/\/malijai.fr\/index.php\/conseil-municipal\/","name":"Conseil municipal | Malijai.fr","isPartOf":{"@id":"https:\/\/malijai.fr\/#website"},"primaryImageOfPage":{"@id":"https:\/\/malijai.fr\/index.php\/conseil-municipal\/#primaryimage"},"image":{"@id":"https:\/\/malijai.fr\/index.php\/conseil-municipal\/#primaryimage"},"thumbnailUrl":"https:\/\/malijai.fr\/wp-content\/uploads\/2016\/03\/DSC03515-e1459430871118.jpg","datePublished":"2016-01-22T10:19:48+00:00","dateModified":"2026-04-03T13:32:56+00:00","breadcrumb":{"@id":"https:\/\/malijai.fr\/index.php\/conseil-municipal\/#breadcrumb"},"inLanguage":"fr-FR","potentialAction":[{"@type":"ReadAction","target":["https:\/\/malijai.fr\/index.php\/conseil-municipal\/"]}]},{"@type":"ImageObject","inLanguage":"fr-FR","@id":"https:\/\/malijai.fr\/index.php\/conseil-municipal\/#primaryimage","url":"https:\/\/malijai.fr\/wp-content\/uploads\/2016\/03\/DSC03515-e1459430871118.jpg","contentUrl":"https:\/\/malijai.fr\/wp-content\/uploads\/2016\/03\/DSC03515-e1459430871118.jpg","width":3750,"height":1430},{"@type":"BreadcrumbList","@id":"https:\/\/malijai.fr\/index.php\/conseil-municipal\/#breadcrumb","itemListElement":[{"@type":"ListItem","position":1,"name":"Accueil","item":"https:\/\/malijai.fr\/"},{"@type":"ListItem","position":2,"name":"Conseil municipal"}]},{"@type":"WebSite","@id":"https:\/\/malijai.fr\/#website","url":"https:\/\/malijai.fr\/","name":"Malijai.fr","description":"Site internet de la commune de Malijai dans les Alpes de Haute-Provence","publisher":{"@id":"https:\/\/malijai.fr\/#organization"},"potentialAction":[{"@type":"SearchAction","target":{"@type":"EntryPoint","urlTemplate":"https:\/\/malijai.fr\/?s={search_term_string}"},"query-input":{"@type":"PropertyValueSpecification","valueRequired":true,"valueName":"search_term_string"}}],"inLanguage":"fr-FR"},{"@type":"Organization","@id":"https:\/\/malijai.fr\/#organization","name":"Malijai","url":"https:\/\/malijai.fr\/","logo":{"@type":"ImageObject","inLanguage":"fr-FR","@id":"https:\/\/malijai.fr\/#\/schema\/logo\/image\/","url":"https:\/\/www.malijai.fr\/wp-content\/uploads\/2021\/11\/205467984_317221263388622_5064034598485676827_n.jpg","contentUrl":"https:\/\/www.malijai.fr\/wp-content\/uploads\/2021\/11\/205467984_317221263388622_5064034598485676827_n.jpg","width":1697,"height":1080,"caption":"Malijai"},"image":{"@id":"https:\/\/malijai.fr\/#\/schema\/logo\/image\/"},"sameAs":["https:\/\/www.facebook.com\/MairieDeMalijai"]}]}},"_links":{"self":[{"href":"https:\/\/malijai.fr\/index.php\/wp-json\/wp\/v2\/pages\/20","targetHints":{"allow":["GET"]}}],"collection":[{"href":"https:\/\/malijai.fr\/index.php\/wp-json\/wp\/v2\/pages"}],"about":[{"href":"https:\/\/malijai.fr\/index.php\/wp-json\/wp\/v2\/types\/page"}],"author":[{"embeddable":true,"href":"https:\/\/malijai.fr\/index.php\/wp-json\/wp\/v2\/users\/4"}],"replies":[{"embeddable":true,"href":"https:\/\/malijai.fr\/index.php\/wp-json\/wp\/v2\/comments?post=20"}],"version-history":[{"count":300,"href":"https:\/\/malijai.fr\/index.php\/wp-json\/wp\/v2\/pages\/20\/revisions"}],"predecessor-version":[{"id":15730,"href":"https:\/\/malijai.fr\/index.php\/wp-json\/wp\/v2\/pages\/20\/revisions\/15730"}],"wp:featuredmedia":[{"embeddable":true,"href":"https:\/\/malijai.fr\/index.php\/wp-json\/wp\/v2\/media\/216"}],"wp:attachment":[{"href":"https:\/\/malijai.fr\/index.php\/wp-json\/wp\/v2\/media?parent=20"}],"curies":[{"name":"wp","href":"https:\/\/api.w.org\/{rel}","templated":true}]}}