{"id":22,"date":"2016-01-22T11:20:19","date_gmt":"2016-01-22T10:20:19","guid":{"rendered":"http:\/\/www.malijai.fr\/?page_id=22"},"modified":"2026-04-03T09:22:15","modified_gmt":"2026-04-03T08:22:15","slug":"services-municipaux","status":"publish","type":"page","link":"https:\/\/malijai.fr\/index.php\/services-municipaux\/","title":{"rendered":"Services municipaux"},"content":{"rendered":"\t\t<div data-elementor-type=\"wp-page\" data-elementor-id=\"22\" class=\"elementor elementor-22\">\n\t\t\t\t\t\t<section class=\"elementor-section elementor-top-section elementor-element elementor-element-2b3cdc elementor-section-full_width elementor-section-stretched elementor-section-height-default elementor-section-height-default\" data-id=\"2b3cdc\" data-element_type=\"section\" data-e-type=\"section\" data-settings=\"{&quot;stretch_section&quot;:&quot;section-stretched&quot;,&quot;background_background&quot;:&quot;classic&quot;}\">\n\t\t\t\t\t\t\t<div class=\"elementor-background-overlay\"><\/div>\n\t\t\t\t\t\t\t<div class=\"elementor-container elementor-column-gap-default\">\n\t\t\t\t\t<div class=\"elementor-column elementor-col-100 elementor-top-column elementor-element elementor-element-670a9486\" data-id=\"670a9486\" data-element_type=\"column\" data-e-type=\"column\">\n\t\t\t<div class=\"elementor-widget-wrap elementor-element-populated\">\n\t\t\t\t\t\t<div class=\"elementor-element elementor-element-7ccbff70 elementor-invisible elementor-widget elementor-widget-heading\" data-id=\"7ccbff70\" data-element_type=\"widget\" data-e-type=\"widget\" data-settings=\"{&quot;_animation&quot;:&quot;pulse&quot;}\" data-widget_type=\"heading.default\">\n\t\t\t\t<div class=\"elementor-widget-container\">\n\t\t\t\t\t<h2 class=\"elementor-heading-title elementor-size-default\">SERVICES MUNICIPAUX<\/h2>\t\t\t\t<\/div>\n\t\t\t\t<\/div>\n\t\t\t\t\t<\/div>\n\t\t<\/div>\n\t\t\t\t\t<\/div>\n\t\t<\/section>\n\t\t\t\t<section class=\"elementor-section elementor-top-section elementor-element elementor-element-fd95dec elementor-section-content-middle elementor-section-boxed elementor-section-height-default elementor-section-height-default\" data-id=\"fd95dec\" data-element_type=\"section\" data-e-type=\"section\">\n\t\t\t\t\t\t<div class=\"elementor-container elementor-column-gap-no\">\n\t\t\t\t\t<div class=\"elementor-column elementor-col-100 elementor-top-column elementor-element elementor-element-6926f03\" data-id=\"6926f03\" data-element_type=\"column\" data-e-type=\"column\">\n\t\t\t<div class=\"elementor-widget-wrap elementor-element-populated\">\n\t\t\t\t\t\t<section class=\"elementor-section elementor-inner-section elementor-element elementor-element-551c2983 elementor-section-boxed elementor-section-height-default elementor-section-height-default\" data-id=\"551c2983\" data-element_type=\"section\" data-e-type=\"section\">\n\t\t\t\t\t\t<div class=\"elementor-container elementor-column-gap-default\">\n\t\t\t\t\t<div class=\"elementor-column elementor-col-100 elementor-inner-column elementor-element elementor-element-20cf699b\" data-id=\"20cf699b\" data-element_type=\"column\" data-e-type=\"column\" data-settings=\"{&quot;background_background&quot;:&quot;classic&quot;}\">\n\t\t\t<div class=\"elementor-widget-wrap elementor-element-populated\">\n\t\t\t\t\t\t<div class=\"elementor-element elementor-element-4dc9601 elementor-widget elementor-widget-heading\" data-id=\"4dc9601\" data-element_type=\"widget\" data-e-type=\"widget\" data-widget_type=\"heading.default\">\n\t\t\t\t<div class=\"elementor-widget-container\">\n\t\t\t\t\t<h2 class=\"elementor-heading-title elementor-size-default\">La mairie horaires et contacts<\/h2>\t\t\t\t<\/div>\n\t\t\t\t<\/div>\n\t\t\t\t<div class=\"elementor-element elementor-element-5e44348 elementor-widget elementor-widget-text-editor\" data-id=\"5e44348\" data-element_type=\"widget\" data-e-type=\"widget\" data-widget_type=\"text-editor.default\">\n\t\t\t\t<div class=\"elementor-widget-container\">\n\t\t\t\t\t\t\t\t\t<p style=\"text-align: center;\">La mairie est ouverte\u00a0:<\/p><p style=\"text-align: center;\">Le matin du lundi au vendredi de 8h00 \u00e0 12h00<br \/>L\u2019apr\u00e8s-midi du lundi au vendredi de 13h30 \u00e0 17h00.<\/p><p style=\"text-align: center;\">T\u00e9l\u00e9phone\u00a0: 04.92.34.01.12<br \/>Mail : accueil@malijai.fr<\/p>\t\t\t\t\t\t\t\t<\/div>\n\t\t\t\t<\/div>\n\t\t\t\t\t<\/div>\n\t\t<\/div>\n\t\t\t\t\t<\/div>\n\t\t<\/section>\n\t\t\t\t\t<\/div>\n\t\t<\/div>\n\t\t\t\t\t<\/div>\n\t\t<\/section>\n\t\t\t\t<section class=\"elementor-section elementor-top-section elementor-element elementor-element-8cc1998 elementor-section-boxed elementor-section-height-default elementor-section-height-default\" data-id=\"8cc1998\" data-element_type=\"section\" data-e-type=\"section\">\n\t\t\t\t\t\t<div class=\"elementor-container elementor-column-gap-default\">\n\t\t\t\t\t<div class=\"elementor-column elementor-col-100 elementor-top-column elementor-element elementor-element-be47852\" data-id=\"be47852\" data-element_type=\"column\" data-e-type=\"column\">\n\t\t\t<div class=\"elementor-widget-wrap elementor-element-populated\">\n\t\t\t\t\t\t<div class=\"elementor-element elementor-element-1f2a6c3 elementor-widget elementor-widget-image\" data-id=\"1f2a6c3\" data-element_type=\"widget\" data-e-type=\"widget\" data-widget_type=\"image.default\">\n\t\t\t\t<div class=\"elementor-widget-container\">\n\t\t\t\t\t\t\t\t\t\t\t\t\t\t\t<img fetchpriority=\"high\" decoding=\"async\" width=\"1024\" height=\"724\" src=\"https:\/\/malijai.fr\/wp-content\/uploads\/2026\/04\/ORGANIGRAMME-01042026-1024x724.jpg\" class=\"attachment-large size-large wp-image-15723\" alt=\"\" srcset=\"https:\/\/malijai.fr\/wp-content\/uploads\/2026\/04\/ORGANIGRAMME-01042026-1024x724.jpg 1024w, https:\/\/malijai.fr\/wp-content\/uploads\/2026\/04\/ORGANIGRAMME-01042026-300x212.jpg 300w, https:\/\/malijai.fr\/wp-content\/uploads\/2026\/04\/ORGANIGRAMME-01042026-768x543.jpg 768w, https:\/\/malijai.fr\/wp-content\/uploads\/2026\/04\/ORGANIGRAMME-01042026-1536x1086.jpg 1536w, https:\/\/malijai.fr\/wp-content\/uploads\/2026\/04\/ORGANIGRAMME-01042026-2048x1448.jpg 2048w\" sizes=\"(max-width: 1024px) 100vw, 1024px\" \/>\t\t\t\t\t\t\t\t\t\t\t\t\t\t\t<\/div>\n\t\t\t\t<\/div>\n\t\t\t\t\t<\/div>\n\t\t<\/div>\n\t\t\t\t\t<\/div>\n\t\t<\/section>\n\t\t\t\t<\/div>\n\t\t","protected":false},"excerpt":{"rendered":"<p>SERVICES MUNICIPAUX La mairie horaires et contacts La mairie est ouverte\u00a0: Le matin du lundi au vendredi de 8h00 \u00e0 12h00L\u2019apr\u00e8s-midi du lundi au vendredi de 13h30 \u00e0 17h00. T\u00e9l\u00e9phone\u00a0: 04.92.34.01.12Mail : accueil@malijai.fr<\/p>\n","protected":false},"author":4,"featured_media":262,"parent":0,"menu_order":2,"comment_status":"closed","ping_status":"closed","template":"","meta":{"ngg_post_thumbnail":0,"ocean_post_layout":"","ocean_both_sidebars_style":"","ocean_both_sidebars_content_width":0,"ocean_both_sidebars_sidebars_width":0,"ocean_sidebar":"0","ocean_second_sidebar":"0","ocean_disable_margins":"enable","ocean_add_body_class":"","ocean_shortcode_before_top_bar":"","ocean_shortcode_after_top_bar":"","ocean_shortcode_before_header":"","ocean_shortcode_after_header":"","ocean_has_shortcode":"","ocean_shortcode_after_title":"","ocean_shortcode_before_footer_widgets":"","ocean_shortcode_after_footer_widgets":"","ocean_shortcode_before_footer_bottom":"","ocean_shortcode_after_footer_bottom":"","ocean_display_top_bar":"default","ocean_display_header":"default","ocean_header_style":"","ocean_center_header_left_menu":"0","ocean_custom_header_template":"0","ocean_custom_logo":0,"ocean_custom_retina_logo":0,"ocean_custom_logo_max_width":0,"ocean_custom_logo_tablet_max_width":0,"ocean_custom_logo_mobile_max_width":0,"ocean_custom_logo_max_height":0,"ocean_custom_logo_tablet_max_height":0,"ocean_custom_logo_mobile_max_height":0,"ocean_header_custom_menu":"0","ocean_menu_typo_font_family":"0","ocean_menu_typo_font_subset":"","ocean_menu_typo_font_size":0,"ocean_menu_typo_font_size_tablet":0,"ocean_menu_typo_font_size_mobile":0,"ocean_menu_typo_font_size_unit":"px","ocean_menu_typo_font_weight":"","ocean_menu_typo_font_weight_tablet":"","ocean_menu_typo_font_weight_mobile":"","ocean_menu_typo_transform":"","ocean_menu_typo_transform_tablet":"","ocean_menu_typo_transform_mobile":"","ocean_menu_typo_line_height":0,"ocean_menu_typo_line_height_tablet":0,"ocean_menu_typo_line_height_mobile":0,"ocean_menu_typo_line_height_unit":"","ocean_menu_typo_spacing":0,"ocean_menu_typo_spacing_tablet":0,"ocean_menu_typo_spacing_mobile":0,"ocean_menu_typo_spacing_unit":"","ocean_menu_link_color":"","ocean_menu_link_color_hover":"","ocean_menu_link_color_active":"","ocean_menu_link_background":"","ocean_menu_link_hover_background":"","ocean_menu_link_active_background":"","ocean_menu_social_links_bg":"","ocean_menu_social_hover_links_bg":"","ocean_menu_social_links_color":"","ocean_menu_social_hover_links_color":"","ocean_disable_title":"default","ocean_disable_heading":"default","ocean_post_title":"","ocean_post_subheading":"","ocean_post_title_style":"","ocean_post_title_background_color":"","ocean_post_title_background":0,"ocean_post_title_bg_image_position":"","ocean_post_title_bg_image_attachment":"","ocean_post_title_bg_image_repeat":"","ocean_post_title_bg_image_size":"","ocean_post_title_height":0,"ocean_post_title_bg_overlay":0.5,"ocean_post_title_bg_overlay_color":"","ocean_disable_breadcrumbs":"default","ocean_breadcrumbs_color":"","ocean_breadcrumbs_separator_color":"","ocean_breadcrumbs_links_color":"","ocean_breadcrumbs_links_hover_color":"","ocean_display_footer_widgets":"default","ocean_display_footer_bottom":"default","ocean_custom_footer_template":"0","footnotes":""},"class_list":["post-22","page","type-page","status-publish","has-post-thumbnail","hentry","entry","has-media"],"yoast_head":"<!-- This site is optimized with the Yoast SEO plugin v27.4 - https:\/\/yoast.com\/product\/yoast-seo-wordpress\/ -->\n<title>Services municipaux | Malijai.fr<\/title>\n<meta name=\"robots\" content=\"index, follow, max-snippet:-1, max-image-preview:large, max-video-preview:-1\" \/>\n<link rel=\"canonical\" href=\"https:\/\/malijai.fr\/index.php\/services-municipaux\/\" \/>\n<meta property=\"og:locale\" content=\"fr_FR\" \/>\n<meta property=\"og:type\" content=\"article\" \/>\n<meta property=\"og:title\" content=\"Services municipaux | Malijai.fr\" \/>\n<meta property=\"og:description\" content=\"SERVICES MUNICIPAUX La mairie horaires et contacts La mairie est ouverte\u00a0: Le matin du lundi au vendredi de 8h00 \u00e0 12h00L\u2019apr\u00e8s-midi du lundi au vendredi de 13h30 \u00e0 17h00. T\u00e9l\u00e9phone\u00a0: 04.92.34.01.12Mail : accueil@malijai.fr\" \/>\n<meta property=\"og:url\" content=\"https:\/\/malijai.fr\/index.php\/services-municipaux\/\" \/>\n<meta property=\"og:site_name\" content=\"Malijai.fr\" \/>\n<meta property=\"article:publisher\" content=\"https:\/\/www.facebook.com\/MairieDeMalijai\" \/>\n<meta property=\"article:modified_time\" content=\"2026-04-03T08:22:15+00:00\" \/>\n<meta property=\"og:image\" content=\"https:\/\/malijai.fr\/wp-content\/uploads\/2016\/03\/DSC03584-e1459417554491-768x1024.jpg\" \/>\n\t<meta property=\"og:image:width\" content=\"768\" \/>\n\t<meta property=\"og:image:height\" content=\"1024\" \/>\n\t<meta property=\"og:image:type\" content=\"image\/jpeg\" \/>\n<meta name=\"twitter:card\" content=\"summary_large_image\" \/>\n<meta name=\"twitter:label1\" content=\"Dur\u00e9e de lecture estim\u00e9e\" \/>\n\t<meta name=\"twitter:data1\" content=\"1 minute\" \/>\n<script type=\"application\/ld+json\" class=\"yoast-schema-graph\">{\"@context\":\"https:\\\/\\\/schema.org\",\"@graph\":[{\"@type\":\"WebPage\",\"@id\":\"https:\\\/\\\/malijai.fr\\\/index.php\\\/services-municipaux\\\/\",\"url\":\"https:\\\/\\\/malijai.fr\\\/index.php\\\/services-municipaux\\\/\",\"name\":\"Services municipaux | Malijai.fr\",\"isPartOf\":{\"@id\":\"https:\\\/\\\/malijai.fr\\\/#website\"},\"primaryImageOfPage\":{\"@id\":\"https:\\\/\\\/malijai.fr\\\/index.php\\\/services-municipaux\\\/#primaryimage\"},\"image\":{\"@id\":\"https:\\\/\\\/malijai.fr\\\/index.php\\\/services-municipaux\\\/#primaryimage\"},\"thumbnailUrl\":\"https:\\\/\\\/malijai.fr\\\/wp-content\\\/uploads\\\/2016\\\/03\\\/DSC03584-e1459417554491.jpg\",\"datePublished\":\"2016-01-22T10:20:19+00:00\",\"dateModified\":\"2026-04-03T08:22:15+00:00\",\"breadcrumb\":{\"@id\":\"https:\\\/\\\/malijai.fr\\\/index.php\\\/services-municipaux\\\/#breadcrumb\"},\"inLanguage\":\"fr-FR\",\"potentialAction\":[{\"@type\":\"ReadAction\",\"target\":[\"https:\\\/\\\/malijai.fr\\\/index.php\\\/services-municipaux\\\/\"]}]},{\"@type\":\"ImageObject\",\"inLanguage\":\"fr-FR\",\"@id\":\"https:\\\/\\\/malijai.fr\\\/index.php\\\/services-municipaux\\\/#primaryimage\",\"url\":\"https:\\\/\\\/malijai.fr\\\/wp-content\\\/uploads\\\/2016\\\/03\\\/DSC03584-e1459417554491.jpg\",\"contentUrl\":\"https:\\\/\\\/malijai.fr\\\/wp-content\\\/uploads\\\/2016\\\/03\\\/DSC03584-e1459417554491.jpg\",\"width\":3000,\"height\":4000},{\"@type\":\"BreadcrumbList\",\"@id\":\"https:\\\/\\\/malijai.fr\\\/index.php\\\/services-municipaux\\\/#breadcrumb\",\"itemListElement\":[{\"@type\":\"ListItem\",\"position\":1,\"name\":\"Accueil\",\"item\":\"https:\\\/\\\/malijai.fr\\\/\"},{\"@type\":\"ListItem\",\"position\":2,\"name\":\"Services municipaux\"}]},{\"@type\":\"WebSite\",\"@id\":\"https:\\\/\\\/malijai.fr\\\/#website\",\"url\":\"https:\\\/\\\/malijai.fr\\\/\",\"name\":\"Malijai.fr\",\"description\":\"Site internet de la commune de Malijai dans les Alpes de Haute-Provence\",\"publisher\":{\"@id\":\"https:\\\/\\\/malijai.fr\\\/#organization\"},\"potentialAction\":[{\"@type\":\"SearchAction\",\"target\":{\"@type\":\"EntryPoint\",\"urlTemplate\":\"https:\\\/\\\/malijai.fr\\\/?s={search_term_string}\"},\"query-input\":{\"@type\":\"PropertyValueSpecification\",\"valueRequired\":true,\"valueName\":\"search_term_string\"}}],\"inLanguage\":\"fr-FR\"},{\"@type\":\"Organization\",\"@id\":\"https:\\\/\\\/malijai.fr\\\/#organization\",\"name\":\"Malijai\",\"url\":\"https:\\\/\\\/malijai.fr\\\/\",\"logo\":{\"@type\":\"ImageObject\",\"inLanguage\":\"fr-FR\",\"@id\":\"https:\\\/\\\/malijai.fr\\\/#\\\/schema\\\/logo\\\/image\\\/\",\"url\":\"https:\\\/\\\/www.malijai.fr\\\/wp-content\\\/uploads\\\/2021\\\/11\\\/205467984_317221263388622_5064034598485676827_n.jpg\",\"contentUrl\":\"https:\\\/\\\/www.malijai.fr\\\/wp-content\\\/uploads\\\/2021\\\/11\\\/205467984_317221263388622_5064034598485676827_n.jpg\",\"width\":1697,\"height\":1080,\"caption\":\"Malijai\"},\"image\":{\"@id\":\"https:\\\/\\\/malijai.fr\\\/#\\\/schema\\\/logo\\\/image\\\/\"},\"sameAs\":[\"https:\\\/\\\/www.facebook.com\\\/MairieDeMalijai\"]}]}<\/script>\n<!-- \/ Yoast SEO plugin. -->","yoast_head_json":{"title":"Services municipaux | Malijai.fr","robots":{"index":"index","follow":"follow","max-snippet":"max-snippet:-1","max-image-preview":"max-image-preview:large","max-video-preview":"max-video-preview:-1"},"canonical":"https:\/\/malijai.fr\/index.php\/services-municipaux\/","og_locale":"fr_FR","og_type":"article","og_title":"Services municipaux | Malijai.fr","og_description":"SERVICES MUNICIPAUX La mairie horaires et contacts La mairie est ouverte\u00a0: Le matin du lundi au vendredi de 8h00 \u00e0 12h00L\u2019apr\u00e8s-midi du lundi au vendredi de 13h30 \u00e0 17h00. T\u00e9l\u00e9phone\u00a0: 04.92.34.01.12Mail : accueil@malijai.fr","og_url":"https:\/\/malijai.fr\/index.php\/services-municipaux\/","og_site_name":"Malijai.fr","article_publisher":"https:\/\/www.facebook.com\/MairieDeMalijai","article_modified_time":"2026-04-03T08:22:15+00:00","og_image":[{"width":768,"height":1024,"url":"https:\/\/malijai.fr\/wp-content\/uploads\/2016\/03\/DSC03584-e1459417554491-768x1024.jpg","type":"image\/jpeg"}],"twitter_card":"summary_large_image","twitter_misc":{"Dur\u00e9e de lecture estim\u00e9e":"1 minute"},"schema":{"@context":"https:\/\/schema.org","@graph":[{"@type":"WebPage","@id":"https:\/\/malijai.fr\/index.php\/services-municipaux\/","url":"https:\/\/malijai.fr\/index.php\/services-municipaux\/","name":"Services municipaux | Malijai.fr","isPartOf":{"@id":"https:\/\/malijai.fr\/#website"},"primaryImageOfPage":{"@id":"https:\/\/malijai.fr\/index.php\/services-municipaux\/#primaryimage"},"image":{"@id":"https:\/\/malijai.fr\/index.php\/services-municipaux\/#primaryimage"},"thumbnailUrl":"https:\/\/malijai.fr\/wp-content\/uploads\/2016\/03\/DSC03584-e1459417554491.jpg","datePublished":"2016-01-22T10:20:19+00:00","dateModified":"2026-04-03T08:22:15+00:00","breadcrumb":{"@id":"https:\/\/malijai.fr\/index.php\/services-municipaux\/#breadcrumb"},"inLanguage":"fr-FR","potentialAction":[{"@type":"ReadAction","target":["https:\/\/malijai.fr\/index.php\/services-municipaux\/"]}]},{"@type":"ImageObject","inLanguage":"fr-FR","@id":"https:\/\/malijai.fr\/index.php\/services-municipaux\/#primaryimage","url":"https:\/\/malijai.fr\/wp-content\/uploads\/2016\/03\/DSC03584-e1459417554491.jpg","contentUrl":"https:\/\/malijai.fr\/wp-content\/uploads\/2016\/03\/DSC03584-e1459417554491.jpg","width":3000,"height":4000},{"@type":"BreadcrumbList","@id":"https:\/\/malijai.fr\/index.php\/services-municipaux\/#breadcrumb","itemListElement":[{"@type":"ListItem","position":1,"name":"Accueil","item":"https:\/\/malijai.fr\/"},{"@type":"ListItem","position":2,"name":"Services municipaux"}]},{"@type":"WebSite","@id":"https:\/\/malijai.fr\/#website","url":"https:\/\/malijai.fr\/","name":"Malijai.fr","description":"Site internet de la commune de Malijai dans les Alpes de Haute-Provence","publisher":{"@id":"https:\/\/malijai.fr\/#organization"},"potentialAction":[{"@type":"SearchAction","target":{"@type":"EntryPoint","urlTemplate":"https:\/\/malijai.fr\/?s={search_term_string}"},"query-input":{"@type":"PropertyValueSpecification","valueRequired":true,"valueName":"search_term_string"}}],"inLanguage":"fr-FR"},{"@type":"Organization","@id":"https:\/\/malijai.fr\/#organization","name":"Malijai","url":"https:\/\/malijai.fr\/","logo":{"@type":"ImageObject","inLanguage":"fr-FR","@id":"https:\/\/malijai.fr\/#\/schema\/logo\/image\/","url":"https:\/\/www.malijai.fr\/wp-content\/uploads\/2021\/11\/205467984_317221263388622_5064034598485676827_n.jpg","contentUrl":"https:\/\/www.malijai.fr\/wp-content\/uploads\/2021\/11\/205467984_317221263388622_5064034598485676827_n.jpg","width":1697,"height":1080,"caption":"Malijai"},"image":{"@id":"https:\/\/malijai.fr\/#\/schema\/logo\/image\/"},"sameAs":["https:\/\/www.facebook.com\/MairieDeMalijai"]}]}},"_links":{"self":[{"href":"https:\/\/malijai.fr\/index.php\/wp-json\/wp\/v2\/pages\/22","targetHints":{"allow":["GET"]}}],"collection":[{"href":"https:\/\/malijai.fr\/index.php\/wp-json\/wp\/v2\/pages"}],"about":[{"href":"https:\/\/malijai.fr\/index.php\/wp-json\/wp\/v2\/types\/page"}],"author":[{"embeddable":true,"href":"https:\/\/malijai.fr\/index.php\/wp-json\/wp\/v2\/users\/4"}],"replies":[{"embeddable":true,"href":"https:\/\/malijai.fr\/index.php\/wp-json\/wp\/v2\/comments?post=22"}],"version-history":[{"count":186,"href":"https:\/\/malijai.fr\/index.php\/wp-json\/wp\/v2\/pages\/22\/revisions"}],"predecessor-version":[{"id":15726,"href":"https:\/\/malijai.fr\/index.php\/wp-json\/wp\/v2\/pages\/22\/revisions\/15726"}],"wp:featuredmedia":[{"embeddable":true,"href":"https:\/\/malijai.fr\/index.php\/wp-json\/wp\/v2\/media\/262"}],"wp:attachment":[{"href":"https:\/\/malijai.fr\/index.php\/wp-json\/wp\/v2\/media?parent=22"}],"curies":[{"name":"wp","href":"https:\/\/api.w.org\/{rel}","templated":true}]}}