{"id":68,"date":"2016-01-22T11:46:50","date_gmt":"2016-01-22T10:46:50","guid":{"rendered":"http:\/\/www.malijai.fr\/?page_id=68"},"modified":"2025-12-27T17:17:10","modified_gmt":"2025-12-27T16:17:10","slug":"la-petite-enfance","status":"publish","type":"page","link":"https:\/\/malijai.fr\/index.php\/la-petite-enfance\/","title":{"rendered":"La petite enfance"},"content":{"rendered":"\t\t<div data-elementor-type=\"wp-page\" data-elementor-id=\"68\" class=\"elementor elementor-68\">\n\t\t\t\t\t\t<section class=\"elementor-section elementor-top-section elementor-element elementor-element-5c7c2757 elementor-section-full_width elementor-section-stretched elementor-section-height-default elementor-section-height-default\" data-id=\"5c7c2757\" data-element_type=\"section\" data-e-type=\"section\" data-settings=\"{&quot;stretch_section&quot;:&quot;section-stretched&quot;,&quot;background_background&quot;:&quot;classic&quot;}\">\n\t\t\t\t\t\t\t<div class=\"elementor-background-overlay\"><\/div>\n\t\t\t\t\t\t\t<div class=\"elementor-container elementor-column-gap-default\">\n\t\t\t\t\t<div class=\"elementor-column elementor-col-100 elementor-top-column elementor-element elementor-element-3096cd76\" data-id=\"3096cd76\" data-element_type=\"column\" data-e-type=\"column\">\n\t\t\t<div class=\"elementor-widget-wrap elementor-element-populated\">\n\t\t\t\t\t\t<div class=\"elementor-element elementor-element-161cd9c8 elementor-invisible elementor-widget elementor-widget-heading\" data-id=\"161cd9c8\" data-element_type=\"widget\" data-e-type=\"widget\" data-settings=\"{&quot;_animation&quot;:&quot;pulse&quot;}\" data-widget_type=\"heading.default\">\n\t\t\t\t<div class=\"elementor-widget-container\">\n\t\t\t\t\t<h2 class=\"elementor-heading-title elementor-size-default\">La petite enfance<\/h2>\t\t\t\t<\/div>\n\t\t\t\t<\/div>\n\t\t\t\t\t<\/div>\n\t\t<\/div>\n\t\t\t\t\t<\/div>\n\t\t<\/section>\n\t\t\t\t<section class=\"elementor-section elementor-inner-section elementor-element elementor-element-5709daa9 elementor-section-boxed elementor-section-height-default elementor-section-height-default\" data-id=\"5709daa9\" data-element_type=\"section\" data-e-type=\"section\">\n\t\t\t\t\t\t<div class=\"elementor-container elementor-column-gap-default\">\n\t\t\t\t\t<div class=\"elementor-column elementor-col-100 elementor-inner-column elementor-element elementor-element-13bce423\" data-id=\"13bce423\" data-element_type=\"column\" data-e-type=\"column\" data-settings=\"{&quot;background_background&quot;:&quot;classic&quot;}\">\n\t\t\t<div class=\"elementor-widget-wrap elementor-element-populated\">\n\t\t\t\t\t\t<div class=\"elementor-element elementor-element-12cb2bed elementor-widget elementor-widget-heading\" data-id=\"12cb2bed\" data-element_type=\"widget\" data-e-type=\"widget\" data-widget_type=\"heading.default\">\n\t\t\t\t<div class=\"elementor-widget-container\">\n\t\t\t\t\t<h2 class=\"elementor-heading-title elementor-size-default\">Les Assistantes Maternelles<\/h2>\t\t\t\t<\/div>\n\t\t\t\t<\/div>\n\t\t\t\t\t<\/div>\n\t\t<\/div>\n\t\t\t\t\t<\/div>\n\t\t<\/section>\n\t\t\t\t<section class=\"elementor-section elementor-inner-section elementor-element elementor-element-1d742e51 elementor-section-boxed elementor-section-height-default elementor-section-height-default\" data-id=\"1d742e51\" data-element_type=\"section\" data-e-type=\"section\">\n\t\t\t\t\t\t<div class=\"elementor-container elementor-column-gap-default\">\n\t\t\t\t\t<div class=\"elementor-column elementor-col-100 elementor-inner-column elementor-element elementor-element-7de94cc9\" data-id=\"7de94cc9\" data-element_type=\"column\" data-e-type=\"column\" data-settings=\"{&quot;background_background&quot;:&quot;classic&quot;}\">\n\t\t\t<div class=\"elementor-widget-wrap elementor-element-populated\">\n\t\t\t\t\t\t<div class=\"elementor-element elementor-element-6d9576b3 elementor-widget elementor-widget-text-editor\" data-id=\"6d9576b3\" data-element_type=\"widget\" data-e-type=\"widget\" data-widget_type=\"text-editor.default\">\n\t\t\t\t<div class=\"elementor-widget-container\">\n\t\t\t\t\t\t\t\t\t<p style=\"text-align: center;\"><strong>Les assistantes maternelles sont des professionnelles de la petite enfance, pouvant accueillir \u00e0 leur domicile vos enfants. Elles sont obligatoirement agr\u00e9\u00e9es par le pr\u00e9sident du Conseil G\u00e9n\u00e9ral apr\u00e8s avis de la PMI (Protection Maternelle Infantile)<\/strong><\/p>\t\t\t\t\t\t\t\t<\/div>\n\t\t\t\t<\/div>\n\t\t\t\t\t<\/div>\n\t\t<\/div>\n\t\t\t\t\t<\/div>\n\t\t<\/section>\n\t\t\t\t<section class=\"elementor-section elementor-inner-section elementor-element elementor-element-a1be33c elementor-section-boxed elementor-section-height-default elementor-section-height-default\" data-id=\"a1be33c\" data-element_type=\"section\" data-e-type=\"section\">\n\t\t\t\t\t\t<div class=\"elementor-container elementor-column-gap-default\">\n\t\t\t\t\t<div class=\"elementor-column elementor-col-50 elementor-inner-column elementor-element elementor-element-4d390df\" data-id=\"4d390df\" data-element_type=\"column\" data-e-type=\"column\" data-settings=\"{&quot;background_background&quot;:&quot;classic&quot;}\">\n\t\t\t<div class=\"elementor-widget-wrap elementor-element-populated\">\n\t\t\t\t\t\t<div class=\"elementor-element elementor-element-dbd6f9b elementor-widget elementor-widget-image\" data-id=\"dbd6f9b\" data-element_type=\"widget\" data-e-type=\"widget\" data-widget_type=\"image.default\">\n\t\t\t\t<div class=\"elementor-widget-container\">\n\t\t\t\t\t\t\t\t\t\t\t\t\t\t\t<img fetchpriority=\"high\" decoding=\"async\" width=\"512\" height=\"184\" src=\"https:\/\/malijai.fr\/wp-content\/uploads\/2021\/11\/fruitdelapassion.png\" class=\"attachment-large size-large wp-image-5514\" alt=\"\" srcset=\"https:\/\/malijai.fr\/wp-content\/uploads\/2021\/11\/fruitdelapassion.png 512w, https:\/\/malijai.fr\/wp-content\/uploads\/2021\/11\/fruitdelapassion-300x108.png 300w\" sizes=\"(max-width: 512px) 100vw, 512px\" \/>\t\t\t\t\t\t\t\t\t\t\t\t\t\t\t<\/div>\n\t\t\t\t<\/div>\n\t\t\t\t<div class=\"elementor-element elementor-element-b0e5c8b elementor-widget elementor-widget-text-editor\" data-id=\"b0e5c8b\" data-element_type=\"widget\" data-e-type=\"widget\" data-widget_type=\"text-editor.default\">\n\t\t\t\t<div class=\"elementor-widget-container\">\n\t\t\t\t\t\t\t\t\t<p style=\"text-align: center;\"><strong>LE\u00a0 RAM ip<\/strong><\/p><p style=\"text-align: center;\"><strong>Contact : Rue Jean Moulin<br \/>04190 Les M\u00e9es<\/strong><\/p><p style=\"text-align: center;\"><strong>T\u00e9l 04 92 31 50 99\u00a0\u00a0\u00a0\u00a0\u00a0\u00a0 rampassion@orange.fr<\/strong><\/p>\t\t\t\t\t\t\t\t<\/div>\n\t\t\t\t<\/div>\n\t\t\t\t\t<\/div>\n\t\t<\/div>\n\t\t\t\t<div class=\"elementor-column elementor-col-50 elementor-inner-column elementor-element elementor-element-c613707\" data-id=\"c613707\" data-element_type=\"column\" data-e-type=\"column\" data-settings=\"{&quot;background_background&quot;:&quot;classic&quot;}\">\n\t\t\t<div class=\"elementor-widget-wrap elementor-element-populated\">\n\t\t\t\t\t\t<div class=\"elementor-element elementor-element-49df363 elementor-widget elementor-widget-text-editor\" data-id=\"49df363\" data-element_type=\"widget\" data-e-type=\"widget\" data-widget_type=\"text-editor.default\">\n\t\t\t\t<div class=\"elementor-widget-container\">\n\t\t\t\t\t\t\t\t\t<p style=\"text-align: center;\">Suite \u00e0 la signature de la Convention liant la commune de Malijai et l\u2019association Fruits de la passion, les ateliers d\u2019\u00e9veil du RAMip sur la commune de Malijai ont d\u00e9but\u00e9 au mois de mai 2015, avec une forte participation de parents, d\u2019assistantes maternelles et de jeunes enfants de Malijai et des communes environnantes. La salle Bergeroux permet d\u2019accueillir le public d\u2019une mani\u00e8re adapt\u00e9e aux besoins des jeunes enfants et des adultes qui les accompagnent. Le RAMip est pr\u00e9sent \u00e0 Malijai tous les premiers mardis du mois, sauf exception (jour f\u00e9ri\u00e9&#8230;).<\/p><p style=\"text-align: center;\">Les activit\u00e9s et jeux propos\u00e9s par les animatrices du RAM<sup>ip\u00a0<\/sup>sont vari\u00e9s et ont pour but de r\u00e9pondre aux besoins et aux rythmes des jeunes enfants\u00a0: motricit\u00e9, \u00e9veil musical, activit\u00e9s manuelles, \u00e9veil sensoriel.<\/p><p style=\"text-align: center;\">Deux animatrices du RAM<sup>IP<\/sup>\u00a0se d\u00e9placent en ateliers et peuvent ainsi r\u00e9pondre aux demandes d\u2019information, tant sur l\u2019emploi d\u2019une assistante maternelle par les parents ou de points pr\u00e9cis de la Convention Collective de la part des assistantes maternelles. Ceci afin de ne pas g\u00eaner le temps de jeux des enfants pris en charge par l\u2019autre animatrice.<\/p>\t\t\t\t\t\t\t\t<\/div>\n\t\t\t\t<\/div>\n\t\t\t\t\t<\/div>\n\t\t<\/div>\n\t\t\t\t\t<\/div>\n\t\t<\/section>\n\t\t\t\t<section class=\"elementor-section elementor-inner-section elementor-element elementor-element-6627a9d3 elementor-section-boxed elementor-section-height-default elementor-section-height-default\" data-id=\"6627a9d3\" data-element_type=\"section\" data-e-type=\"section\">\n\t\t\t\t\t\t<div class=\"elementor-container elementor-column-gap-default\">\n\t\t\t\t\t<div class=\"elementor-column elementor-col-50 elementor-inner-column elementor-element elementor-element-1d4cd8e2\" data-id=\"1d4cd8e2\" data-element_type=\"column\" data-e-type=\"column\" data-settings=\"{&quot;background_background&quot;:&quot;classic&quot;}\">\n\t\t\t<div class=\"elementor-widget-wrap elementor-element-populated\">\n\t\t\t\t\t\t<div class=\"elementor-element elementor-element-62973e6a elementor-widget elementor-widget-heading\" data-id=\"62973e6a\" data-element_type=\"widget\" data-e-type=\"widget\" data-widget_type=\"heading.default\">\n\t\t\t\t<div class=\"elementor-widget-container\">\n\t\t\t\t\t<h2 class=\"elementor-heading-title elementor-size-default\">Fichiers PDF<\/h2>\t\t\t\t<\/div>\n\t\t\t\t<\/div>\n\t\t\t\t<div class=\"elementor-element elementor-element-66d2a2b7 elementor-widget elementor-widget-text-editor\" data-id=\"66d2a2b7\" data-element_type=\"widget\" data-e-type=\"widget\" data-widget_type=\"text-editor.default\">\n\t\t\t\t<div class=\"elementor-widget-container\">\n\t\t\t\t\t\t\t\t\t<p style=\"text-align: center;\"><span style=\"color: #000000;\"><strong>Pr\u00e9sence sur Malijai \u00e0 la salle Bergeroux : 7 octobre et 2 d\u00e9cembre \/ \u00e0 DINOFOLIES : 4 novembre\u00a0<\/strong><\/span><\/p><p style=\"text-align: center;\"><span style=\"color: #000000;\"><strong><a style=\"color: #000000;\" href=\"https:\/\/malijai.fr\/wp-content\/uploads\/2024\/01\/ASS.MAT_.RPE_.pdf\" target=\"_blank\" rel=\"noopener\">Liste assistantes maternelles\u00a0<\/a><\/strong><\/span><\/p><p style=\"text-align: center;\"><a href=\"https:\/\/malijai.fr\/wp-content\/uploads\/2023\/01\/SKM_C45823012616350.pdf\" target=\"_blank\" rel=\"noopener\"><strong>Qu&rsquo;est ce que le RAM ip?<\/strong><\/a><\/p><p style=\"text-align: center;\"><em>En PJ, vous trouverez une feuille \u00e0 faire signer par les parents des enfants qui vous accompagneront en ateliers.<\/em><\/p>\t\t\t\t\t\t\t\t<\/div>\n\t\t\t\t<\/div>\n\t\t\t\t\t<\/div>\n\t\t<\/div>\n\t\t\t\t<div class=\"elementor-column elementor-col-50 elementor-inner-column elementor-element elementor-element-e1dcf26\" data-id=\"e1dcf26\" data-element_type=\"column\" data-e-type=\"column\" data-settings=\"{&quot;background_background&quot;:&quot;classic&quot;}\">\n\t\t\t<div class=\"elementor-widget-wrap elementor-element-populated\">\n\t\t\t\t\t\t<div class=\"elementor-element elementor-element-ac02226 elementor-widget elementor-widget-image\" data-id=\"ac02226\" data-element_type=\"widget\" data-e-type=\"widget\" data-widget_type=\"image.default\">\n\t\t\t\t<div class=\"elementor-widget-container\">\n\t\t\t\t\t\t\t\t\t\t\t\t\t\t\t\t<a href=\"https:\/\/www.malijai.fr\/wp-content\/uploads\/2016\/01\/SKM_C45820070213570-768x1086.jpg\">\n\t\t\t\t\t\t\t<img decoding=\"async\" width=\"724\" height=\"1024\" src=\"https:\/\/malijai.fr\/wp-content\/uploads\/2016\/01\/SKM_C45820070213570-724x1024.jpg\" class=\"attachment-large size-large wp-image-3716\" alt=\"\" srcset=\"https:\/\/malijai.fr\/wp-content\/uploads\/2016\/01\/SKM_C45820070213570-724x1024.jpg 724w, https:\/\/malijai.fr\/wp-content\/uploads\/2016\/01\/SKM_C45820070213570-212x300.jpg 212w, https:\/\/malijai.fr\/wp-content\/uploads\/2016\/01\/SKM_C45820070213570-768x1086.jpg 768w, https:\/\/malijai.fr\/wp-content\/uploads\/2016\/01\/SKM_C45820070213570-71x100.jpg 71w\" sizes=\"(max-width: 724px) 100vw, 724px\" \/>\t\t\t\t\t\t\t\t<\/a>\n\t\t\t\t\t\t\t\t\t\t\t\t\t\t\t<\/div>\n\t\t\t\t<\/div>\n\t\t\t\t\t<\/div>\n\t\t<\/div>\n\t\t\t\t\t<\/div>\n\t\t<\/section>\n\t\t\t\t<\/div>\n\t\t","protected":false},"excerpt":{"rendered":"<p>La petite enfance Les Assistantes Maternelles Les assistantes maternelles sont des professionnelles de la petite enfance, pouvant accueillir \u00e0 leur domicile vos enfants. Elles sont obligatoirement agr\u00e9\u00e9es par le pr\u00e9sident du Conseil G\u00e9n\u00e9ral apr\u00e8s avis de la PMI (Protection Maternelle Infantile) LE\u00a0 RAM ip Contact : Rue Jean Moulin04190 Les M\u00e9es T\u00e9l 04 92 31 [&hellip;]<\/p>\n","protected":false},"author":4,"featured_media":386,"parent":0,"menu_order":4,"comment_status":"closed","ping_status":"closed","template":"","meta":{"ngg_post_thumbnail":0,"ocean_post_layout":"","ocean_both_sidebars_style":"","ocean_both_sidebars_content_width":0,"ocean_both_sidebars_sidebars_width":0,"ocean_sidebar":"0","ocean_second_sidebar":"0","ocean_disable_margins":"enable","ocean_add_body_class":"","ocean_shortcode_before_top_bar":"","ocean_shortcode_after_top_bar":"","ocean_shortcode_before_header":"","ocean_shortcode_after_header":"","ocean_has_shortcode":"","ocean_shortcode_after_title":"","ocean_shortcode_before_footer_widgets":"","ocean_shortcode_after_footer_widgets":"","ocean_shortcode_before_footer_bottom":"","ocean_shortcode_after_footer_bottom":"","ocean_display_top_bar":"default","ocean_display_header":"default","ocean_header_style":"","ocean_center_header_left_menu":"0","ocean_custom_header_template":"0","ocean_custom_logo":0,"ocean_custom_retina_logo":0,"ocean_custom_logo_max_width":0,"ocean_custom_logo_tablet_max_width":0,"ocean_custom_logo_mobile_max_width":0,"ocean_custom_logo_max_height":0,"ocean_custom_logo_tablet_max_height":0,"ocean_custom_logo_mobile_max_height":0,"ocean_header_custom_menu":"0","ocean_menu_typo_font_family":"0","ocean_menu_typo_font_subset":"","ocean_menu_typo_font_size":0,"ocean_menu_typo_font_size_tablet":0,"ocean_menu_typo_font_size_mobile":0,"ocean_menu_typo_font_size_unit":"px","ocean_menu_typo_font_weight":"","ocean_menu_typo_font_weight_tablet":"","ocean_menu_typo_font_weight_mobile":"","ocean_menu_typo_transform":"","ocean_menu_typo_transform_tablet":"","ocean_menu_typo_transform_mobile":"","ocean_menu_typo_line_height":0,"ocean_menu_typo_line_height_tablet":0,"ocean_menu_typo_line_height_mobile":0,"ocean_menu_typo_line_height_unit":"","ocean_menu_typo_spacing":0,"ocean_menu_typo_spacing_tablet":0,"ocean_menu_typo_spacing_mobile":0,"ocean_menu_typo_spacing_unit":"","ocean_menu_link_color":"","ocean_menu_link_color_hover":"","ocean_menu_link_color_active":"","ocean_menu_link_background":"","ocean_menu_link_hover_background":"","ocean_menu_link_active_background":"","ocean_menu_social_links_bg":"","ocean_menu_social_hover_links_bg":"","ocean_menu_social_links_color":"","ocean_menu_social_hover_links_color":"","ocean_disable_title":"default","ocean_disable_heading":"default","ocean_post_title":"","ocean_post_subheading":"","ocean_post_title_style":"","ocean_post_title_background_color":"","ocean_post_title_background":0,"ocean_post_title_bg_image_position":"","ocean_post_title_bg_image_attachment":"","ocean_post_title_bg_image_repeat":"","ocean_post_title_bg_image_size":"","ocean_post_title_height":0,"ocean_post_title_bg_overlay":0.5,"ocean_post_title_bg_overlay_color":"","ocean_disable_breadcrumbs":"default","ocean_breadcrumbs_color":"","ocean_breadcrumbs_separator_color":"","ocean_breadcrumbs_links_color":"","ocean_breadcrumbs_links_hover_color":"","ocean_display_footer_widgets":"default","ocean_display_footer_bottom":"default","ocean_custom_footer_template":"0","footnotes":""},"class_list":["post-68","page","type-page","status-publish","has-post-thumbnail","hentry","entry","has-media"],"yoast_head":"<!-- This site is optimized with the Yoast SEO plugin v27.4 - https:\/\/yoast.com\/product\/yoast-seo-wordpress\/ -->\n<title>La petite enfance | Malijai.fr<\/title>\n<meta name=\"robots\" content=\"index, follow, max-snippet:-1, max-image-preview:large, max-video-preview:-1\" \/>\n<link rel=\"canonical\" href=\"https:\/\/malijai.fr\/index.php\/la-petite-enfance\/\" \/>\n<meta property=\"og:locale\" content=\"fr_FR\" \/>\n<meta property=\"og:type\" content=\"article\" \/>\n<meta property=\"og:title\" content=\"La petite enfance | Malijai.fr\" \/>\n<meta property=\"og:description\" content=\"La petite enfance Les Assistantes Maternelles Les assistantes maternelles sont des professionnelles de la petite enfance, pouvant accueillir \u00e0 leur domicile vos enfants. Elles sont obligatoirement agr\u00e9\u00e9es par le pr\u00e9sident du Conseil G\u00e9n\u00e9ral apr\u00e8s avis de la PMI (Protection Maternelle Infantile) LE\u00a0 RAM ip Contact : Rue Jean Moulin04190 Les M\u00e9es T\u00e9l 04 92 31 [&hellip;]\" \/>\n<meta property=\"og:url\" content=\"https:\/\/malijai.fr\/index.php\/la-petite-enfance\/\" \/>\n<meta property=\"og:site_name\" content=\"Malijai.fr\" \/>\n<meta property=\"article:publisher\" content=\"https:\/\/www.facebook.com\/MairieDeMalijai\" \/>\n<meta property=\"article:modified_time\" content=\"2025-12-27T16:17:10+00:00\" \/>\n<meta property=\"og:image\" content=\"https:\/\/malijai.fr\/wp-content\/uploads\/2016\/03\/DSC03749-1024x768.jpg\" \/>\n\t<meta property=\"og:image:width\" content=\"1024\" \/>\n\t<meta property=\"og:image:height\" content=\"768\" \/>\n\t<meta property=\"og:image:type\" content=\"image\/jpeg\" \/>\n<meta name=\"twitter:card\" content=\"summary_large_image\" \/>\n<meta name=\"twitter:label1\" content=\"Dur\u00e9e de lecture estim\u00e9e\" \/>\n\t<meta name=\"twitter:data1\" content=\"2 minutes\" \/>\n<script type=\"application\/ld+json\" class=\"yoast-schema-graph\">{\"@context\":\"https:\\\/\\\/schema.org\",\"@graph\":[{\"@type\":\"WebPage\",\"@id\":\"https:\\\/\\\/malijai.fr\\\/index.php\\\/la-petite-enfance\\\/\",\"url\":\"https:\\\/\\\/malijai.fr\\\/index.php\\\/la-petite-enfance\\\/\",\"name\":\"La petite enfance | Malijai.fr\",\"isPartOf\":{\"@id\":\"https:\\\/\\\/malijai.fr\\\/#website\"},\"primaryImageOfPage\":{\"@id\":\"https:\\\/\\\/malijai.fr\\\/index.php\\\/la-petite-enfance\\\/#primaryimage\"},\"image\":{\"@id\":\"https:\\\/\\\/malijai.fr\\\/index.php\\\/la-petite-enfance\\\/#primaryimage\"},\"thumbnailUrl\":\"https:\\\/\\\/malijai.fr\\\/wp-content\\\/uploads\\\/2016\\\/03\\\/DSC03749.jpg\",\"datePublished\":\"2016-01-22T10:46:50+00:00\",\"dateModified\":\"2025-12-27T16:17:10+00:00\",\"breadcrumb\":{\"@id\":\"https:\\\/\\\/malijai.fr\\\/index.php\\\/la-petite-enfance\\\/#breadcrumb\"},\"inLanguage\":\"fr-FR\",\"potentialAction\":[{\"@type\":\"ReadAction\",\"target\":[\"https:\\\/\\\/malijai.fr\\\/index.php\\\/la-petite-enfance\\\/\"]}]},{\"@type\":\"ImageObject\",\"inLanguage\":\"fr-FR\",\"@id\":\"https:\\\/\\\/malijai.fr\\\/index.php\\\/la-petite-enfance\\\/#primaryimage\",\"url\":\"https:\\\/\\\/malijai.fr\\\/wp-content\\\/uploads\\\/2016\\\/03\\\/DSC03749.jpg\",\"contentUrl\":\"https:\\\/\\\/malijai.fr\\\/wp-content\\\/uploads\\\/2016\\\/03\\\/DSC03749.jpg\",\"width\":4000,\"height\":3000},{\"@type\":\"BreadcrumbList\",\"@id\":\"https:\\\/\\\/malijai.fr\\\/index.php\\\/la-petite-enfance\\\/#breadcrumb\",\"itemListElement\":[{\"@type\":\"ListItem\",\"position\":1,\"name\":\"Accueil\",\"item\":\"https:\\\/\\\/malijai.fr\\\/\"},{\"@type\":\"ListItem\",\"position\":2,\"name\":\"La petite enfance\"}]},{\"@type\":\"WebSite\",\"@id\":\"https:\\\/\\\/malijai.fr\\\/#website\",\"url\":\"https:\\\/\\\/malijai.fr\\\/\",\"name\":\"Malijai.fr\",\"description\":\"Site internet de la commune de Malijai dans les Alpes de Haute-Provence\",\"publisher\":{\"@id\":\"https:\\\/\\\/malijai.fr\\\/#organization\"},\"potentialAction\":[{\"@type\":\"SearchAction\",\"target\":{\"@type\":\"EntryPoint\",\"urlTemplate\":\"https:\\\/\\\/malijai.fr\\\/?s={search_term_string}\"},\"query-input\":{\"@type\":\"PropertyValueSpecification\",\"valueRequired\":true,\"valueName\":\"search_term_string\"}}],\"inLanguage\":\"fr-FR\"},{\"@type\":\"Organization\",\"@id\":\"https:\\\/\\\/malijai.fr\\\/#organization\",\"name\":\"Malijai\",\"url\":\"https:\\\/\\\/malijai.fr\\\/\",\"logo\":{\"@type\":\"ImageObject\",\"inLanguage\":\"fr-FR\",\"@id\":\"https:\\\/\\\/malijai.fr\\\/#\\\/schema\\\/logo\\\/image\\\/\",\"url\":\"https:\\\/\\\/www.malijai.fr\\\/wp-content\\\/uploads\\\/2021\\\/11\\\/205467984_317221263388622_5064034598485676827_n.jpg\",\"contentUrl\":\"https:\\\/\\\/www.malijai.fr\\\/wp-content\\\/uploads\\\/2021\\\/11\\\/205467984_317221263388622_5064034598485676827_n.jpg\",\"width\":1697,\"height\":1080,\"caption\":\"Malijai\"},\"image\":{\"@id\":\"https:\\\/\\\/malijai.fr\\\/#\\\/schema\\\/logo\\\/image\\\/\"},\"sameAs\":[\"https:\\\/\\\/www.facebook.com\\\/MairieDeMalijai\"]}]}<\/script>\n<!-- \/ Yoast SEO plugin. -->","yoast_head_json":{"title":"La petite enfance | Malijai.fr","robots":{"index":"index","follow":"follow","max-snippet":"max-snippet:-1","max-image-preview":"max-image-preview:large","max-video-preview":"max-video-preview:-1"},"canonical":"https:\/\/malijai.fr\/index.php\/la-petite-enfance\/","og_locale":"fr_FR","og_type":"article","og_title":"La petite enfance | Malijai.fr","og_description":"La petite enfance Les Assistantes Maternelles Les assistantes maternelles sont des professionnelles de la petite enfance, pouvant accueillir \u00e0 leur domicile vos enfants. Elles sont obligatoirement agr\u00e9\u00e9es par le pr\u00e9sident du Conseil G\u00e9n\u00e9ral apr\u00e8s avis de la PMI (Protection Maternelle Infantile) LE\u00a0 RAM ip Contact : Rue Jean Moulin04190 Les M\u00e9es T\u00e9l 04 92 31 [&hellip;]","og_url":"https:\/\/malijai.fr\/index.php\/la-petite-enfance\/","og_site_name":"Malijai.fr","article_publisher":"https:\/\/www.facebook.com\/MairieDeMalijai","article_modified_time":"2025-12-27T16:17:10+00:00","og_image":[{"width":1024,"height":768,"url":"https:\/\/malijai.fr\/wp-content\/uploads\/2016\/03\/DSC03749-1024x768.jpg","type":"image\/jpeg"}],"twitter_card":"summary_large_image","twitter_misc":{"Dur\u00e9e de lecture estim\u00e9e":"2 minutes"},"schema":{"@context":"https:\/\/schema.org","@graph":[{"@type":"WebPage","@id":"https:\/\/malijai.fr\/index.php\/la-petite-enfance\/","url":"https:\/\/malijai.fr\/index.php\/la-petite-enfance\/","name":"La petite enfance | Malijai.fr","isPartOf":{"@id":"https:\/\/malijai.fr\/#website"},"primaryImageOfPage":{"@id":"https:\/\/malijai.fr\/index.php\/la-petite-enfance\/#primaryimage"},"image":{"@id":"https:\/\/malijai.fr\/index.php\/la-petite-enfance\/#primaryimage"},"thumbnailUrl":"https:\/\/malijai.fr\/wp-content\/uploads\/2016\/03\/DSC03749.jpg","datePublished":"2016-01-22T10:46:50+00:00","dateModified":"2025-12-27T16:17:10+00:00","breadcrumb":{"@id":"https:\/\/malijai.fr\/index.php\/la-petite-enfance\/#breadcrumb"},"inLanguage":"fr-FR","potentialAction":[{"@type":"ReadAction","target":["https:\/\/malijai.fr\/index.php\/la-petite-enfance\/"]}]},{"@type":"ImageObject","inLanguage":"fr-FR","@id":"https:\/\/malijai.fr\/index.php\/la-petite-enfance\/#primaryimage","url":"https:\/\/malijai.fr\/wp-content\/uploads\/2016\/03\/DSC03749.jpg","contentUrl":"https:\/\/malijai.fr\/wp-content\/uploads\/2016\/03\/DSC03749.jpg","width":4000,"height":3000},{"@type":"BreadcrumbList","@id":"https:\/\/malijai.fr\/index.php\/la-petite-enfance\/#breadcrumb","itemListElement":[{"@type":"ListItem","position":1,"name":"Accueil","item":"https:\/\/malijai.fr\/"},{"@type":"ListItem","position":2,"name":"La petite enfance"}]},{"@type":"WebSite","@id":"https:\/\/malijai.fr\/#website","url":"https:\/\/malijai.fr\/","name":"Malijai.fr","description":"Site internet de la commune de Malijai dans les Alpes de Haute-Provence","publisher":{"@id":"https:\/\/malijai.fr\/#organization"},"potentialAction":[{"@type":"SearchAction","target":{"@type":"EntryPoint","urlTemplate":"https:\/\/malijai.fr\/?s={search_term_string}"},"query-input":{"@type":"PropertyValueSpecification","valueRequired":true,"valueName":"search_term_string"}}],"inLanguage":"fr-FR"},{"@type":"Organization","@id":"https:\/\/malijai.fr\/#organization","name":"Malijai","url":"https:\/\/malijai.fr\/","logo":{"@type":"ImageObject","inLanguage":"fr-FR","@id":"https:\/\/malijai.fr\/#\/schema\/logo\/image\/","url":"https:\/\/www.malijai.fr\/wp-content\/uploads\/2021\/11\/205467984_317221263388622_5064034598485676827_n.jpg","contentUrl":"https:\/\/www.malijai.fr\/wp-content\/uploads\/2021\/11\/205467984_317221263388622_5064034598485676827_n.jpg","width":1697,"height":1080,"caption":"Malijai"},"image":{"@id":"https:\/\/malijai.fr\/#\/schema\/logo\/image\/"},"sameAs":["https:\/\/www.facebook.com\/MairieDeMalijai"]}]}},"_links":{"self":[{"href":"https:\/\/malijai.fr\/index.php\/wp-json\/wp\/v2\/pages\/68","targetHints":{"allow":["GET"]}}],"collection":[{"href":"https:\/\/malijai.fr\/index.php\/wp-json\/wp\/v2\/pages"}],"about":[{"href":"https:\/\/malijai.fr\/index.php\/wp-json\/wp\/v2\/types\/page"}],"author":[{"embeddable":true,"href":"https:\/\/malijai.fr\/index.php\/wp-json\/wp\/v2\/users\/4"}],"replies":[{"embeddable":true,"href":"https:\/\/malijai.fr\/index.php\/wp-json\/wp\/v2\/comments?post=68"}],"version-history":[{"count":169,"href":"https:\/\/malijai.fr\/index.php\/wp-json\/wp\/v2\/pages\/68\/revisions"}],"predecessor-version":[{"id":15439,"href":"https:\/\/malijai.fr\/index.php\/wp-json\/wp\/v2\/pages\/68\/revisions\/15439"}],"wp:featuredmedia":[{"embeddable":true,"href":"https:\/\/malijai.fr\/index.php\/wp-json\/wp\/v2\/media\/386"}],"wp:attachment":[{"href":"https:\/\/malijai.fr\/index.php\/wp-json\/wp\/v2\/media?parent=68"}],"curies":[{"name":"wp","href":"https:\/\/api.w.org\/{rel}","templated":true}]}}