{"id":765,"date":"2016-05-23T22:08:53","date_gmt":"2016-05-23T21:08:53","guid":{"rendered":"http:\/\/www.malijai.fr\/?page_id=765"},"modified":"2023-09-26T08:27:49","modified_gmt":"2023-09-26T07:27:49","slug":"cartes-grises-et-permis-de-conduire","status":"publish","type":"page","link":"https:\/\/malijai.fr\/index.php\/cartes-grises-et-permis-de-conduire\/","title":{"rendered":"Cartes grises et permis de conduire"},"content":{"rendered":"\t\t<div data-elementor-type=\"wp-page\" data-elementor-id=\"765\" class=\"elementor elementor-765\">\n\t\t\t\t\t\t<section class=\"elementor-section elementor-top-section elementor-element elementor-element-bcd5341 elementor-section-full_width elementor-section-stretched elementor-section-height-default elementor-section-height-default\" data-id=\"bcd5341\" data-element_type=\"section\" data-e-type=\"section\" data-settings=\"{&quot;stretch_section&quot;:&quot;section-stretched&quot;,&quot;background_background&quot;:&quot;classic&quot;}\">\n\t\t\t\t\t\t\t<div class=\"elementor-background-overlay\"><\/div>\n\t\t\t\t\t\t\t<div class=\"elementor-container elementor-column-gap-default\">\n\t\t\t\t\t<div class=\"elementor-column elementor-col-100 elementor-top-column elementor-element elementor-element-69c4d4\" data-id=\"69c4d4\" data-element_type=\"column\" data-e-type=\"column\">\n\t\t\t<div class=\"elementor-widget-wrap elementor-element-populated\">\n\t\t\t\t\t\t<div class=\"elementor-element elementor-element-3229b728 elementor-invisible elementor-widget elementor-widget-heading\" data-id=\"3229b728\" data-element_type=\"widget\" data-e-type=\"widget\" data-settings=\"{&quot;_animation&quot;:&quot;pulse&quot;}\" data-widget_type=\"heading.default\">\n\t\t\t\t<div class=\"elementor-widget-container\">\n\t\t\t\t\t<h2 class=\"elementor-heading-title elementor-size-default\">Cartes grises et permis de conduire<\/h2>\t\t\t\t<\/div>\n\t\t\t\t<\/div>\n\t\t\t\t\t<\/div>\n\t\t<\/div>\n\t\t\t\t\t<\/div>\n\t\t<\/section>\n\t\t\t\t<section class=\"elementor-section elementor-inner-section elementor-element elementor-element-29cc4768 elementor-section-boxed elementor-section-height-default elementor-section-height-default\" data-id=\"29cc4768\" data-element_type=\"section\" data-e-type=\"section\">\n\t\t\t\t\t\t<div class=\"elementor-container elementor-column-gap-default\">\n\t\t\t\t\t<div class=\"elementor-column elementor-col-100 elementor-inner-column elementor-element elementor-element-311e8f3c\" data-id=\"311e8f3c\" data-element_type=\"column\" data-e-type=\"column\" data-settings=\"{&quot;background_background&quot;:&quot;classic&quot;}\">\n\t\t\t<div class=\"elementor-widget-wrap elementor-element-populated\">\n\t\t\t\t\t\t<div class=\"elementor-element elementor-element-3db45c59 elementor-widget elementor-widget-heading\" data-id=\"3db45c59\" data-element_type=\"widget\" data-e-type=\"widget\" data-widget_type=\"heading.default\">\n\t\t\t\t<div class=\"elementor-widget-container\">\n\t\t\t\t\t<h2 class=\"elementor-heading-title elementor-size-default\">Demande de carte grise<\/h2>\t\t\t\t<\/div>\n\t\t\t\t<\/div>\n\t\t\t\t\t<\/div>\n\t\t<\/div>\n\t\t\t\t\t<\/div>\n\t\t<\/section>\n\t\t\t\t<section class=\"elementor-section elementor-inner-section elementor-element elementor-element-73d80dd elementor-section-boxed elementor-section-height-default elementor-section-height-default\" data-id=\"73d80dd\" data-element_type=\"section\" data-e-type=\"section\">\n\t\t\t\t\t\t<div class=\"elementor-container elementor-column-gap-default\">\n\t\t\t\t\t<div class=\"elementor-column elementor-col-50 elementor-inner-column elementor-element elementor-element-27ce50a2\" data-id=\"27ce50a2\" data-element_type=\"column\" data-e-type=\"column\" data-settings=\"{&quot;background_background&quot;:&quot;classic&quot;}\">\n\t\t\t<div class=\"elementor-widget-wrap elementor-element-populated\">\n\t\t\t\t\t\t<div class=\"elementor-element elementor-element-1722dd09 elementor-widget elementor-widget-text-editor\" data-id=\"1722dd09\" data-element_type=\"widget\" data-e-type=\"widget\" data-widget_type=\"text-editor.default\">\n\t\t\t\t<div class=\"elementor-widget-container\">\n\t\t\t\t\t\t\t\t\t<p>Depuis 2017, les cartes grises s\u2019effectuent seulement sur le site officiel du gouvernement :\u00a0<a href=\"https:\/\/immatriculation.ants.gouv.fr\/\">https:\/\/immatriculation.ants.gouv.fr\/<\/a><\/p><p>Attention : Des sites internet frauduleux copient l\u2019apparence du site officiel et font ainsi payer les d\u00e9marches pour l\u2019obtention du certificat d\u2019immatriculation. Informez-vous sur le vrai prix de la carte grise et les diff\u00e9rentes actions malveillantes via les\u00a0<a href=\"https:\/\/www.courroie-distribution.fr\/blog\/combien-coute-une-carte-grise\/\">d\u00e9marches carte grise<\/a>.<\/p><p>Si vous avez besoin d\u2019une aide ext\u00e9rieure dans vos d\u00e9marches, vous avez la possibilit\u00e9 de vous tourner vers un garage automobile agr\u00e9\u00e9 :\u00a0<a href=\"https:\/\/www.vroomly.com\/garage-malijai\/\">garage \u00e0 Malijai\u00a0<\/a>.<\/p><p>Pour les \u00e9tapes concernant les d\u00e9marches du certificat d\u2019immatriculation, veuillez vous informer aupr\u00e8s du\u00a0<a href=\"https:\/\/www.vroomly.com\/blog\/perte-de-carte-grise-tout-ce-que-vous-devez-savoir\/\">guide explicatif<\/a>.<\/p>\t\t\t\t\t\t\t\t<\/div>\n\t\t\t\t<\/div>\n\t\t\t\t<div class=\"elementor-element elementor-element-e2878b3 elementor-widget elementor-widget-text-editor\" data-id=\"e2878b3\" data-element_type=\"widget\" data-e-type=\"widget\" data-widget_type=\"text-editor.default\">\n\t\t\t\t<div class=\"elementor-widget-container\">\n\t\t\t\t\t\t\t\t\t<p>Faites votre d\u00e9marche de carte grise en ligne et gagnez du temps pr\u00e9cieux. Plus besoin de vous rendre \u00e0 la pr\u00e9fecture ou \u00e0 la sous-pr\u00e9fecture, car tout peut maintenant \u00eatre fait depuis chez vous via l&rsquo;ANTS, ou sur le site <a href=\"https:\/\/www.portail-cartegrise.fr\/\">Portail Carte Grise<\/a>. Gr\u00e2ce \u00e0 ce service pratique, vous pouvez facilement renouveler, modifier ou obtenir une nouvelle carte grise sans tracas. Remplissez simplement le formulaire en ligne, t\u00e9l\u00e9chargez les documents n\u00e9cessaires, payez en toute s\u00e9curit\u00e9 et recevez votre nouvelle carte grise directement \u00e0 votre domicile. Simplifiez vos d\u00e9marches administratives et profitez de cette solution moderne et efficace d\u00e8s maintenant !<\/p><p>En savoir plus sur <a href=\"https:\/\/ants.gouv.fr\/\">https:\/\/ants.gouv.fr\/<\/a><\/p>\t\t\t\t\t\t\t\t<\/div>\n\t\t\t\t<\/div>\n\t\t\t\t\t<\/div>\n\t\t<\/div>\n\t\t\t\t<div class=\"elementor-column elementor-col-50 elementor-inner-column elementor-element elementor-element-2dfc803 elementor-hidden-tablet elementor-hidden-mobile\" data-id=\"2dfc803\" data-element_type=\"column\" data-e-type=\"column\" data-settings=\"{&quot;background_background&quot;:&quot;classic&quot;}\">\n\t\t\t<div class=\"elementor-widget-wrap elementor-element-populated\">\n\t\t\t\t\t\t<div class=\"elementor-element elementor-element-538be9b elementor-widget elementor-widget-image\" data-id=\"538be9b\" data-element_type=\"widget\" data-e-type=\"widget\" data-widget_type=\"image.default\">\n\t\t\t\t<div class=\"elementor-widget-container\">\n\t\t\t\t\t\t\t\t\t\t\t\t\t\t\t<img fetchpriority=\"high\" decoding=\"async\" width=\"603\" height=\"319\" src=\"https:\/\/malijai.fr\/wp-content\/uploads\/2021\/11\/cartegrise.png\" class=\"attachment-large size-large wp-image-8197\" alt=\"\" srcset=\"https:\/\/malijai.fr\/wp-content\/uploads\/2021\/11\/cartegrise.png 603w, https:\/\/malijai.fr\/wp-content\/uploads\/2021\/11\/cartegrise-300x159.png 300w\" sizes=\"(max-width: 603px) 100vw, 603px\" \/>\t\t\t\t\t\t\t\t\t\t\t\t\t\t\t<\/div>\n\t\t\t\t<\/div>\n\t\t\t\t\t<\/div>\n\t\t<\/div>\n\t\t\t\t\t<\/div>\n\t\t<\/section>\n\t\t\t\t<section class=\"elementor-section elementor-inner-section elementor-element elementor-element-e2b5e8e elementor-section-boxed elementor-section-height-default elementor-section-height-default\" data-id=\"e2b5e8e\" data-element_type=\"section\" data-e-type=\"section\">\n\t\t\t\t\t\t<div class=\"elementor-container elementor-column-gap-default\">\n\t\t\t\t\t<div class=\"elementor-column elementor-col-100 elementor-inner-column elementor-element elementor-element-0cbd7fc\" data-id=\"0cbd7fc\" data-element_type=\"column\" data-e-type=\"column\" data-settings=\"{&quot;background_background&quot;:&quot;classic&quot;}\">\n\t\t\t<div class=\"elementor-widget-wrap elementor-element-populated\">\n\t\t\t\t\t\t<div class=\"elementor-element elementor-element-1df831e elementor-widget elementor-widget-heading\" data-id=\"1df831e\" data-element_type=\"widget\" data-e-type=\"widget\" data-widget_type=\"heading.default\">\n\t\t\t\t<div class=\"elementor-widget-container\">\n\t\t\t\t\t<h2 class=\"elementor-heading-title elementor-size-default\">demande de permis de conduire<\/h2>\t\t\t\t<\/div>\n\t\t\t\t<\/div>\n\t\t\t\t\t<\/div>\n\t\t<\/div>\n\t\t\t\t\t<\/div>\n\t\t<\/section>\n\t\t\t\t<section class=\"elementor-section elementor-inner-section elementor-element elementor-element-1991e12 elementor-section-boxed elementor-section-height-default elementor-section-height-default\" data-id=\"1991e12\" data-element_type=\"section\" data-e-type=\"section\">\n\t\t\t\t\t\t<div class=\"elementor-container elementor-column-gap-default\">\n\t\t\t\t\t<div class=\"elementor-column elementor-col-50 elementor-inner-column elementor-element elementor-element-5cae1da\" data-id=\"5cae1da\" data-element_type=\"column\" data-e-type=\"column\" data-settings=\"{&quot;background_background&quot;:&quot;classic&quot;}\">\n\t\t\t<div class=\"elementor-widget-wrap elementor-element-populated\">\n\t\t\t\t\t\t<div class=\"elementor-element elementor-element-500363e elementor-widget elementor-widget-text-editor\" data-id=\"500363e\" data-element_type=\"widget\" data-e-type=\"widget\" data-widget_type=\"text-editor.default\">\n\t\t\t\t<div class=\"elementor-widget-container\">\n\t\t\t\t\t\t\t\t\t<p>Toutes des d\u00e9marches concernant les permis de conduire s\u2019effectuent sur le site officiel du gouvernement:<\/p><p><a href=\"https:\/\/permisdeconduire.ants.gouv.fr\/\">https:\/\/permisdeconduire.ants.gouv.fr<\/a>.<\/p>\t\t\t\t\t\t\t\t<\/div>\n\t\t\t\t<\/div>\n\t\t\t\t\t<\/div>\n\t\t<\/div>\n\t\t\t\t<div class=\"elementor-column elementor-col-50 elementor-inner-column elementor-element elementor-element-fec33e1 elementor-hidden-tablet elementor-hidden-mobile\" data-id=\"fec33e1\" data-element_type=\"column\" data-e-type=\"column\" data-settings=\"{&quot;background_background&quot;:&quot;classic&quot;}\">\n\t\t\t<div class=\"elementor-widget-wrap elementor-element-populated\">\n\t\t\t\t\t\t<div class=\"elementor-element elementor-element-bd9529a elementor-widget elementor-widget-image\" data-id=\"bd9529a\" data-element_type=\"widget\" data-e-type=\"widget\" data-widget_type=\"image.default\">\n\t\t\t\t<div class=\"elementor-widget-container\">\n\t\t\t\t\t\t\t\t\t\t\t\t\t\t\t<img decoding=\"async\" width=\"1024\" height=\"640\" src=\"https:\/\/malijai.fr\/wp-content\/uploads\/2021\/11\/Permis_de_conduire_malijai-1024x640.jpg\" class=\"attachment-large size-large wp-image-8201\" alt=\"\" srcset=\"https:\/\/malijai.fr\/wp-content\/uploads\/2021\/11\/Permis_de_conduire_malijai-1024x640.jpg 1024w, https:\/\/malijai.fr\/wp-content\/uploads\/2021\/11\/Permis_de_conduire_malijai-300x188.jpg 300w, https:\/\/malijai.fr\/wp-content\/uploads\/2021\/11\/Permis_de_conduire_malijai-768x480.jpg 768w, https:\/\/malijai.fr\/wp-content\/uploads\/2021\/11\/Permis_de_conduire_malijai.jpg 1400w\" sizes=\"(max-width: 1024px) 100vw, 1024px\" \/>\t\t\t\t\t\t\t\t\t\t\t\t\t\t\t<\/div>\n\t\t\t\t<\/div>\n\t\t\t\t\t<\/div>\n\t\t<\/div>\n\t\t\t\t\t<\/div>\n\t\t<\/section>\n\t\t\t\t<\/div>\n\t\t","protected":false},"excerpt":{"rendered":"<p>Cartes grises et permis de conduire Demande de carte grise Depuis 2017, les cartes grises s\u2019effectuent seulement sur le site officiel du gouvernement :\u00a0https:\/\/immatriculation.ants.gouv.fr\/ Attention : Des sites internet frauduleux copient l\u2019apparence du site officiel et font ainsi payer les d\u00e9marches pour l\u2019obtention du certificat d\u2019immatriculation. Informez-vous sur le vrai prix de la carte grise [&hellip;]<\/p>\n","protected":false},"author":4,"featured_media":0,"parent":0,"menu_order":2,"comment_status":"closed","ping_status":"closed","template":"","meta":{"ngg_post_thumbnail":0,"ocean_post_layout":"","ocean_both_sidebars_style":"","ocean_both_sidebars_content_width":0,"ocean_both_sidebars_sidebars_width":0,"ocean_sidebar":"0","ocean_second_sidebar":"0","ocean_disable_margins":"enable","ocean_add_body_class":"","ocean_shortcode_before_top_bar":"","ocean_shortcode_after_top_bar":"","ocean_shortcode_before_header":"","ocean_shortcode_after_header":"","ocean_has_shortcode":"","ocean_shortcode_after_title":"","ocean_shortcode_before_footer_widgets":"","ocean_shortcode_after_footer_widgets":"","ocean_shortcode_before_footer_bottom":"","ocean_shortcode_after_footer_bottom":"","ocean_display_top_bar":"default","ocean_display_header":"default","ocean_header_style":"","ocean_center_header_left_menu":"0","ocean_custom_header_template":"0","ocean_custom_logo":0,"ocean_custom_retina_logo":0,"ocean_custom_logo_max_width":0,"ocean_custom_logo_tablet_max_width":0,"ocean_custom_logo_mobile_max_width":0,"ocean_custom_logo_max_height":0,"ocean_custom_logo_tablet_max_height":0,"ocean_custom_logo_mobile_max_height":0,"ocean_header_custom_menu":"0","ocean_menu_typo_font_family":"0","ocean_menu_typo_font_subset":"","ocean_menu_typo_font_size":0,"ocean_menu_typo_font_size_tablet":0,"ocean_menu_typo_font_size_mobile":0,"ocean_menu_typo_font_size_unit":"px","ocean_menu_typo_font_weight":"","ocean_menu_typo_font_weight_tablet":"","ocean_menu_typo_font_weight_mobile":"","ocean_menu_typo_transform":"","ocean_menu_typo_transform_tablet":"","ocean_menu_typo_transform_mobile":"","ocean_menu_typo_line_height":0,"ocean_menu_typo_line_height_tablet":0,"ocean_menu_typo_line_height_mobile":0,"ocean_menu_typo_line_height_unit":"","ocean_menu_typo_spacing":0,"ocean_menu_typo_spacing_tablet":0,"ocean_menu_typo_spacing_mobile":0,"ocean_menu_typo_spacing_unit":"","ocean_menu_link_color":"","ocean_menu_link_color_hover":"","ocean_menu_link_color_active":"","ocean_menu_link_background":"","ocean_menu_link_hover_background":"","ocean_menu_link_active_background":"","ocean_menu_social_links_bg":"","ocean_menu_social_hover_links_bg":"","ocean_menu_social_links_color":"","ocean_menu_social_hover_links_color":"","ocean_disable_title":"default","ocean_disable_heading":"default","ocean_post_title":"","ocean_post_subheading":"","ocean_post_title_style":"","ocean_post_title_background_color":"","ocean_post_title_background":0,"ocean_post_title_bg_image_position":"","ocean_post_title_bg_image_attachment":"","ocean_post_title_bg_image_repeat":"","ocean_post_title_bg_image_size":"","ocean_post_title_height":0,"ocean_post_title_bg_overlay":0.5,"ocean_post_title_bg_overlay_color":"","ocean_disable_breadcrumbs":"default","ocean_breadcrumbs_color":"","ocean_breadcrumbs_separator_color":"","ocean_breadcrumbs_links_color":"","ocean_breadcrumbs_links_hover_color":"","ocean_display_footer_widgets":"default","ocean_display_footer_bottom":"default","ocean_custom_footer_template":"0","footnotes":""},"class_list":["post-765","page","type-page","status-publish","hentry","entry"],"yoast_head":"<!-- This site is optimized with the Yoast SEO plugin v27.4 - https:\/\/yoast.com\/product\/yoast-seo-wordpress\/ -->\n<title>Cartes grises et permis de conduire | Malijai.fr<\/title>\n<meta name=\"robots\" content=\"index, follow, max-snippet:-1, max-image-preview:large, max-video-preview:-1\" \/>\n<link rel=\"canonical\" href=\"https:\/\/malijai.fr\/index.php\/cartes-grises-et-permis-de-conduire\/\" \/>\n<meta property=\"og:locale\" content=\"fr_FR\" \/>\n<meta property=\"og:type\" content=\"article\" \/>\n<meta property=\"og:title\" content=\"Cartes grises et permis de conduire | Malijai.fr\" \/>\n<meta property=\"og:description\" content=\"Cartes grises et permis de conduire Demande de carte grise Depuis 2017, les cartes grises s\u2019effectuent seulement sur le site officiel du gouvernement :\u00a0https:\/\/immatriculation.ants.gouv.fr\/ Attention : Des sites internet frauduleux copient l\u2019apparence du site officiel et font ainsi payer les d\u00e9marches pour l\u2019obtention du certificat d\u2019immatriculation. Informez-vous sur le vrai prix de la carte grise [&hellip;]\" \/>\n<meta property=\"og:url\" content=\"https:\/\/malijai.fr\/index.php\/cartes-grises-et-permis-de-conduire\/\" \/>\n<meta property=\"og:site_name\" content=\"Malijai.fr\" \/>\n<meta property=\"article:publisher\" content=\"https:\/\/www.facebook.com\/MairieDeMalijai\" \/>\n<meta property=\"article:modified_time\" content=\"2023-09-26T07:27:49+00:00\" \/>\n<meta property=\"og:image\" content=\"https:\/\/malijai.fr\/wp-content\/uploads\/2021\/11\/cartegrise.png\" \/>\n<meta name=\"twitter:card\" content=\"summary_large_image\" \/>\n<meta name=\"twitter:label1\" content=\"Dur\u00e9e de lecture estim\u00e9e\" \/>\n\t<meta name=\"twitter:data1\" content=\"2 minutes\" \/>\n<script type=\"application\/ld+json\" class=\"yoast-schema-graph\">{\"@context\":\"https:\\\/\\\/schema.org\",\"@graph\":[{\"@type\":\"WebPage\",\"@id\":\"https:\\\/\\\/malijai.fr\\\/index.php\\\/cartes-grises-et-permis-de-conduire\\\/\",\"url\":\"https:\\\/\\\/malijai.fr\\\/index.php\\\/cartes-grises-et-permis-de-conduire\\\/\",\"name\":\"Cartes grises et permis de conduire | Malijai.fr\",\"isPartOf\":{\"@id\":\"https:\\\/\\\/malijai.fr\\\/#website\"},\"primaryImageOfPage\":{\"@id\":\"https:\\\/\\\/malijai.fr\\\/index.php\\\/cartes-grises-et-permis-de-conduire\\\/#primaryimage\"},\"image\":{\"@id\":\"https:\\\/\\\/malijai.fr\\\/index.php\\\/cartes-grises-et-permis-de-conduire\\\/#primaryimage\"},\"thumbnailUrl\":\"https:\\\/\\\/malijai.fr\\\/wp-content\\\/uploads\\\/2021\\\/11\\\/cartegrise.png\",\"datePublished\":\"2016-05-23T21:08:53+00:00\",\"dateModified\":\"2023-09-26T07:27:49+00:00\",\"breadcrumb\":{\"@id\":\"https:\\\/\\\/malijai.fr\\\/index.php\\\/cartes-grises-et-permis-de-conduire\\\/#breadcrumb\"},\"inLanguage\":\"fr-FR\",\"potentialAction\":[{\"@type\":\"ReadAction\",\"target\":[\"https:\\\/\\\/malijai.fr\\\/index.php\\\/cartes-grises-et-permis-de-conduire\\\/\"]}]},{\"@type\":\"ImageObject\",\"inLanguage\":\"fr-FR\",\"@id\":\"https:\\\/\\\/malijai.fr\\\/index.php\\\/cartes-grises-et-permis-de-conduire\\\/#primaryimage\",\"url\":\"https:\\\/\\\/malijai.fr\\\/wp-content\\\/uploads\\\/2021\\\/11\\\/cartegrise.png\",\"contentUrl\":\"https:\\\/\\\/malijai.fr\\\/wp-content\\\/uploads\\\/2021\\\/11\\\/cartegrise.png\",\"width\":603,\"height\":319},{\"@type\":\"BreadcrumbList\",\"@id\":\"https:\\\/\\\/malijai.fr\\\/index.php\\\/cartes-grises-et-permis-de-conduire\\\/#breadcrumb\",\"itemListElement\":[{\"@type\":\"ListItem\",\"position\":1,\"name\":\"Accueil\",\"item\":\"https:\\\/\\\/malijai.fr\\\/\"},{\"@type\":\"ListItem\",\"position\":2,\"name\":\"Cartes grises et permis de conduire\"}]},{\"@type\":\"WebSite\",\"@id\":\"https:\\\/\\\/malijai.fr\\\/#website\",\"url\":\"https:\\\/\\\/malijai.fr\\\/\",\"name\":\"Malijai.fr\",\"description\":\"Site internet de la commune de Malijai dans les Alpes de Haute-Provence\",\"publisher\":{\"@id\":\"https:\\\/\\\/malijai.fr\\\/#organization\"},\"potentialAction\":[{\"@type\":\"SearchAction\",\"target\":{\"@type\":\"EntryPoint\",\"urlTemplate\":\"https:\\\/\\\/malijai.fr\\\/?s={search_term_string}\"},\"query-input\":{\"@type\":\"PropertyValueSpecification\",\"valueRequired\":true,\"valueName\":\"search_term_string\"}}],\"inLanguage\":\"fr-FR\"},{\"@type\":\"Organization\",\"@id\":\"https:\\\/\\\/malijai.fr\\\/#organization\",\"name\":\"Malijai\",\"url\":\"https:\\\/\\\/malijai.fr\\\/\",\"logo\":{\"@type\":\"ImageObject\",\"inLanguage\":\"fr-FR\",\"@id\":\"https:\\\/\\\/malijai.fr\\\/#\\\/schema\\\/logo\\\/image\\\/\",\"url\":\"https:\\\/\\\/www.malijai.fr\\\/wp-content\\\/uploads\\\/2021\\\/11\\\/205467984_317221263388622_5064034598485676827_n.jpg\",\"contentUrl\":\"https:\\\/\\\/www.malijai.fr\\\/wp-content\\\/uploads\\\/2021\\\/11\\\/205467984_317221263388622_5064034598485676827_n.jpg\",\"width\":1697,\"height\":1080,\"caption\":\"Malijai\"},\"image\":{\"@id\":\"https:\\\/\\\/malijai.fr\\\/#\\\/schema\\\/logo\\\/image\\\/\"},\"sameAs\":[\"https:\\\/\\\/www.facebook.com\\\/MairieDeMalijai\"]}]}<\/script>\n<!-- \/ Yoast SEO plugin. -->","yoast_head_json":{"title":"Cartes grises et permis de conduire | Malijai.fr","robots":{"index":"index","follow":"follow","max-snippet":"max-snippet:-1","max-image-preview":"max-image-preview:large","max-video-preview":"max-video-preview:-1"},"canonical":"https:\/\/malijai.fr\/index.php\/cartes-grises-et-permis-de-conduire\/","og_locale":"fr_FR","og_type":"article","og_title":"Cartes grises et permis de conduire | Malijai.fr","og_description":"Cartes grises et permis de conduire Demande de carte grise Depuis 2017, les cartes grises s\u2019effectuent seulement sur le site officiel du gouvernement :\u00a0https:\/\/immatriculation.ants.gouv.fr\/ Attention : Des sites internet frauduleux copient l\u2019apparence du site officiel et font ainsi payer les d\u00e9marches pour l\u2019obtention du certificat d\u2019immatriculation. Informez-vous sur le vrai prix de la carte grise [&hellip;]","og_url":"https:\/\/malijai.fr\/index.php\/cartes-grises-et-permis-de-conduire\/","og_site_name":"Malijai.fr","article_publisher":"https:\/\/www.facebook.com\/MairieDeMalijai","article_modified_time":"2023-09-26T07:27:49+00:00","og_image":[{"url":"https:\/\/malijai.fr\/wp-content\/uploads\/2021\/11\/cartegrise.png","type":"","width":"","height":""}],"twitter_card":"summary_large_image","twitter_misc":{"Dur\u00e9e de lecture estim\u00e9e":"2 minutes"},"schema":{"@context":"https:\/\/schema.org","@graph":[{"@type":"WebPage","@id":"https:\/\/malijai.fr\/index.php\/cartes-grises-et-permis-de-conduire\/","url":"https:\/\/malijai.fr\/index.php\/cartes-grises-et-permis-de-conduire\/","name":"Cartes grises et permis de conduire | Malijai.fr","isPartOf":{"@id":"https:\/\/malijai.fr\/#website"},"primaryImageOfPage":{"@id":"https:\/\/malijai.fr\/index.php\/cartes-grises-et-permis-de-conduire\/#primaryimage"},"image":{"@id":"https:\/\/malijai.fr\/index.php\/cartes-grises-et-permis-de-conduire\/#primaryimage"},"thumbnailUrl":"https:\/\/malijai.fr\/wp-content\/uploads\/2021\/11\/cartegrise.png","datePublished":"2016-05-23T21:08:53+00:00","dateModified":"2023-09-26T07:27:49+00:00","breadcrumb":{"@id":"https:\/\/malijai.fr\/index.php\/cartes-grises-et-permis-de-conduire\/#breadcrumb"},"inLanguage":"fr-FR","potentialAction":[{"@type":"ReadAction","target":["https:\/\/malijai.fr\/index.php\/cartes-grises-et-permis-de-conduire\/"]}]},{"@type":"ImageObject","inLanguage":"fr-FR","@id":"https:\/\/malijai.fr\/index.php\/cartes-grises-et-permis-de-conduire\/#primaryimage","url":"https:\/\/malijai.fr\/wp-content\/uploads\/2021\/11\/cartegrise.png","contentUrl":"https:\/\/malijai.fr\/wp-content\/uploads\/2021\/11\/cartegrise.png","width":603,"height":319},{"@type":"BreadcrumbList","@id":"https:\/\/malijai.fr\/index.php\/cartes-grises-et-permis-de-conduire\/#breadcrumb","itemListElement":[{"@type":"ListItem","position":1,"name":"Accueil","item":"https:\/\/malijai.fr\/"},{"@type":"ListItem","position":2,"name":"Cartes grises et permis de conduire"}]},{"@type":"WebSite","@id":"https:\/\/malijai.fr\/#website","url":"https:\/\/malijai.fr\/","name":"Malijai.fr","description":"Site internet de la commune de Malijai dans les Alpes de Haute-Provence","publisher":{"@id":"https:\/\/malijai.fr\/#organization"},"potentialAction":[{"@type":"SearchAction","target":{"@type":"EntryPoint","urlTemplate":"https:\/\/malijai.fr\/?s={search_term_string}"},"query-input":{"@type":"PropertyValueSpecification","valueRequired":true,"valueName":"search_term_string"}}],"inLanguage":"fr-FR"},{"@type":"Organization","@id":"https:\/\/malijai.fr\/#organization","name":"Malijai","url":"https:\/\/malijai.fr\/","logo":{"@type":"ImageObject","inLanguage":"fr-FR","@id":"https:\/\/malijai.fr\/#\/schema\/logo\/image\/","url":"https:\/\/www.malijai.fr\/wp-content\/uploads\/2021\/11\/205467984_317221263388622_5064034598485676827_n.jpg","contentUrl":"https:\/\/www.malijai.fr\/wp-content\/uploads\/2021\/11\/205467984_317221263388622_5064034598485676827_n.jpg","width":1697,"height":1080,"caption":"Malijai"},"image":{"@id":"https:\/\/malijai.fr\/#\/schema\/logo\/image\/"},"sameAs":["https:\/\/www.facebook.com\/MairieDeMalijai"]}]}},"_links":{"self":[{"href":"https:\/\/malijai.fr\/index.php\/wp-json\/wp\/v2\/pages\/765","targetHints":{"allow":["GET"]}}],"collection":[{"href":"https:\/\/malijai.fr\/index.php\/wp-json\/wp\/v2\/pages"}],"about":[{"href":"https:\/\/malijai.fr\/index.php\/wp-json\/wp\/v2\/types\/page"}],"author":[{"embeddable":true,"href":"https:\/\/malijai.fr\/index.php\/wp-json\/wp\/v2\/users\/4"}],"replies":[{"embeddable":true,"href":"https:\/\/malijai.fr\/index.php\/wp-json\/wp\/v2\/comments?post=765"}],"version-history":[{"count":37,"href":"https:\/\/malijai.fr\/index.php\/wp-json\/wp\/v2\/pages\/765\/revisions"}],"predecessor-version":[{"id":11684,"href":"https:\/\/malijai.fr\/index.php\/wp-json\/wp\/v2\/pages\/765\/revisions\/11684"}],"wp:attachment":[{"href":"https:\/\/malijai.fr\/index.php\/wp-json\/wp\/v2\/media?parent=765"}],"curies":[{"name":"wp","href":"https:\/\/api.w.org\/{rel}","templated":true}]}}