{"id":767,"date":"2016-05-23T22:09:15","date_gmt":"2016-05-23T21:09:15","guid":{"rendered":"http:\/\/www.malijai.fr\/?page_id=767"},"modified":"2025-04-08T13:37:28","modified_gmt":"2025-04-08T12:37:28","slug":"le-cimetiere","status":"publish","type":"page","link":"https:\/\/malijai.fr\/index.php\/le-cimetiere\/","title":{"rendered":"Le cimeti\u00e8re"},"content":{"rendered":"\t\t<div data-elementor-type=\"wp-page\" data-elementor-id=\"767\" class=\"elementor elementor-767\">\n\t\t\t\t\t\t<section class=\"elementor-section elementor-top-section elementor-element elementor-element-1b541298 elementor-section-full_width elementor-section-stretched elementor-section-height-default elementor-section-height-default\" data-id=\"1b541298\" data-element_type=\"section\" data-e-type=\"section\" data-settings=\"{&quot;stretch_section&quot;:&quot;section-stretched&quot;,&quot;background_background&quot;:&quot;classic&quot;}\">\n\t\t\t\t\t\t\t<div class=\"elementor-background-overlay\"><\/div>\n\t\t\t\t\t\t\t<div class=\"elementor-container elementor-column-gap-default\">\n\t\t\t\t\t<div class=\"elementor-column elementor-col-100 elementor-top-column elementor-element elementor-element-3610d045\" data-id=\"3610d045\" data-element_type=\"column\" data-e-type=\"column\">\n\t\t\t<div class=\"elementor-widget-wrap elementor-element-populated\">\n\t\t\t\t\t\t<div class=\"elementor-element elementor-element-2a779cf5 elementor-invisible elementor-widget elementor-widget-heading\" data-id=\"2a779cf5\" data-element_type=\"widget\" data-e-type=\"widget\" data-settings=\"{&quot;_animation&quot;:&quot;pulse&quot;}\" data-widget_type=\"heading.default\">\n\t\t\t\t<div class=\"elementor-widget-container\">\n\t\t\t\t\t<h2 class=\"elementor-heading-title elementor-size-default\">Le cimeti\u00e8re<\/h2>\t\t\t\t<\/div>\n\t\t\t\t<\/div>\n\t\t\t\t\t<\/div>\n\t\t<\/div>\n\t\t\t\t\t<\/div>\n\t\t<\/section>\n\t\t\t\t<section class=\"elementor-section elementor-top-section elementor-element elementor-element-5dd7337 elementor-section-boxed elementor-section-height-default elementor-section-height-default\" data-id=\"5dd7337\" data-element_type=\"section\" data-e-type=\"section\">\n\t\t\t\t\t\t<div class=\"elementor-container elementor-column-gap-default\">\n\t\t\t\t\t<div class=\"elementor-column elementor-col-50 elementor-top-column elementor-element elementor-element-068d068\" data-id=\"068d068\" data-element_type=\"column\" data-e-type=\"column\">\n\t\t\t<div class=\"elementor-widget-wrap elementor-element-populated\">\n\t\t\t\t\t\t<div class=\"elementor-element elementor-element-b41015e elementor-widget elementor-widget-heading\" data-id=\"b41015e\" data-element_type=\"widget\" data-e-type=\"widget\" data-widget_type=\"heading.default\">\n\t\t\t\t<div class=\"elementor-widget-container\">\n\t\t\t\t\t<h2 class=\"elementor-heading-title elementor-size-default\">Plan d'acc\u00e8s<\/h2>\t\t\t\t<\/div>\n\t\t\t\t<\/div>\n\t\t\t\t\t<\/div>\n\t\t<\/div>\n\t\t\t\t<div class=\"elementor-column elementor-col-50 elementor-top-column elementor-element elementor-element-986f538\" data-id=\"986f538\" data-element_type=\"column\" data-e-type=\"column\">\n\t\t\t<div class=\"elementor-widget-wrap elementor-element-populated\">\n\t\t\t\t\t\t<div class=\"elementor-element elementor-element-2f72e16 elementor-widget elementor-widget-google_maps\" data-id=\"2f72e16\" data-element_type=\"widget\" data-e-type=\"widget\" data-widget_type=\"google_maps.default\">\n\t\t\t\t<div class=\"elementor-widget-container\">\n\t\t\t\t\t\t\t<div class=\"elementor-custom-embed\">\n\t\t\t<iframe loading=\"lazy\"\n\t\t\t\t\tsrc=\"https:\/\/maps.google.com\/maps?q=Cimeti%C3%A8re%2C%2004350%20malijai&#038;t=m&#038;z=16&#038;output=embed&#038;iwloc=near\"\n\t\t\t\t\ttitle=\"Cimeti\u00e8re, 04350 malijai\"\n\t\t\t\t\taria-label=\"Cimeti\u00e8re, 04350 malijai\"\n\t\t\t><\/iframe>\n\t\t<\/div>\n\t\t\t\t\t\t<\/div>\n\t\t\t\t<\/div>\n\t\t\t\t\t<\/div>\n\t\t<\/div>\n\t\t\t\t\t<\/div>\n\t\t<\/section>\n\t\t\t\t<section class=\"elementor-section elementor-inner-section elementor-element elementor-element-aa26fee elementor-section-boxed elementor-section-height-default elementor-section-height-default\" data-id=\"aa26fee\" data-element_type=\"section\" data-e-type=\"section\">\n\t\t\t\t\t\t<div class=\"elementor-container elementor-column-gap-default\">\n\t\t\t\t\t<div class=\"elementor-column elementor-col-100 elementor-inner-column elementor-element elementor-element-ee6af63\" data-id=\"ee6af63\" data-element_type=\"column\" data-e-type=\"column\" data-settings=\"{&quot;background_background&quot;:&quot;classic&quot;}\">\n\t\t\t<div class=\"elementor-widget-wrap elementor-element-populated\">\n\t\t\t\t\t\t<div class=\"elementor-element elementor-element-75924d0 elementor-widget elementor-widget-image\" data-id=\"75924d0\" data-element_type=\"widget\" data-e-type=\"widget\" data-widget_type=\"image.default\">\n\t\t\t\t<div class=\"elementor-widget-container\">\n\t\t\t\t\t\t\t\t\t\t\t\t\t\t\t<img fetchpriority=\"high\" decoding=\"async\" width=\"2560\" height=\"1810\" src=\"https:\/\/malijai.fr\/wp-content\/uploads\/2022\/06\/TARIFE-CONCESSIONS-CIMETIERE-scaled.jpg\" class=\"attachment-full size-full wp-image-9280\" alt=\"\" srcset=\"https:\/\/malijai.fr\/wp-content\/uploads\/2022\/06\/TARIFE-CONCESSIONS-CIMETIERE-scaled.jpg 2560w, https:\/\/malijai.fr\/wp-content\/uploads\/2022\/06\/TARIFE-CONCESSIONS-CIMETIERE-300x212.jpg 300w, https:\/\/malijai.fr\/wp-content\/uploads\/2022\/06\/TARIFE-CONCESSIONS-CIMETIERE-1024x724.jpg 1024w, https:\/\/malijai.fr\/wp-content\/uploads\/2022\/06\/TARIFE-CONCESSIONS-CIMETIERE-768x543.jpg 768w, https:\/\/malijai.fr\/wp-content\/uploads\/2022\/06\/TARIFE-CONCESSIONS-CIMETIERE-1536x1086.jpg 1536w, https:\/\/malijai.fr\/wp-content\/uploads\/2022\/06\/TARIFE-CONCESSIONS-CIMETIERE-2048x1448.jpg 2048w\" sizes=\"(max-width: 2560px) 100vw, 2560px\" \/>\t\t\t\t\t\t\t\t\t\t\t\t\t\t\t<\/div>\n\t\t\t\t<\/div>\n\t\t\t\t\t<\/div>\n\t\t<\/div>\n\t\t\t\t\t<\/div>\n\t\t<\/section>\n\t\t\t\t<section class=\"elementor-section elementor-inner-section elementor-element elementor-element-50dda30 elementor-section-boxed elementor-section-height-default elementor-section-height-default\" data-id=\"50dda30\" data-element_type=\"section\" data-e-type=\"section\" data-settings=\"{&quot;background_background&quot;:&quot;classic&quot;}\">\n\t\t\t\t\t\t<div class=\"elementor-container elementor-column-gap-no\">\n\t\t\t\t\t<div class=\"elementor-column elementor-col-100 elementor-inner-column elementor-element elementor-element-bbc25eb\" data-id=\"bbc25eb\" data-element_type=\"column\" data-e-type=\"column\" data-settings=\"{&quot;background_background&quot;:&quot;classic&quot;}\">\n\t\t\t<div class=\"elementor-widget-wrap elementor-element-populated\">\n\t\t\t\t\t\t<div class=\"elementor-element elementor-element-a3ec5c9 elementor-widget elementor-widget-heading\" data-id=\"a3ec5c9\" data-element_type=\"widget\" data-e-type=\"widget\" data-widget_type=\"heading.default\">\n\t\t\t\t<div class=\"elementor-widget-container\">\n\t\t\t\t\t<h2 class=\"elementor-heading-title elementor-size-default\">Le site cin\u00e9raire<\/h2>\t\t\t\t<\/div>\n\t\t\t\t<\/div>\n\t\t\t\t\t<\/div>\n\t\t<\/div>\n\t\t\t\t\t<\/div>\n\t\t<\/section>\n\t\t\t\t<section class=\"elementor-section elementor-inner-section elementor-element elementor-element-5411f8a elementor-section-boxed elementor-section-height-default elementor-section-height-default\" data-id=\"5411f8a\" data-element_type=\"section\" data-e-type=\"section\">\n\t\t\t\t\t\t<div class=\"elementor-container elementor-column-gap-default\">\n\t\t\t\t\t<div class=\"elementor-column elementor-col-100 elementor-inner-column elementor-element elementor-element-0b230a3\" data-id=\"0b230a3\" data-element_type=\"column\" data-e-type=\"column\" data-settings=\"{&quot;background_background&quot;:&quot;classic&quot;}\">\n\t\t\t<div class=\"elementor-widget-wrap elementor-element-populated\">\n\t\t\t\t\t\t<div class=\"elementor-element elementor-element-5feafbc elementor-widget elementor-widget-text-editor\" data-id=\"5feafbc\" data-element_type=\"widget\" data-e-type=\"widget\" data-widget_type=\"text-editor.default\">\n\t\t\t\t<div class=\"elementor-widget-container\">\n\t\t\t\t\t\t\t\t\t<p>La commune dispose d\u2019un site cin\u00e9raire, avec un jardin du souvenir, et des cases de columbarium destin\u00e9s \u00e0 l\u2019accueil des cendres des personnes d\u00e9c\u00e9d\u00e9es dont le corps a donn\u00e9 lieu \u00e0 cr\u00e9mation. Il est situ\u00e9 au sein du cimeti\u00e8re.<\/p><p>Pour tout renseignement contacter la mairie.<\/p>\t\t\t\t\t\t\t\t<\/div>\n\t\t\t\t<\/div>\n\t\t\t\t\t<\/div>\n\t\t<\/div>\n\t\t\t\t\t<\/div>\n\t\t<\/section>\n\t\t\t\t<section class=\"elementor-section elementor-top-section elementor-element elementor-element-3dbb01f elementor-section-boxed elementor-section-height-default elementor-section-height-default\" data-id=\"3dbb01f\" data-element_type=\"section\" data-e-type=\"section\">\n\t\t\t\t\t\t<div class=\"elementor-container elementor-column-gap-default\">\n\t\t\t\t\t<div class=\"elementor-column elementor-col-100 elementor-top-column elementor-element elementor-element-32d2e8b\" data-id=\"32d2e8b\" data-element_type=\"column\" data-e-type=\"column\" data-settings=\"{&quot;background_background&quot;:&quot;classic&quot;}\">\n\t\t\t<div class=\"elementor-widget-wrap elementor-element-populated\">\n\t\t\t\t\t\t<div class=\"elementor-element elementor-element-a5f7974 elementor-widget__width-initial elementor-widget elementor-widget-text-editor\" data-id=\"a5f7974\" data-element_type=\"widget\" data-e-type=\"widget\" data-widget_type=\"text-editor.default\">\n\t\t\t\t<div class=\"elementor-widget-container\">\n\t\t\t\t\t\t\t\t\t<h2 style=\"text-align: center;\"><strong><a href=\"https:\/\/malijai.fr\/wp-content\/uploads\/2025\/04\/2025_041-reglement-du-cimetiere.pdf\"><span style=\"text-decoration: underline;\">Le R\u00e8glement int\u00e9rieur du cimeti\u00e8re de la commune cliquer ici<\/span><\/a><\/strong><\/h2>\t\t\t\t\t\t\t\t<\/div>\n\t\t\t\t<\/div>\n\t\t\t\t\t<\/div>\n\t\t<\/div>\n\t\t\t\t\t<\/div>\n\t\t<\/section>\n\t\t\t\t<\/div>\n\t\t","protected":false},"excerpt":{"rendered":"<p>Le cimeti\u00e8re Plan d&rsquo;acc\u00e8s Le site cin\u00e9raire La commune dispose d\u2019un site cin\u00e9raire, avec un jardin du souvenir, et des cases de columbarium destin\u00e9s \u00e0 l\u2019accueil des cendres des personnes d\u00e9c\u00e9d\u00e9es dont le corps a donn\u00e9 lieu \u00e0 cr\u00e9mation. Il est situ\u00e9 au sein du cimeti\u00e8re. Pour tout renseignement contacter la mairie. Le R\u00e8glement int\u00e9rieur [&hellip;]<\/p>\n","protected":false},"author":4,"featured_media":0,"parent":0,"menu_order":3,"comment_status":"closed","ping_status":"closed","template":"","meta":{"ngg_post_thumbnail":0,"ocean_post_layout":"","ocean_both_sidebars_style":"","ocean_both_sidebars_content_width":0,"ocean_both_sidebars_sidebars_width":0,"ocean_sidebar":"0","ocean_second_sidebar":"0","ocean_disable_margins":"enable","ocean_add_body_class":"","ocean_shortcode_before_top_bar":"","ocean_shortcode_after_top_bar":"","ocean_shortcode_before_header":"","ocean_shortcode_after_header":"","ocean_has_shortcode":"","ocean_shortcode_after_title":"","ocean_shortcode_before_footer_widgets":"","ocean_shortcode_after_footer_widgets":"","ocean_shortcode_before_footer_bottom":"","ocean_shortcode_after_footer_bottom":"","ocean_display_top_bar":"default","ocean_display_header":"default","ocean_header_style":"","ocean_center_header_left_menu":"0","ocean_custom_header_template":"0","ocean_custom_logo":0,"ocean_custom_retina_logo":0,"ocean_custom_logo_max_width":0,"ocean_custom_logo_tablet_max_width":0,"ocean_custom_logo_mobile_max_width":0,"ocean_custom_logo_max_height":0,"ocean_custom_logo_tablet_max_height":0,"ocean_custom_logo_mobile_max_height":0,"ocean_header_custom_menu":"0","ocean_menu_typo_font_family":"0","ocean_menu_typo_font_subset":"","ocean_menu_typo_font_size":0,"ocean_menu_typo_font_size_tablet":0,"ocean_menu_typo_font_size_mobile":0,"ocean_menu_typo_font_size_unit":"px","ocean_menu_typo_font_weight":"","ocean_menu_typo_font_weight_tablet":"","ocean_menu_typo_font_weight_mobile":"","ocean_menu_typo_transform":"","ocean_menu_typo_transform_tablet":"","ocean_menu_typo_transform_mobile":"","ocean_menu_typo_line_height":0,"ocean_menu_typo_line_height_tablet":0,"ocean_menu_typo_line_height_mobile":0,"ocean_menu_typo_line_height_unit":"","ocean_menu_typo_spacing":0,"ocean_menu_typo_spacing_tablet":0,"ocean_menu_typo_spacing_mobile":0,"ocean_menu_typo_spacing_unit":"","ocean_menu_link_color":"","ocean_menu_link_color_hover":"","ocean_menu_link_color_active":"","ocean_menu_link_background":"","ocean_menu_link_hover_background":"","ocean_menu_link_active_background":"","ocean_menu_social_links_bg":"","ocean_menu_social_hover_links_bg":"","ocean_menu_social_links_color":"","ocean_menu_social_hover_links_color":"","ocean_disable_title":"default","ocean_disable_heading":"default","ocean_post_title":"","ocean_post_subheading":"","ocean_post_title_style":"","ocean_post_title_background_color":"","ocean_post_title_background":0,"ocean_post_title_bg_image_position":"","ocean_post_title_bg_image_attachment":"","ocean_post_title_bg_image_repeat":"","ocean_post_title_bg_image_size":"","ocean_post_title_height":0,"ocean_post_title_bg_overlay":0.5,"ocean_post_title_bg_overlay_color":"","ocean_disable_breadcrumbs":"default","ocean_breadcrumbs_color":"","ocean_breadcrumbs_separator_color":"","ocean_breadcrumbs_links_color":"","ocean_breadcrumbs_links_hover_color":"","ocean_display_footer_widgets":"default","ocean_display_footer_bottom":"default","ocean_custom_footer_template":"0","footnotes":""},"class_list":["post-767","page","type-page","status-publish","hentry","entry"],"yoast_head":"<!-- This site is optimized with the Yoast SEO plugin v27.4 - https:\/\/yoast.com\/product\/yoast-seo-wordpress\/ -->\n<title>Le cimeti\u00e8re | Malijai.fr<\/title>\n<meta name=\"robots\" content=\"index, follow, max-snippet:-1, max-image-preview:large, max-video-preview:-1\" \/>\n<link rel=\"canonical\" href=\"https:\/\/malijai.fr\/index.php\/le-cimetiere\/\" \/>\n<meta property=\"og:locale\" content=\"fr_FR\" \/>\n<meta property=\"og:type\" content=\"article\" \/>\n<meta property=\"og:title\" content=\"Le cimeti\u00e8re | Malijai.fr\" \/>\n<meta property=\"og:description\" content=\"Le cimeti\u00e8re Plan d&rsquo;acc\u00e8s Le site cin\u00e9raire La commune dispose d\u2019un site cin\u00e9raire, avec un jardin du souvenir, et des cases de columbarium destin\u00e9s \u00e0 l\u2019accueil des cendres des personnes d\u00e9c\u00e9d\u00e9es dont le corps a donn\u00e9 lieu \u00e0 cr\u00e9mation. Il est situ\u00e9 au sein du cimeti\u00e8re. Pour tout renseignement contacter la mairie. Le R\u00e8glement int\u00e9rieur [&hellip;]\" \/>\n<meta property=\"og:url\" content=\"https:\/\/malijai.fr\/index.php\/le-cimetiere\/\" \/>\n<meta property=\"og:site_name\" content=\"Malijai.fr\" \/>\n<meta property=\"article:publisher\" content=\"https:\/\/www.facebook.com\/MairieDeMalijai\" \/>\n<meta property=\"article:modified_time\" content=\"2025-04-08T12:37:28+00:00\" \/>\n<meta property=\"og:image\" content=\"https:\/\/malijai.fr\/wp-content\/uploads\/2022\/06\/TARIFE-CONCESSIONS-CIMETIERE-scaled.jpg\" \/>\n\t<meta property=\"og:image:width\" content=\"2560\" \/>\n\t<meta property=\"og:image:height\" content=\"1810\" \/>\n\t<meta property=\"og:image:type\" content=\"image\/jpeg\" \/>\n<meta name=\"twitter:card\" content=\"summary_large_image\" \/>\n<meta name=\"twitter:label1\" content=\"Dur\u00e9e de lecture estim\u00e9e\" \/>\n\t<meta name=\"twitter:data1\" content=\"1 minute\" \/>\n<script type=\"application\/ld+json\" class=\"yoast-schema-graph\">{\"@context\":\"https:\\\/\\\/schema.org\",\"@graph\":[{\"@type\":\"WebPage\",\"@id\":\"https:\\\/\\\/malijai.fr\\\/index.php\\\/le-cimetiere\\\/\",\"url\":\"https:\\\/\\\/malijai.fr\\\/index.php\\\/le-cimetiere\\\/\",\"name\":\"Le cimeti\u00e8re | Malijai.fr\",\"isPartOf\":{\"@id\":\"https:\\\/\\\/malijai.fr\\\/#website\"},\"primaryImageOfPage\":{\"@id\":\"https:\\\/\\\/malijai.fr\\\/index.php\\\/le-cimetiere\\\/#primaryimage\"},\"image\":{\"@id\":\"https:\\\/\\\/malijai.fr\\\/index.php\\\/le-cimetiere\\\/#primaryimage\"},\"thumbnailUrl\":\"https:\\\/\\\/malijai.fr\\\/wp-content\\\/uploads\\\/2022\\\/06\\\/TARIFE-CONCESSIONS-CIMETIERE-scaled.jpg\",\"datePublished\":\"2016-05-23T21:09:15+00:00\",\"dateModified\":\"2025-04-08T12:37:28+00:00\",\"breadcrumb\":{\"@id\":\"https:\\\/\\\/malijai.fr\\\/index.php\\\/le-cimetiere\\\/#breadcrumb\"},\"inLanguage\":\"fr-FR\",\"potentialAction\":[{\"@type\":\"ReadAction\",\"target\":[\"https:\\\/\\\/malijai.fr\\\/index.php\\\/le-cimetiere\\\/\"]}]},{\"@type\":\"ImageObject\",\"inLanguage\":\"fr-FR\",\"@id\":\"https:\\\/\\\/malijai.fr\\\/index.php\\\/le-cimetiere\\\/#primaryimage\",\"url\":\"https:\\\/\\\/malijai.fr\\\/wp-content\\\/uploads\\\/2022\\\/06\\\/TARIFE-CONCESSIONS-CIMETIERE-scaled.jpg\",\"contentUrl\":\"https:\\\/\\\/malijai.fr\\\/wp-content\\\/uploads\\\/2022\\\/06\\\/TARIFE-CONCESSIONS-CIMETIERE-scaled.jpg\",\"width\":2560,\"height\":1810},{\"@type\":\"BreadcrumbList\",\"@id\":\"https:\\\/\\\/malijai.fr\\\/index.php\\\/le-cimetiere\\\/#breadcrumb\",\"itemListElement\":[{\"@type\":\"ListItem\",\"position\":1,\"name\":\"Accueil\",\"item\":\"https:\\\/\\\/malijai.fr\\\/\"},{\"@type\":\"ListItem\",\"position\":2,\"name\":\"Le cimeti\u00e8re\"}]},{\"@type\":\"WebSite\",\"@id\":\"https:\\\/\\\/malijai.fr\\\/#website\",\"url\":\"https:\\\/\\\/malijai.fr\\\/\",\"name\":\"Malijai.fr\",\"description\":\"Site internet de la commune de Malijai dans les Alpes de Haute-Provence\",\"publisher\":{\"@id\":\"https:\\\/\\\/malijai.fr\\\/#organization\"},\"potentialAction\":[{\"@type\":\"SearchAction\",\"target\":{\"@type\":\"EntryPoint\",\"urlTemplate\":\"https:\\\/\\\/malijai.fr\\\/?s={search_term_string}\"},\"query-input\":{\"@type\":\"PropertyValueSpecification\",\"valueRequired\":true,\"valueName\":\"search_term_string\"}}],\"inLanguage\":\"fr-FR\"},{\"@type\":\"Organization\",\"@id\":\"https:\\\/\\\/malijai.fr\\\/#organization\",\"name\":\"Malijai\",\"url\":\"https:\\\/\\\/malijai.fr\\\/\",\"logo\":{\"@type\":\"ImageObject\",\"inLanguage\":\"fr-FR\",\"@id\":\"https:\\\/\\\/malijai.fr\\\/#\\\/schema\\\/logo\\\/image\\\/\",\"url\":\"https:\\\/\\\/www.malijai.fr\\\/wp-content\\\/uploads\\\/2021\\\/11\\\/205467984_317221263388622_5064034598485676827_n.jpg\",\"contentUrl\":\"https:\\\/\\\/www.malijai.fr\\\/wp-content\\\/uploads\\\/2021\\\/11\\\/205467984_317221263388622_5064034598485676827_n.jpg\",\"width\":1697,\"height\":1080,\"caption\":\"Malijai\"},\"image\":{\"@id\":\"https:\\\/\\\/malijai.fr\\\/#\\\/schema\\\/logo\\\/image\\\/\"},\"sameAs\":[\"https:\\\/\\\/www.facebook.com\\\/MairieDeMalijai\"]}]}<\/script>\n<!-- \/ Yoast SEO plugin. -->","yoast_head_json":{"title":"Le cimeti\u00e8re | Malijai.fr","robots":{"index":"index","follow":"follow","max-snippet":"max-snippet:-1","max-image-preview":"max-image-preview:large","max-video-preview":"max-video-preview:-1"},"canonical":"https:\/\/malijai.fr\/index.php\/le-cimetiere\/","og_locale":"fr_FR","og_type":"article","og_title":"Le cimeti\u00e8re | Malijai.fr","og_description":"Le cimeti\u00e8re Plan d&rsquo;acc\u00e8s Le site cin\u00e9raire La commune dispose d\u2019un site cin\u00e9raire, avec un jardin du souvenir, et des cases de columbarium destin\u00e9s \u00e0 l\u2019accueil des cendres des personnes d\u00e9c\u00e9d\u00e9es dont le corps a donn\u00e9 lieu \u00e0 cr\u00e9mation. Il est situ\u00e9 au sein du cimeti\u00e8re. Pour tout renseignement contacter la mairie. Le R\u00e8glement int\u00e9rieur [&hellip;]","og_url":"https:\/\/malijai.fr\/index.php\/le-cimetiere\/","og_site_name":"Malijai.fr","article_publisher":"https:\/\/www.facebook.com\/MairieDeMalijai","article_modified_time":"2025-04-08T12:37:28+00:00","og_image":[{"width":2560,"height":1810,"url":"https:\/\/malijai.fr\/wp-content\/uploads\/2022\/06\/TARIFE-CONCESSIONS-CIMETIERE-scaled.jpg","type":"image\/jpeg"}],"twitter_card":"summary_large_image","twitter_misc":{"Dur\u00e9e de lecture estim\u00e9e":"1 minute"},"schema":{"@context":"https:\/\/schema.org","@graph":[{"@type":"WebPage","@id":"https:\/\/malijai.fr\/index.php\/le-cimetiere\/","url":"https:\/\/malijai.fr\/index.php\/le-cimetiere\/","name":"Le cimeti\u00e8re | Malijai.fr","isPartOf":{"@id":"https:\/\/malijai.fr\/#website"},"primaryImageOfPage":{"@id":"https:\/\/malijai.fr\/index.php\/le-cimetiere\/#primaryimage"},"image":{"@id":"https:\/\/malijai.fr\/index.php\/le-cimetiere\/#primaryimage"},"thumbnailUrl":"https:\/\/malijai.fr\/wp-content\/uploads\/2022\/06\/TARIFE-CONCESSIONS-CIMETIERE-scaled.jpg","datePublished":"2016-05-23T21:09:15+00:00","dateModified":"2025-04-08T12:37:28+00:00","breadcrumb":{"@id":"https:\/\/malijai.fr\/index.php\/le-cimetiere\/#breadcrumb"},"inLanguage":"fr-FR","potentialAction":[{"@type":"ReadAction","target":["https:\/\/malijai.fr\/index.php\/le-cimetiere\/"]}]},{"@type":"ImageObject","inLanguage":"fr-FR","@id":"https:\/\/malijai.fr\/index.php\/le-cimetiere\/#primaryimage","url":"https:\/\/malijai.fr\/wp-content\/uploads\/2022\/06\/TARIFE-CONCESSIONS-CIMETIERE-scaled.jpg","contentUrl":"https:\/\/malijai.fr\/wp-content\/uploads\/2022\/06\/TARIFE-CONCESSIONS-CIMETIERE-scaled.jpg","width":2560,"height":1810},{"@type":"BreadcrumbList","@id":"https:\/\/malijai.fr\/index.php\/le-cimetiere\/#breadcrumb","itemListElement":[{"@type":"ListItem","position":1,"name":"Accueil","item":"https:\/\/malijai.fr\/"},{"@type":"ListItem","position":2,"name":"Le cimeti\u00e8re"}]},{"@type":"WebSite","@id":"https:\/\/malijai.fr\/#website","url":"https:\/\/malijai.fr\/","name":"Malijai.fr","description":"Site internet de la commune de Malijai dans les Alpes de Haute-Provence","publisher":{"@id":"https:\/\/malijai.fr\/#organization"},"potentialAction":[{"@type":"SearchAction","target":{"@type":"EntryPoint","urlTemplate":"https:\/\/malijai.fr\/?s={search_term_string}"},"query-input":{"@type":"PropertyValueSpecification","valueRequired":true,"valueName":"search_term_string"}}],"inLanguage":"fr-FR"},{"@type":"Organization","@id":"https:\/\/malijai.fr\/#organization","name":"Malijai","url":"https:\/\/malijai.fr\/","logo":{"@type":"ImageObject","inLanguage":"fr-FR","@id":"https:\/\/malijai.fr\/#\/schema\/logo\/image\/","url":"https:\/\/www.malijai.fr\/wp-content\/uploads\/2021\/11\/205467984_317221263388622_5064034598485676827_n.jpg","contentUrl":"https:\/\/www.malijai.fr\/wp-content\/uploads\/2021\/11\/205467984_317221263388622_5064034598485676827_n.jpg","width":1697,"height":1080,"caption":"Malijai"},"image":{"@id":"https:\/\/malijai.fr\/#\/schema\/logo\/image\/"},"sameAs":["https:\/\/www.facebook.com\/MairieDeMalijai"]}]}},"_links":{"self":[{"href":"https:\/\/malijai.fr\/index.php\/wp-json\/wp\/v2\/pages\/767","targetHints":{"allow":["GET"]}}],"collection":[{"href":"https:\/\/malijai.fr\/index.php\/wp-json\/wp\/v2\/pages"}],"about":[{"href":"https:\/\/malijai.fr\/index.php\/wp-json\/wp\/v2\/types\/page"}],"author":[{"embeddable":true,"href":"https:\/\/malijai.fr\/index.php\/wp-json\/wp\/v2\/users\/4"}],"replies":[{"embeddable":true,"href":"https:\/\/malijai.fr\/index.php\/wp-json\/wp\/v2\/comments?post=767"}],"version-history":[{"count":45,"href":"https:\/\/malijai.fr\/index.php\/wp-json\/wp\/v2\/pages\/767\/revisions"}],"predecessor-version":[{"id":14361,"href":"https:\/\/malijai.fr\/index.php\/wp-json\/wp\/v2\/pages\/767\/revisions\/14361"}],"wp:attachment":[{"href":"https:\/\/malijai.fr\/index.php\/wp-json\/wp\/v2\/media?parent=767"}],"curies":[{"name":"wp","href":"https:\/\/api.w.org\/{rel}","templated":true}]}}