{"id":9336,"date":"2022-07-13T16:08:07","date_gmt":"2022-07-13T15:08:07","guid":{"rendered":"https:\/\/malijai.fr\/?page_id=9336"},"modified":"2026-04-03T15:39:07","modified_gmt":"2026-04-03T14:39:07","slug":"liste-des-deliberations","status":"publish","type":"page","link":"https:\/\/malijai.fr\/index.php\/liste-des-deliberations\/","title":{"rendered":"Liste des d\u00e9lib\u00e9rations"},"content":{"rendered":"\t\t<div data-elementor-type=\"wp-page\" data-elementor-id=\"9336\" class=\"elementor elementor-9336\">\n\t\t\t\t\t\t<section class=\"elementor-section elementor-top-section elementor-element elementor-element-3feea69a elementor-section-full_width elementor-section-stretched elementor-section-height-default elementor-section-height-default\" data-id=\"3feea69a\" data-element_type=\"section\" data-e-type=\"section\" data-settings=\"{&quot;stretch_section&quot;:&quot;section-stretched&quot;,&quot;background_background&quot;:&quot;classic&quot;}\">\n\t\t\t\t\t\t\t<div class=\"elementor-background-overlay\"><\/div>\n\t\t\t\t\t\t\t<div class=\"elementor-container elementor-column-gap-default\">\n\t\t\t\t\t<div class=\"elementor-column elementor-col-100 elementor-top-column elementor-element elementor-element-54997d4d\" data-id=\"54997d4d\" data-element_type=\"column\" data-e-type=\"column\">\n\t\t\t<div class=\"elementor-widget-wrap elementor-element-populated\">\n\t\t\t\t\t\t<div class=\"elementor-element elementor-element-560ce35e elementor-invisible elementor-widget elementor-widget-heading\" data-id=\"560ce35e\" data-element_type=\"widget\" data-e-type=\"widget\" data-settings=\"{&quot;_animation&quot;:&quot;pulse&quot;}\" data-widget_type=\"heading.default\">\n\t\t\t\t<div class=\"elementor-widget-container\">\n\t\t\t\t\t<h2 class=\"elementor-heading-title elementor-size-default\">Liste des d\u00e9lib\u00e9rations<\/h2>\t\t\t\t<\/div>\n\t\t\t\t<\/div>\n\t\t\t\t\t<\/div>\n\t\t<\/div>\n\t\t\t\t\t<\/div>\n\t\t<\/section>\n\t\t\t\t<section class=\"elementor-section elementor-top-section elementor-element elementor-element-3b3a7a61 elementor-section-full_width elementor-section-height-default elementor-section-height-default\" data-id=\"3b3a7a61\" data-element_type=\"section\" data-e-type=\"section\">\n\t\t\t\t\t\t<div class=\"elementor-container elementor-column-gap-default\">\n\t\t\t\t\t<div class=\"elementor-column elementor-col-33 elementor-top-column elementor-element elementor-element-754b227c\" data-id=\"754b227c\" data-element_type=\"column\" data-e-type=\"column\">\n\t\t\t<div class=\"elementor-widget-wrap elementor-element-populated\">\n\t\t\t\t\t\t<div class=\"elementor-element elementor-element-16d54bc elementor-widget elementor-widget-eael-adv-tabs\" data-id=\"16d54bc\" data-element_type=\"widget\" data-e-type=\"widget\" data-widget_type=\"eael-adv-tabs.default\">\n\t\t\t\t<div class=\"elementor-widget-container\">\n\t\t\t\t\t        <div data-scroll-on-click=\"no\" data-scroll-speed=\"300\" id=\"eael-advance-tabs-16d54bc\" class=\"eael-advance-tabs eael-tabs-horizontal eael-tab-auto-active \" data-tabid=\"16d54bc\">\n            <div class=\"eael-tabs-nav \">\n                <ul class=\"\" role=\"tablist\">\n                                            <li id=\"2026\" class=\"inactive eael-tab-item-trigger eael-tab-nav-item\" aria-selected=\"true\" data-tab=\"1\" role=\"tab\" tabindex=\"0\" aria-controls=\"2026-tab\" aria-expanded=\"false\">\n                            \n                            \n                            \n                                                            <span class=\"eael-tab-title title-after-icon\" >2026<\/span>                                                    <\/li>\n                    \n                                  <\/ul>\n            <\/div>\n            \n            <div class=\"eael-tabs-content\">\n\t\t        \n                    <div id=\"2026-tab\" class=\"clearfix eael-tab-content-item inactive\" data-title-link=\"2026-tab\">\n\t\t\t\t        <p style=\"text-align: center\"><strong><a href=\"https:\/\/malijai.fr\/wp-content\/uploads\/2026\/04\/liste-delib-du-31-mars-2026.pdf\">DELIBERATIONS 31 03 2026<\/a><\/strong><\/p><p style=\"text-align: center\"><strong><a href=\"https:\/\/malijai.fr\/wp-content\/uploads\/2026\/03\/liste-delib-20-mars-2026.pdf\">DELIBERATIONS 20 03 2026<\/a><\/strong><\/p><p style=\"text-align: center\"><strong><a href=\"https:\/\/malijai.fr\/wp-content\/uploads\/2026\/02\/LISTE-DELIBERATIONS-17-FEVRIER-2026.pdf\">DELIBERATIONS 17 02 2026<\/a><\/strong><\/p>                    <\/div>\n\t\t                    <\/div>\n        <\/div>\n\t\t\t\t<\/div>\n\t\t\t\t<\/div>\n\t\t\t\t<div class=\"elementor-element elementor-element-1fe08b5 elementor-widget elementor-widget-eael-adv-tabs\" data-id=\"1fe08b5\" data-element_type=\"widget\" data-e-type=\"widget\" data-widget_type=\"eael-adv-tabs.default\">\n\t\t\t\t<div class=\"elementor-widget-container\">\n\t\t\t\t\t        <div data-scroll-on-click=\"no\" data-scroll-speed=\"300\" id=\"eael-advance-tabs-1fe08b5\" class=\"eael-advance-tabs eael-tabs-horizontal eael-tab-auto-active \" data-tabid=\"1fe08b5\">\n            <div class=\"eael-tabs-nav \">\n                <ul class=\"\" role=\"tablist\">\n                                            <li id=\"2025\" class=\"inactive eael-tab-item-trigger eael-tab-nav-item\" aria-selected=\"true\" data-tab=\"1\" role=\"tab\" tabindex=\"0\" aria-controls=\"2025-tab\" aria-expanded=\"false\">\n                            \n                            \n                            \n                                                            <span class=\"eael-tab-title title-after-icon\" >2025<\/span>                                                    <\/li>\n                    \n                                  <\/ul>\n            <\/div>\n            \n            <div class=\"eael-tabs-content\">\n\t\t        \n                    <div id=\"2025-tab\" class=\"clearfix eael-tab-content-item inactive\" data-title-link=\"2025-tab\">\n\t\t\t\t        <p style=\"text-align: center\"><strong><a href=\"https:\/\/malijai.fr\/wp-content\/uploads\/2025\/12\/liste-delib-16-DECEMBRE-2025.pdf\">DELIBERATIONS 16 12 2025<\/a><\/strong><\/p><p style=\"text-align: center\"><strong><a href=\"https:\/\/malijai.fr\/wp-content\/uploads\/2025\/09\/Liste-des-deliberations-23-09-25.pdf\">DELIBERATIONS 23 09 2025<\/a><\/strong><\/p><p style=\"text-align: center\"><a href=\"https:\/\/malijai.fr\/wp-content\/uploads\/2025\/06\/LISTE-DELIBERATION-DU-24-JUIN-205.pdf\"><strong>DELIBERATIONS 24 06<\/strong> <strong>2025<\/strong><\/a><\/p><p style=\"text-align: center\"><strong><a href=\"https:\/\/malijai.fr\/wp-content\/uploads\/2025\/04\/Scan_20250403_101616.pdf\">DELIBERATIONS 01 04 2025<\/a><\/strong><\/p><p style=\"text-align: center\"><a href=\"https:\/\/malijai.fr\/wp-content\/uploads\/2025\/02\/Scan_20250224_083515.pdf\"><strong>DELIBERATIONS 18 02 2025<\/strong><\/a><\/p>                    <\/div>\n\t\t                    <\/div>\n        <\/div>\n\t\t\t\t<\/div>\n\t\t\t\t<\/div>\n\t\t\t\t\t<\/div>\n\t\t<\/div>\n\t\t\t\t<div class=\"elementor-column elementor-col-33 elementor-top-column elementor-element elementor-element-b39a8c4\" data-id=\"b39a8c4\" data-element_type=\"column\" data-e-type=\"column\">\n\t\t\t<div class=\"elementor-widget-wrap elementor-element-populated\">\n\t\t\t\t\t\t<div class=\"elementor-element elementor-element-5639d35 elementor-widget elementor-widget-eael-adv-tabs\" data-id=\"5639d35\" data-element_type=\"widget\" data-e-type=\"widget\" data-widget_type=\"eael-adv-tabs.default\">\n\t\t\t\t<div class=\"elementor-widget-container\">\n\t\t\t\t\t        <div data-scroll-on-click=\"no\" data-scroll-speed=\"300\" id=\"eael-advance-tabs-5639d35\" class=\"eael-advance-tabs eael-tabs-horizontal eael-tab-auto-active \" data-tabid=\"5639d35\">\n            <div class=\"eael-tabs-nav \">\n                <ul class=\"\" role=\"tablist\">\n                                            <li id=\"2024\" class=\"inactive eael-tab-item-trigger eael-tab-nav-item\" aria-selected=\"true\" data-tab=\"1\" role=\"tab\" tabindex=\"0\" aria-controls=\"2024-tab\" aria-expanded=\"false\">\n                            \n                            \n                            \n                                                            <span class=\"eael-tab-title title-after-icon\" >2024<\/span>                                                    <\/li>\n                    \n                                  <\/ul>\n            <\/div>\n            \n            <div class=\"eael-tabs-content\">\n\t\t        \n                    <div id=\"2024-tab\" class=\"clearfix eael-tab-content-item inactive\" data-title-link=\"2024-tab\">\n\t\t\t\t        <p style=\"text-align: center\"><strong><a href=\"https:\/\/malijai.fr\/wp-content\/uploads\/2024\/11\/liste-deliberations-27112024.pdf\">DELIBERATIONS 26 11 2024<\/a><\/strong><\/p><p style=\"text-align: center\"><strong><a href=\"https:\/\/malijai.fr\/wp-content\/uploads\/2024\/09\/LISTE-DELIB-17-09-2024.pdf\">DELIBERATIONS 17 09 2024<\/a><\/strong><\/p><p style=\"text-align: center\"><strong><a href=\"https:\/\/malijai.fr\/wp-content\/uploads\/2024\/06\/LISTE-DELIBERATIONS-DU-18-JUIN.pdf\">\u00a0DELIBERATIONS 18 06 2024<\/a><\/strong><\/p><p style=\"text-align: center\"><strong><a href=\"https:\/\/malijai.fr\/wp-content\/uploads\/2024\/05\/LISTE-DELIB-28-05-2024.pdf\">DELIBERATIONS 28 05 2024<\/a><\/strong><\/p><p style=\"text-align: center\"><strong><a href=\"https:\/\/malijai.fr\/wp-content\/uploads\/2024\/04\/liste-delib-2-avril-2024.pdf\">DELIBERATIONS 02 04 2024<\/a><\/strong><\/p><p style=\"text-align: center\"><strong><a href=\"https:\/\/malijai.fr\/wp-content\/uploads\/2024\/02\/liste-delib-20-02-2024.pdf\">DELIBERATIONS 20 02 2024<\/a><\/strong><\/p><p style=\"text-align: center\"><strong>DELIBERATIONS <a href=\"https:\/\/malijai.fr\/wp-content\/uploads\/2024\/01\/liste-delib-25-01-2024-1.pdf\">25 01 2024<\/a><\/strong><\/p>                    <\/div>\n\t\t                    <\/div>\n        <\/div>\n\t\t\t\t<\/div>\n\t\t\t\t<\/div>\n\t\t\t\t<div class=\"elementor-element elementor-element-0e75cb2 elementor-widget elementor-widget-eael-adv-tabs\" data-id=\"0e75cb2\" data-element_type=\"widget\" data-e-type=\"widget\" data-widget_type=\"eael-adv-tabs.default\">\n\t\t\t\t<div class=\"elementor-widget-container\">\n\t\t\t\t\t        <div data-scroll-on-click=\"no\" data-scroll-speed=\"300\" id=\"eael-advance-tabs-0e75cb2\" class=\"eael-advance-tabs eael-tabs-horizontal eael-tab-auto-active \" data-tabid=\"0e75cb2\">\n            <div class=\"eael-tabs-nav \">\n                <ul class=\"\" role=\"tablist\">\n                                            <li id=\"2022\" class=\"inactive eael-tab-item-trigger eael-tab-nav-item\" aria-selected=\"true\" data-tab=\"1\" role=\"tab\" tabindex=\"0\" aria-controls=\"2022-tab\" aria-expanded=\"false\">\n                            \n                            \n                            \n                                                            <span class=\"eael-tab-title title-after-icon\" >2022<\/span>                                                    <\/li>\n                    \n                                  <\/ul>\n            <\/div>\n            \n            <div class=\"eael-tabs-content\">\n\t\t        \n                    <div id=\"2022-tab\" class=\"clearfix eael-tab-content-item inactive\" data-title-link=\"2022-tab\">\n\t\t\t\t        <p style=\"text-align: center\"><strong><a href=\"https:\/\/malijai.fr\/wp-content\/uploads\/2022\/12\/SKM_C45822122010541.pdf\">\u00a0DELIBERATIONS 15 12 2022<\/a><\/strong><\/p><p style=\"text-align: center\"><strong><a href=\"https:\/\/malijai.fr\/wp-content\/uploads\/2022\/10\/liste-delib-24-octobre-2022.pdf\">DELIBERATIONS 24 10 2022<\/a><\/strong><\/p><p style=\"text-align: center\"><strong><a href=\"https:\/\/malijai.fr\/wp-content\/uploads\/2022\/09\/SKM_C45822090513470.pdf\">DELIBERATIONS 01 09 2022<\/a><\/strong><\/p><p style=\"text-align: center\"><strong><a href=\"https:\/\/malijai.fr\/wp-content\/uploads\/2022\/07\/LISTE-DES-DELIBERATIONS-7-JUILLET.pdf\">DELIBERATIONS 07 07 2022<\/a><\/strong><\/p><p style=\"text-align: center\">\u00a0<\/p>                    <\/div>\n\t\t                    <\/div>\n        <\/div>\n\t\t\t\t<\/div>\n\t\t\t\t<\/div>\n\t\t\t\t\t<\/div>\n\t\t<\/div>\n\t\t\t\t<div class=\"elementor-column elementor-col-33 elementor-top-column elementor-element elementor-element-7cfd9c7\" data-id=\"7cfd9c7\" data-element_type=\"column\" data-e-type=\"column\">\n\t\t\t<div class=\"elementor-widget-wrap elementor-element-populated\">\n\t\t\t\t\t\t<div class=\"elementor-element elementor-element-f6c030d elementor-widget elementor-widget-eael-adv-tabs\" data-id=\"f6c030d\" data-element_type=\"widget\" data-e-type=\"widget\" data-widget_type=\"eael-adv-tabs.default\">\n\t\t\t\t<div class=\"elementor-widget-container\">\n\t\t\t\t\t        <div data-scroll-on-click=\"no\" data-scroll-speed=\"300\" id=\"eael-advance-tabs-f6c030d\" class=\"eael-advance-tabs eael-tabs-horizontal eael-tab-auto-active \" data-tabid=\"f6c030d\">\n            <div class=\"eael-tabs-nav \">\n                <ul class=\"\" role=\"tablist\">\n                                            <li id=\"2023\" class=\"inactive eael-tab-item-trigger eael-tab-nav-item\" aria-selected=\"true\" data-tab=\"1\" role=\"tab\" tabindex=\"0\" aria-controls=\"2023-tab\" aria-expanded=\"false\">\n                            \n                            \n                            \n                                                            <span class=\"eael-tab-title title-after-icon\" >2023<\/span>                                                    <\/li>\n                    \n                                  <\/ul>\n            <\/div>\n            \n            <div class=\"eael-tabs-content\">\n\t\t        \n                    <div id=\"2023-tab\" class=\"clearfix eael-tab-content-item inactive\" data-title-link=\"2023-tab\">\n\t\t\t\t        <p style=\"text-align: center\"><strong><a href=\"https:\/\/malijai.fr\/wp-content\/uploads\/2023\/12\/LISTE-DELIBERATIONS-28-11-2023.pdf\">DELIBERATIONS 28 11 2023<\/a><\/strong><\/p><p style=\"text-align: center\"><strong><a href=\"https:\/\/malijai.fr\/wp-content\/uploads\/2023\/10\/LISTE-DELIBERATIONS-2-OCTOBRE-2023.pdf\">DELIBERATIONS 02 10 2023<\/a><\/strong><\/p><p style=\"text-align: center\"><strong><a href=\"https:\/\/malijai.fr\/wp-content\/uploads\/2023\/07\/LISTE-DELIB-04-07-2023.pdf\">DELIBERATIONS 04 07 2023<\/a><\/strong><\/p><p style=\"text-align: center\"><strong><a href=\"https:\/\/malijai.fr\/wp-content\/uploads\/2023\/03\/SKM_C45823032914420.pdf\">DELIBERATIONS 28 03 2023<\/a><\/strong><\/p><p style=\"text-align: center\"><strong><a href=\"https:\/\/malijai.fr\/wp-content\/uploads\/2023\/03\/LISTE-DELIBERATIONS-28-FEVRIER-2023.pdf\">DELIBERATIONS 28 02 2023<\/a><\/strong><\/p><p style=\"text-align: center\"><strong><a href=\"https:\/\/malijai.fr\/wp-content\/uploads\/2023\/02\/LISTE-DES-DELIBERATIONS-DU-7-FEVRIER.pdf\">DELIBERATIONS 07 02 2023<\/a><\/strong><\/p>                    <\/div>\n\t\t                    <\/div>\n        <\/div>\n\t\t\t\t<\/div>\n\t\t\t\t<\/div>\n\t\t\t\t\t<\/div>\n\t\t<\/div>\n\t\t\t\t\t<\/div>\n\t\t<\/section>\n\t\t\t\t<\/div>\n\t\t","protected":false},"excerpt":{"rendered":"<p>Liste des d\u00e9lib\u00e9rations 2026 DELIBERATIONS 31 03 2026 DELIBERATIONS 20 03 2026 DELIBERATIONS 17 02 2026 2025 DELIBERATIONS 16 12 2025 DELIBERATIONS 23 09 2025 DELIBERATIONS 24 06 2025 DELIBERATIONS 01 04 2025 DELIBERATIONS 18 02 2025 2024 DELIBERATIONS 26 11 2024 DELIBERATIONS 17 09 2024 \u00a0DELIBERATIONS 18 06 2024 DELIBERATIONS 28 05 2024 DELIBERATIONS [&hellip;]<\/p>\n","protected":false},"author":4,"featured_media":0,"parent":0,"menu_order":0,"comment_status":"closed","ping_status":"closed","template":"","meta":{"ngg_post_thumbnail":0,"ocean_post_layout":"","ocean_both_sidebars_style":"","ocean_both_sidebars_content_width":0,"ocean_both_sidebars_sidebars_width":0,"ocean_sidebar":"0","ocean_second_sidebar":"0","ocean_disable_margins":"enable","ocean_add_body_class":"","ocean_shortcode_before_top_bar":"","ocean_shortcode_after_top_bar":"","ocean_shortcode_before_header":"","ocean_shortcode_after_header":"","ocean_has_shortcode":"","ocean_shortcode_after_title":"","ocean_shortcode_before_footer_widgets":"","ocean_shortcode_after_footer_widgets":"","ocean_shortcode_before_footer_bottom":"","ocean_shortcode_after_footer_bottom":"","ocean_display_top_bar":"default","ocean_display_header":"default","ocean_header_style":"","ocean_center_header_left_menu":"0","ocean_custom_header_template":"0","ocean_custom_logo":0,"ocean_custom_retina_logo":0,"ocean_custom_logo_max_width":0,"ocean_custom_logo_tablet_max_width":0,"ocean_custom_logo_mobile_max_width":0,"ocean_custom_logo_max_height":0,"ocean_custom_logo_tablet_max_height":0,"ocean_custom_logo_mobile_max_height":0,"ocean_header_custom_menu":"0","ocean_menu_typo_font_family":"0","ocean_menu_typo_font_subset":"","ocean_menu_typo_font_size":0,"ocean_menu_typo_font_size_tablet":0,"ocean_menu_typo_font_size_mobile":0,"ocean_menu_typo_font_size_unit":"px","ocean_menu_typo_font_weight":"","ocean_menu_typo_font_weight_tablet":"","ocean_menu_typo_font_weight_mobile":"","ocean_menu_typo_transform":"","ocean_menu_typo_transform_tablet":"","ocean_menu_typo_transform_mobile":"","ocean_menu_typo_line_height":0,"ocean_menu_typo_line_height_tablet":0,"ocean_menu_typo_line_height_mobile":0,"ocean_menu_typo_line_height_unit":"","ocean_menu_typo_spacing":0,"ocean_menu_typo_spacing_tablet":0,"ocean_menu_typo_spacing_mobile":0,"ocean_menu_typo_spacing_unit":"","ocean_menu_link_color":"","ocean_menu_link_color_hover":"","ocean_menu_link_color_active":"","ocean_menu_link_background":"","ocean_menu_link_hover_background":"","ocean_menu_link_active_background":"","ocean_menu_social_links_bg":"","ocean_menu_social_hover_links_bg":"","ocean_menu_social_links_color":"","ocean_menu_social_hover_links_color":"","ocean_disable_title":"default","ocean_disable_heading":"default","ocean_post_title":"","ocean_post_subheading":"","ocean_post_title_style":"","ocean_post_title_background_color":"","ocean_post_title_background":0,"ocean_post_title_bg_image_position":"","ocean_post_title_bg_image_attachment":"","ocean_post_title_bg_image_repeat":"","ocean_post_title_bg_image_size":"","ocean_post_title_height":0,"ocean_post_title_bg_overlay":0.5,"ocean_post_title_bg_overlay_color":"","ocean_disable_breadcrumbs":"default","ocean_breadcrumbs_color":"","ocean_breadcrumbs_separator_color":"","ocean_breadcrumbs_links_color":"","ocean_breadcrumbs_links_hover_color":"","ocean_display_footer_widgets":"default","ocean_display_footer_bottom":"default","ocean_custom_footer_template":"0","footnotes":""},"class_list":["post-9336","page","type-page","status-publish","hentry","entry"],"yoast_head":"<!-- This site is optimized with the Yoast SEO plugin v27.4 - https:\/\/yoast.com\/product\/yoast-seo-wordpress\/ -->\n<title>Liste des d\u00e9lib\u00e9rations | Malijai.fr<\/title>\n<meta name=\"robots\" content=\"index, follow, max-snippet:-1, max-image-preview:large, max-video-preview:-1\" \/>\n<link rel=\"canonical\" href=\"https:\/\/malijai.fr\/index.php\/liste-des-deliberations\/\" \/>\n<meta property=\"og:locale\" content=\"fr_FR\" \/>\n<meta property=\"og:type\" content=\"article\" \/>\n<meta property=\"og:title\" content=\"Liste des d\u00e9lib\u00e9rations | Malijai.fr\" \/>\n<meta property=\"og:description\" content=\"Liste des d\u00e9lib\u00e9rations 2026 DELIBERATIONS 31 03 2026 DELIBERATIONS 20 03 2026 DELIBERATIONS 17 02 2026 2025 DELIBERATIONS 16 12 2025 DELIBERATIONS 23 09 2025 DELIBERATIONS 24 06 2025 DELIBERATIONS 01 04 2025 DELIBERATIONS 18 02 2025 2024 DELIBERATIONS 26 11 2024 DELIBERATIONS 17 09 2024 \u00a0DELIBERATIONS 18 06 2024 DELIBERATIONS 28 05 2024 DELIBERATIONS [&hellip;]\" \/>\n<meta property=\"og:url\" content=\"https:\/\/malijai.fr\/index.php\/liste-des-deliberations\/\" \/>\n<meta property=\"og:site_name\" content=\"Malijai.fr\" \/>\n<meta property=\"article:publisher\" content=\"https:\/\/www.facebook.com\/MairieDeMalijai\" \/>\n<meta property=\"article:modified_time\" content=\"2026-04-03T14:39:07+00:00\" \/>\n<meta name=\"twitter:card\" content=\"summary_large_image\" \/>\n<meta name=\"twitter:label1\" content=\"Dur\u00e9e de lecture estim\u00e9e\" \/>\n\t<meta name=\"twitter:data1\" content=\"1 minute\" \/>\n<script type=\"application\/ld+json\" class=\"yoast-schema-graph\">{\"@context\":\"https:\\\/\\\/schema.org\",\"@graph\":[{\"@type\":\"WebPage\",\"@id\":\"https:\\\/\\\/malijai.fr\\\/index.php\\\/liste-des-deliberations\\\/\",\"url\":\"https:\\\/\\\/malijai.fr\\\/index.php\\\/liste-des-deliberations\\\/\",\"name\":\"Liste des d\u00e9lib\u00e9rations | Malijai.fr\",\"isPartOf\":{\"@id\":\"https:\\\/\\\/malijai.fr\\\/#website\"},\"datePublished\":\"2022-07-13T15:08:07+00:00\",\"dateModified\":\"2026-04-03T14:39:07+00:00\",\"breadcrumb\":{\"@id\":\"https:\\\/\\\/malijai.fr\\\/index.php\\\/liste-des-deliberations\\\/#breadcrumb\"},\"inLanguage\":\"fr-FR\",\"potentialAction\":[{\"@type\":\"ReadAction\",\"target\":[\"https:\\\/\\\/malijai.fr\\\/index.php\\\/liste-des-deliberations\\\/\"]}]},{\"@type\":\"BreadcrumbList\",\"@id\":\"https:\\\/\\\/malijai.fr\\\/index.php\\\/liste-des-deliberations\\\/#breadcrumb\",\"itemListElement\":[{\"@type\":\"ListItem\",\"position\":1,\"name\":\"Accueil\",\"item\":\"https:\\\/\\\/malijai.fr\\\/\"},{\"@type\":\"ListItem\",\"position\":2,\"name\":\"Liste des d\u00e9lib\u00e9rations\"}]},{\"@type\":\"WebSite\",\"@id\":\"https:\\\/\\\/malijai.fr\\\/#website\",\"url\":\"https:\\\/\\\/malijai.fr\\\/\",\"name\":\"Malijai.fr\",\"description\":\"Site internet de la commune de Malijai dans les Alpes de Haute-Provence\",\"publisher\":{\"@id\":\"https:\\\/\\\/malijai.fr\\\/#organization\"},\"potentialAction\":[{\"@type\":\"SearchAction\",\"target\":{\"@type\":\"EntryPoint\",\"urlTemplate\":\"https:\\\/\\\/malijai.fr\\\/?s={search_term_string}\"},\"query-input\":{\"@type\":\"PropertyValueSpecification\",\"valueRequired\":true,\"valueName\":\"search_term_string\"}}],\"inLanguage\":\"fr-FR\"},{\"@type\":\"Organization\",\"@id\":\"https:\\\/\\\/malijai.fr\\\/#organization\",\"name\":\"Malijai\",\"url\":\"https:\\\/\\\/malijai.fr\\\/\",\"logo\":{\"@type\":\"ImageObject\",\"inLanguage\":\"fr-FR\",\"@id\":\"https:\\\/\\\/malijai.fr\\\/#\\\/schema\\\/logo\\\/image\\\/\",\"url\":\"https:\\\/\\\/www.malijai.fr\\\/wp-content\\\/uploads\\\/2021\\\/11\\\/205467984_317221263388622_5064034598485676827_n.jpg\",\"contentUrl\":\"https:\\\/\\\/www.malijai.fr\\\/wp-content\\\/uploads\\\/2021\\\/11\\\/205467984_317221263388622_5064034598485676827_n.jpg\",\"width\":1697,\"height\":1080,\"caption\":\"Malijai\"},\"image\":{\"@id\":\"https:\\\/\\\/malijai.fr\\\/#\\\/schema\\\/logo\\\/image\\\/\"},\"sameAs\":[\"https:\\\/\\\/www.facebook.com\\\/MairieDeMalijai\"]}]}<\/script>\n<!-- \/ Yoast SEO plugin. -->","yoast_head_json":{"title":"Liste des d\u00e9lib\u00e9rations | Malijai.fr","robots":{"index":"index","follow":"follow","max-snippet":"max-snippet:-1","max-image-preview":"max-image-preview:large","max-video-preview":"max-video-preview:-1"},"canonical":"https:\/\/malijai.fr\/index.php\/liste-des-deliberations\/","og_locale":"fr_FR","og_type":"article","og_title":"Liste des d\u00e9lib\u00e9rations | Malijai.fr","og_description":"Liste des d\u00e9lib\u00e9rations 2026 DELIBERATIONS 31 03 2026 DELIBERATIONS 20 03 2026 DELIBERATIONS 17 02 2026 2025 DELIBERATIONS 16 12 2025 DELIBERATIONS 23 09 2025 DELIBERATIONS 24 06 2025 DELIBERATIONS 01 04 2025 DELIBERATIONS 18 02 2025 2024 DELIBERATIONS 26 11 2024 DELIBERATIONS 17 09 2024 \u00a0DELIBERATIONS 18 06 2024 DELIBERATIONS 28 05 2024 DELIBERATIONS [&hellip;]","og_url":"https:\/\/malijai.fr\/index.php\/liste-des-deliberations\/","og_site_name":"Malijai.fr","article_publisher":"https:\/\/www.facebook.com\/MairieDeMalijai","article_modified_time":"2026-04-03T14:39:07+00:00","twitter_card":"summary_large_image","twitter_misc":{"Dur\u00e9e de lecture estim\u00e9e":"1 minute"},"schema":{"@context":"https:\/\/schema.org","@graph":[{"@type":"WebPage","@id":"https:\/\/malijai.fr\/index.php\/liste-des-deliberations\/","url":"https:\/\/malijai.fr\/index.php\/liste-des-deliberations\/","name":"Liste des d\u00e9lib\u00e9rations | Malijai.fr","isPartOf":{"@id":"https:\/\/malijai.fr\/#website"},"datePublished":"2022-07-13T15:08:07+00:00","dateModified":"2026-04-03T14:39:07+00:00","breadcrumb":{"@id":"https:\/\/malijai.fr\/index.php\/liste-des-deliberations\/#breadcrumb"},"inLanguage":"fr-FR","potentialAction":[{"@type":"ReadAction","target":["https:\/\/malijai.fr\/index.php\/liste-des-deliberations\/"]}]},{"@type":"BreadcrumbList","@id":"https:\/\/malijai.fr\/index.php\/liste-des-deliberations\/#breadcrumb","itemListElement":[{"@type":"ListItem","position":1,"name":"Accueil","item":"https:\/\/malijai.fr\/"},{"@type":"ListItem","position":2,"name":"Liste des d\u00e9lib\u00e9rations"}]},{"@type":"WebSite","@id":"https:\/\/malijai.fr\/#website","url":"https:\/\/malijai.fr\/","name":"Malijai.fr","description":"Site internet de la commune de Malijai dans les Alpes de Haute-Provence","publisher":{"@id":"https:\/\/malijai.fr\/#organization"},"potentialAction":[{"@type":"SearchAction","target":{"@type":"EntryPoint","urlTemplate":"https:\/\/malijai.fr\/?s={search_term_string}"},"query-input":{"@type":"PropertyValueSpecification","valueRequired":true,"valueName":"search_term_string"}}],"inLanguage":"fr-FR"},{"@type":"Organization","@id":"https:\/\/malijai.fr\/#organization","name":"Malijai","url":"https:\/\/malijai.fr\/","logo":{"@type":"ImageObject","inLanguage":"fr-FR","@id":"https:\/\/malijai.fr\/#\/schema\/logo\/image\/","url":"https:\/\/www.malijai.fr\/wp-content\/uploads\/2021\/11\/205467984_317221263388622_5064034598485676827_n.jpg","contentUrl":"https:\/\/www.malijai.fr\/wp-content\/uploads\/2021\/11\/205467984_317221263388622_5064034598485676827_n.jpg","width":1697,"height":1080,"caption":"Malijai"},"image":{"@id":"https:\/\/malijai.fr\/#\/schema\/logo\/image\/"},"sameAs":["https:\/\/www.facebook.com\/MairieDeMalijai"]}]}},"_links":{"self":[{"href":"https:\/\/malijai.fr\/index.php\/wp-json\/wp\/v2\/pages\/9336","targetHints":{"allow":["GET"]}}],"collection":[{"href":"https:\/\/malijai.fr\/index.php\/wp-json\/wp\/v2\/pages"}],"about":[{"href":"https:\/\/malijai.fr\/index.php\/wp-json\/wp\/v2\/types\/page"}],"author":[{"embeddable":true,"href":"https:\/\/malijai.fr\/index.php\/wp-json\/wp\/v2\/users\/4"}],"replies":[{"embeddable":true,"href":"https:\/\/malijai.fr\/index.php\/wp-json\/wp\/v2\/comments?post=9336"}],"version-history":[{"count":105,"href":"https:\/\/malijai.fr\/index.php\/wp-json\/wp\/v2\/pages\/9336\/revisions"}],"predecessor-version":[{"id":15738,"href":"https:\/\/malijai.fr\/index.php\/wp-json\/wp\/v2\/pages\/9336\/revisions\/15738"}],"wp:attachment":[{"href":"https:\/\/malijai.fr\/index.php\/wp-json\/wp\/v2\/media?parent=9336"}],"curies":[{"name":"wp","href":"https:\/\/api.w.org\/{rel}","templated":true}]}}