{"id":993,"date":"2016-06-25T13:46:47","date_gmt":"2016-06-25T12:46:47","guid":{"rendered":"http:\/\/www.malijai.fr\/?page_id=993"},"modified":"2023-02-07T10:17:48","modified_gmt":"2023-02-07T09:17:48","slug":"cac","status":"publish","type":"page","link":"https:\/\/malijai.fr\/index.php\/cac\/","title":{"rendered":"CAC"},"content":{"rendered":"\t\t<div data-elementor-type=\"wp-page\" data-elementor-id=\"993\" class=\"elementor elementor-993\">\n\t\t\t\t\t\t<section class=\"elementor-section elementor-top-section elementor-element elementor-element-42764ac0 elementor-section-full_width elementor-section-stretched elementor-section-height-default elementor-section-height-default\" data-id=\"42764ac0\" data-element_type=\"section\" data-e-type=\"section\" data-settings=\"{&quot;stretch_section&quot;:&quot;section-stretched&quot;,&quot;background_background&quot;:&quot;classic&quot;}\">\n\t\t\t\t\t\t\t<div class=\"elementor-background-overlay\"><\/div>\n\t\t\t\t\t\t\t<div class=\"elementor-container elementor-column-gap-default\">\n\t\t\t\t\t<div class=\"elementor-column elementor-col-100 elementor-top-column elementor-element elementor-element-39435d27\" data-id=\"39435d27\" data-element_type=\"column\" data-e-type=\"column\">\n\t\t\t<div class=\"elementor-widget-wrap elementor-element-populated\">\n\t\t\t\t\t\t<div class=\"elementor-element elementor-element-1b26daa8 elementor-invisible elementor-widget elementor-widget-heading\" data-id=\"1b26daa8\" data-element_type=\"widget\" data-e-type=\"widget\" data-settings=\"{&quot;_animation&quot;:&quot;pulse&quot;}\" data-widget_type=\"heading.default\">\n\t\t\t\t<div class=\"elementor-widget-container\">\n\t\t\t\t\t<h2 class=\"elementor-heading-title elementor-size-default\">CAC<\/h2>\t\t\t\t<\/div>\n\t\t\t\t<\/div>\n\t\t\t\t\t<\/div>\n\t\t<\/div>\n\t\t\t\t\t<\/div>\n\t\t<\/section>\n\t\t\t\t<section class=\"elementor-section elementor-inner-section elementor-element elementor-element-354f6325 elementor-section-boxed elementor-section-height-default elementor-section-height-default\" data-id=\"354f6325\" data-element_type=\"section\" data-e-type=\"section\">\n\t\t\t\t\t\t<div class=\"elementor-container elementor-column-gap-default\">\n\t\t\t\t\t<div class=\"elementor-column elementor-col-100 elementor-inner-column elementor-element elementor-element-61870d63\" data-id=\"61870d63\" data-element_type=\"column\" data-e-type=\"column\" data-settings=\"{&quot;background_background&quot;:&quot;classic&quot;}\">\n\t\t\t<div class=\"elementor-widget-wrap elementor-element-populated\">\n\t\t\t\t\t\t<div class=\"elementor-element elementor-element-6e543b88 elementor-widget elementor-widget-heading\" data-id=\"6e543b88\" data-element_type=\"widget\" data-e-type=\"widget\" data-widget_type=\"heading.default\">\n\t\t\t\t<div class=\"elementor-widget-container\">\n\t\t\t\t\t<h2 class=\"elementor-heading-title elementor-size-default\">Club association Culturelle de Malijai<\/h2>\t\t\t\t<\/div>\n\t\t\t\t<\/div>\n\t\t\t\t\t<\/div>\n\t\t<\/div>\n\t\t\t\t\t<\/div>\n\t\t<\/section>\n\t\t\t\t<section class=\"elementor-section elementor-inner-section elementor-element elementor-element-7daef937 elementor-section-boxed elementor-section-height-default elementor-section-height-default\" data-id=\"7daef937\" data-element_type=\"section\" data-e-type=\"section\">\n\t\t\t\t\t\t<div class=\"elementor-container elementor-column-gap-default\">\n\t\t\t\t\t<div class=\"elementor-column elementor-col-50 elementor-inner-column elementor-element elementor-element-18691abf animated-slow elementor-invisible\" data-id=\"18691abf\" data-element_type=\"column\" data-e-type=\"column\" data-settings=\"{&quot;background_background&quot;:&quot;classic&quot;,&quot;animation&quot;:&quot;fadeIn&quot;}\">\n\t\t\t<div class=\"elementor-widget-wrap elementor-element-populated\">\n\t\t\t\t\t\t<div class=\"elementor-element elementor-element-73bd6d7c elementor-widget elementor-widget-heading\" data-id=\"73bd6d7c\" data-element_type=\"widget\" data-e-type=\"widget\" data-widget_type=\"heading.default\">\n\t\t\t\t<div class=\"elementor-widget-container\">\n\t\t\t\t\t<h2 class=\"elementor-heading-title elementor-size-default\">Contact<\/h2>\t\t\t\t<\/div>\n\t\t\t\t<\/div>\n\t\t\t\t<div class=\"elementor-element elementor-element-1c817f11 elementor-widget elementor-widget-text-editor\" data-id=\"1c817f11\" data-element_type=\"widget\" data-e-type=\"widget\" data-widget_type=\"text-editor.default\">\n\t\t\t\t<div class=\"elementor-widget-container\">\n\t\t\t\t\t\t\t\t\t<p style=\"text-align: center;\"><strong>Si\u00e8ge social : Mairie de Malijai &#8211; 04350<\/strong><br \/><strong>T\u00e9l : 04 92 34 02 18 ou 07 85 22 96 74<\/strong><br \/><strong>Pr\u00e9sidente : Mme DOMINICI Liliane<\/strong><\/p>\t\t\t\t\t\t\t\t<\/div>\n\t\t\t\t<\/div>\n\t\t\t\t\t<\/div>\n\t\t<\/div>\n\t\t\t\t<div class=\"elementor-column elementor-col-50 elementor-inner-column elementor-element elementor-element-46f327f4\" data-id=\"46f327f4\" data-element_type=\"column\" data-e-type=\"column\" data-settings=\"{&quot;background_background&quot;:&quot;classic&quot;}\">\n\t\t\t<div class=\"elementor-widget-wrap elementor-element-populated\">\n\t\t\t\t\t\t<div class=\"elementor-element elementor-element-50802877 elementor-invisible elementor-widget elementor-widget-heading\" data-id=\"50802877\" data-element_type=\"widget\" data-e-type=\"widget\" data-settings=\"{&quot;_animation&quot;:&quot;slideInRight&quot;}\" data-widget_type=\"heading.default\">\n\t\t\t\t<div class=\"elementor-widget-container\">\n\t\t\t\t\t<h2 class=\"elementor-heading-title elementor-size-default\">Cr\u00e9ation de boutis et patchwork<\/h2>\t\t\t\t<\/div>\n\t\t\t\t<\/div>\n\t\t\t\t<div class=\"elementor-element elementor-element-d1c8a74 animated-slow elementor-widget-divider--view-line elementor-invisible elementor-widget elementor-widget-divider\" data-id=\"d1c8a74\" data-element_type=\"widget\" data-e-type=\"widget\" data-settings=\"{&quot;_animation&quot;:&quot;slideInRight&quot;}\" data-widget_type=\"divider.default\">\n\t\t\t\t<div class=\"elementor-widget-container\">\n\t\t\t\t\t\t\t<div class=\"elementor-divider\">\n\t\t\t<span class=\"elementor-divider-separator\">\n\t\t\t\t\t\t<\/span>\n\t\t<\/div>\n\t\t\t\t\t\t<\/div>\n\t\t\t\t<\/div>\n\t\t\t\t<div class=\"elementor-element elementor-element-bd1a17a elementor-widget elementor-widget-text-editor\" data-id=\"bd1a17a\" data-element_type=\"widget\" data-e-type=\"widget\" data-widget_type=\"text-editor.default\">\n\t\t\t\t<div class=\"elementor-widget-container\">\n\t\t\t\t\t\t\t\t\t<p><strong>Permanences :<\/strong><br \/>Lundi de 13h30 \u00e0 16h30<br \/>Mardi de 13h30 \u00e0 16h30<\/p>\t\t\t\t\t\t\t\t<\/div>\n\t\t\t\t<\/div>\n\t\t\t\t\t<\/div>\n\t\t<\/div>\n\t\t\t\t\t<\/div>\n\t\t<\/section>\n\t\t\t\t<section class=\"elementor-section elementor-inner-section elementor-element elementor-element-506447d6 elementor-section-boxed elementor-section-height-default elementor-section-height-default\" data-id=\"506447d6\" data-element_type=\"section\" data-e-type=\"section\">\n\t\t\t\t\t\t<div class=\"elementor-container elementor-column-gap-default\">\n\t\t\t\t\t<div class=\"elementor-column elementor-col-100 elementor-inner-column elementor-element elementor-element-147f84e0\" data-id=\"147f84e0\" data-element_type=\"column\" data-e-type=\"column\" data-settings=\"{&quot;background_background&quot;:&quot;classic&quot;}\">\n\t\t\t<div class=\"elementor-widget-wrap elementor-element-populated\">\n\t\t\t\t\t\t<div class=\"elementor-element elementor-element-50065519 elementor-widget elementor-widget-heading\" data-id=\"50065519\" data-element_type=\"widget\" data-e-type=\"widget\" data-widget_type=\"heading.default\">\n\t\t\t\t<div class=\"elementor-widget-container\">\n\t\t\t\t\t<h2 class=\"elementor-heading-title elementor-size-default\">Nous organisons une journ\u00e9e continue par mois<\/h2>\t\t\t\t<\/div>\n\t\t\t\t<\/div>\n\t\t\t\t<div class=\"elementor-element elementor-element-4ae97c43 elementor-widget elementor-widget-text-editor\" data-id=\"4ae97c43\" data-element_type=\"widget\" data-e-type=\"widget\" data-widget_type=\"text-editor.default\">\n\t\t\t\t<div class=\"elementor-widget-container\">\n\t\t\t\t\t\t\t\t\t<p style=\"text-align: center;\">Nous avons une journ\u00e9e de l&rsquo;amiti\u00e9 et d&rsquo;\u00e9changes par trimestre avec d&rsquo;autres club similaires dans les d\u00e9partements limitrophes.<\/p><p style=\"text-align: center;\">Nous exposons nos \u0153uvres tous les deux ans, pour le march\u00e9 de No\u00ebl de la commune.<\/p><p style=\"text-align: center;\"><strong>Cotisation : 17 \u20ac Annuels<\/strong><\/p>\t\t\t\t\t\t\t\t<\/div>\n\t\t\t\t<\/div>\n\t\t\t\t\t<\/div>\n\t\t<\/div>\n\t\t\t\t\t<\/div>\n\t\t<\/section>\n\t\t\t\t<\/div>\n\t\t","protected":false},"excerpt":{"rendered":"<p>CAC Club association Culturelle de Malijai Contact Si\u00e8ge social : Mairie de Malijai &#8211; 04350T\u00e9l : 04 92 34 02 18 ou 07 85 22 96 74Pr\u00e9sidente : Mme DOMINICI Liliane Cr\u00e9ation de boutis et patchwork Permanences :Lundi de 13h30 \u00e0 16h30Mardi de 13h30 \u00e0 16h30 Nous organisons une journ\u00e9e continue par mois Nous avons [&hellip;]<\/p>\n","protected":false},"author":4,"featured_media":222,"parent":0,"menu_order":0,"comment_status":"closed","ping_status":"closed","template":"","meta":{"ngg_post_thumbnail":0,"ocean_post_layout":"","ocean_both_sidebars_style":"","ocean_both_sidebars_content_width":0,"ocean_both_sidebars_sidebars_width":0,"ocean_sidebar":"0","ocean_second_sidebar":"0","ocean_disable_margins":"enable","ocean_add_body_class":"","ocean_shortcode_before_top_bar":"","ocean_shortcode_after_top_bar":"","ocean_shortcode_before_header":"","ocean_shortcode_after_header":"","ocean_has_shortcode":"","ocean_shortcode_after_title":"","ocean_shortcode_before_footer_widgets":"","ocean_shortcode_after_footer_widgets":"","ocean_shortcode_before_footer_bottom":"","ocean_shortcode_after_footer_bottom":"","ocean_display_top_bar":"default","ocean_display_header":"default","ocean_header_style":"","ocean_center_header_left_menu":"0","ocean_custom_header_template":"0","ocean_custom_logo":0,"ocean_custom_retina_logo":0,"ocean_custom_logo_max_width":0,"ocean_custom_logo_tablet_max_width":0,"ocean_custom_logo_mobile_max_width":0,"ocean_custom_logo_max_height":0,"ocean_custom_logo_tablet_max_height":0,"ocean_custom_logo_mobile_max_height":0,"ocean_header_custom_menu":"0","ocean_menu_typo_font_family":"0","ocean_menu_typo_font_subset":"","ocean_menu_typo_font_size":0,"ocean_menu_typo_font_size_tablet":0,"ocean_menu_typo_font_size_mobile":0,"ocean_menu_typo_font_size_unit":"px","ocean_menu_typo_font_weight":"","ocean_menu_typo_font_weight_tablet":"","ocean_menu_typo_font_weight_mobile":"","ocean_menu_typo_transform":"","ocean_menu_typo_transform_tablet":"","ocean_menu_typo_transform_mobile":"","ocean_menu_typo_line_height":0,"ocean_menu_typo_line_height_tablet":0,"ocean_menu_typo_line_height_mobile":0,"ocean_menu_typo_line_height_unit":"","ocean_menu_typo_spacing":0,"ocean_menu_typo_spacing_tablet":0,"ocean_menu_typo_spacing_mobile":0,"ocean_menu_typo_spacing_unit":"","ocean_menu_link_color":"","ocean_menu_link_color_hover":"","ocean_menu_link_color_active":"","ocean_menu_link_background":"","ocean_menu_link_hover_background":"","ocean_menu_link_active_background":"","ocean_menu_social_links_bg":"","ocean_menu_social_hover_links_bg":"","ocean_menu_social_links_color":"","ocean_menu_social_hover_links_color":"","ocean_disable_title":"default","ocean_disable_heading":"default","ocean_post_title":"","ocean_post_subheading":"","ocean_post_title_style":"","ocean_post_title_background_color":"","ocean_post_title_background":0,"ocean_post_title_bg_image_position":"","ocean_post_title_bg_image_attachment":"","ocean_post_title_bg_image_repeat":"","ocean_post_title_bg_image_size":"","ocean_post_title_height":0,"ocean_post_title_bg_overlay":0.5,"ocean_post_title_bg_overlay_color":"","ocean_disable_breadcrumbs":"default","ocean_breadcrumbs_color":"","ocean_breadcrumbs_separator_color":"","ocean_breadcrumbs_links_color":"","ocean_breadcrumbs_links_hover_color":"","ocean_display_footer_widgets":"default","ocean_display_footer_bottom":"default","ocean_custom_footer_template":"0","footnotes":""},"class_list":["post-993","page","type-page","status-publish","has-post-thumbnail","hentry","entry","has-media"],"yoast_head":"<!-- This site is optimized with the Yoast SEO plugin v27.4 - https:\/\/yoast.com\/product\/yoast-seo-wordpress\/ -->\n<title>CAC | Malijai.fr<\/title>\n<meta name=\"robots\" content=\"index, follow, max-snippet:-1, max-image-preview:large, max-video-preview:-1\" \/>\n<link rel=\"canonical\" href=\"https:\/\/malijai.fr\/index.php\/cac\/\" \/>\n<meta property=\"og:locale\" content=\"fr_FR\" \/>\n<meta property=\"og:type\" content=\"article\" \/>\n<meta property=\"og:title\" content=\"CAC | Malijai.fr\" \/>\n<meta property=\"og:description\" content=\"CAC Club association Culturelle de Malijai Contact Si\u00e8ge social : Mairie de Malijai &#8211; 04350T\u00e9l : 04 92 34 02 18 ou 07 85 22 96 74Pr\u00e9sidente : Mme DOMINICI Liliane Cr\u00e9ation de boutis et patchwork Permanences :Lundi de 13h30 \u00e0 16h30Mardi de 13h30 \u00e0 16h30 Nous organisons une journ\u00e9e continue par mois Nous avons [&hellip;]\" \/>\n<meta property=\"og:url\" content=\"https:\/\/malijai.fr\/index.php\/cac\/\" \/>\n<meta property=\"og:site_name\" content=\"Malijai.fr\" \/>\n<meta property=\"article:publisher\" content=\"https:\/\/www.facebook.com\/MairieDeMalijai\" \/>\n<meta property=\"article:modified_time\" content=\"2023-02-07T09:17:48+00:00\" \/>\n<meta property=\"og:image\" content=\"https:\/\/malijai.fr\/wp-content\/uploads\/2016\/03\/DSC03531-1024x768.jpg\" \/>\n\t<meta property=\"og:image:width\" content=\"1024\" \/>\n\t<meta property=\"og:image:height\" content=\"768\" \/>\n\t<meta property=\"og:image:type\" content=\"image\/jpeg\" \/>\n<meta name=\"twitter:card\" content=\"summary_large_image\" \/>\n<meta name=\"twitter:label1\" content=\"Dur\u00e9e de lecture estim\u00e9e\" \/>\n\t<meta name=\"twitter:data1\" content=\"1 minute\" \/>\n<script type=\"application\/ld+json\" class=\"yoast-schema-graph\">{\"@context\":\"https:\\\/\\\/schema.org\",\"@graph\":[{\"@type\":\"WebPage\",\"@id\":\"https:\\\/\\\/malijai.fr\\\/index.php\\\/cac\\\/\",\"url\":\"https:\\\/\\\/malijai.fr\\\/index.php\\\/cac\\\/\",\"name\":\"CAC | Malijai.fr\",\"isPartOf\":{\"@id\":\"https:\\\/\\\/malijai.fr\\\/#website\"},\"primaryImageOfPage\":{\"@id\":\"https:\\\/\\\/malijai.fr\\\/index.php\\\/cac\\\/#primaryimage\"},\"image\":{\"@id\":\"https:\\\/\\\/malijai.fr\\\/index.php\\\/cac\\\/#primaryimage\"},\"thumbnailUrl\":\"https:\\\/\\\/malijai.fr\\\/wp-content\\\/uploads\\\/2016\\\/03\\\/DSC03531.jpg\",\"datePublished\":\"2016-06-25T12:46:47+00:00\",\"dateModified\":\"2023-02-07T09:17:48+00:00\",\"breadcrumb\":{\"@id\":\"https:\\\/\\\/malijai.fr\\\/index.php\\\/cac\\\/#breadcrumb\"},\"inLanguage\":\"fr-FR\",\"potentialAction\":[{\"@type\":\"ReadAction\",\"target\":[\"https:\\\/\\\/malijai.fr\\\/index.php\\\/cac\\\/\"]}]},{\"@type\":\"ImageObject\",\"inLanguage\":\"fr-FR\",\"@id\":\"https:\\\/\\\/malijai.fr\\\/index.php\\\/cac\\\/#primaryimage\",\"url\":\"https:\\\/\\\/malijai.fr\\\/wp-content\\\/uploads\\\/2016\\\/03\\\/DSC03531.jpg\",\"contentUrl\":\"https:\\\/\\\/malijai.fr\\\/wp-content\\\/uploads\\\/2016\\\/03\\\/DSC03531.jpg\",\"width\":4000,\"height\":3000},{\"@type\":\"BreadcrumbList\",\"@id\":\"https:\\\/\\\/malijai.fr\\\/index.php\\\/cac\\\/#breadcrumb\",\"itemListElement\":[{\"@type\":\"ListItem\",\"position\":1,\"name\":\"Accueil\",\"item\":\"https:\\\/\\\/malijai.fr\\\/\"},{\"@type\":\"ListItem\",\"position\":2,\"name\":\"CAC\"}]},{\"@type\":\"WebSite\",\"@id\":\"https:\\\/\\\/malijai.fr\\\/#website\",\"url\":\"https:\\\/\\\/malijai.fr\\\/\",\"name\":\"Malijai.fr\",\"description\":\"Site internet de la commune de Malijai dans les Alpes de Haute-Provence\",\"publisher\":{\"@id\":\"https:\\\/\\\/malijai.fr\\\/#organization\"},\"potentialAction\":[{\"@type\":\"SearchAction\",\"target\":{\"@type\":\"EntryPoint\",\"urlTemplate\":\"https:\\\/\\\/malijai.fr\\\/?s={search_term_string}\"},\"query-input\":{\"@type\":\"PropertyValueSpecification\",\"valueRequired\":true,\"valueName\":\"search_term_string\"}}],\"inLanguage\":\"fr-FR\"},{\"@type\":\"Organization\",\"@id\":\"https:\\\/\\\/malijai.fr\\\/#organization\",\"name\":\"Malijai\",\"url\":\"https:\\\/\\\/malijai.fr\\\/\",\"logo\":{\"@type\":\"ImageObject\",\"inLanguage\":\"fr-FR\",\"@id\":\"https:\\\/\\\/malijai.fr\\\/#\\\/schema\\\/logo\\\/image\\\/\",\"url\":\"https:\\\/\\\/www.malijai.fr\\\/wp-content\\\/uploads\\\/2021\\\/11\\\/205467984_317221263388622_5064034598485676827_n.jpg\",\"contentUrl\":\"https:\\\/\\\/www.malijai.fr\\\/wp-content\\\/uploads\\\/2021\\\/11\\\/205467984_317221263388622_5064034598485676827_n.jpg\",\"width\":1697,\"height\":1080,\"caption\":\"Malijai\"},\"image\":{\"@id\":\"https:\\\/\\\/malijai.fr\\\/#\\\/schema\\\/logo\\\/image\\\/\"},\"sameAs\":[\"https:\\\/\\\/www.facebook.com\\\/MairieDeMalijai\"]}]}<\/script>\n<!-- \/ Yoast SEO plugin. -->","yoast_head_json":{"title":"CAC | Malijai.fr","robots":{"index":"index","follow":"follow","max-snippet":"max-snippet:-1","max-image-preview":"max-image-preview:large","max-video-preview":"max-video-preview:-1"},"canonical":"https:\/\/malijai.fr\/index.php\/cac\/","og_locale":"fr_FR","og_type":"article","og_title":"CAC | Malijai.fr","og_description":"CAC Club association Culturelle de Malijai Contact Si\u00e8ge social : Mairie de Malijai &#8211; 04350T\u00e9l : 04 92 34 02 18 ou 07 85 22 96 74Pr\u00e9sidente : Mme DOMINICI Liliane Cr\u00e9ation de boutis et patchwork Permanences :Lundi de 13h30 \u00e0 16h30Mardi de 13h30 \u00e0 16h30 Nous organisons une journ\u00e9e continue par mois Nous avons [&hellip;]","og_url":"https:\/\/malijai.fr\/index.php\/cac\/","og_site_name":"Malijai.fr","article_publisher":"https:\/\/www.facebook.com\/MairieDeMalijai","article_modified_time":"2023-02-07T09:17:48+00:00","og_image":[{"width":1024,"height":768,"url":"https:\/\/malijai.fr\/wp-content\/uploads\/2016\/03\/DSC03531-1024x768.jpg","type":"image\/jpeg"}],"twitter_card":"summary_large_image","twitter_misc":{"Dur\u00e9e de lecture estim\u00e9e":"1 minute"},"schema":{"@context":"https:\/\/schema.org","@graph":[{"@type":"WebPage","@id":"https:\/\/malijai.fr\/index.php\/cac\/","url":"https:\/\/malijai.fr\/index.php\/cac\/","name":"CAC | Malijai.fr","isPartOf":{"@id":"https:\/\/malijai.fr\/#website"},"primaryImageOfPage":{"@id":"https:\/\/malijai.fr\/index.php\/cac\/#primaryimage"},"image":{"@id":"https:\/\/malijai.fr\/index.php\/cac\/#primaryimage"},"thumbnailUrl":"https:\/\/malijai.fr\/wp-content\/uploads\/2016\/03\/DSC03531.jpg","datePublished":"2016-06-25T12:46:47+00:00","dateModified":"2023-02-07T09:17:48+00:00","breadcrumb":{"@id":"https:\/\/malijai.fr\/index.php\/cac\/#breadcrumb"},"inLanguage":"fr-FR","potentialAction":[{"@type":"ReadAction","target":["https:\/\/malijai.fr\/index.php\/cac\/"]}]},{"@type":"ImageObject","inLanguage":"fr-FR","@id":"https:\/\/malijai.fr\/index.php\/cac\/#primaryimage","url":"https:\/\/malijai.fr\/wp-content\/uploads\/2016\/03\/DSC03531.jpg","contentUrl":"https:\/\/malijai.fr\/wp-content\/uploads\/2016\/03\/DSC03531.jpg","width":4000,"height":3000},{"@type":"BreadcrumbList","@id":"https:\/\/malijai.fr\/index.php\/cac\/#breadcrumb","itemListElement":[{"@type":"ListItem","position":1,"name":"Accueil","item":"https:\/\/malijai.fr\/"},{"@type":"ListItem","position":2,"name":"CAC"}]},{"@type":"WebSite","@id":"https:\/\/malijai.fr\/#website","url":"https:\/\/malijai.fr\/","name":"Malijai.fr","description":"Site internet de la commune de Malijai dans les Alpes de Haute-Provence","publisher":{"@id":"https:\/\/malijai.fr\/#organization"},"potentialAction":[{"@type":"SearchAction","target":{"@type":"EntryPoint","urlTemplate":"https:\/\/malijai.fr\/?s={search_term_string}"},"query-input":{"@type":"PropertyValueSpecification","valueRequired":true,"valueName":"search_term_string"}}],"inLanguage":"fr-FR"},{"@type":"Organization","@id":"https:\/\/malijai.fr\/#organization","name":"Malijai","url":"https:\/\/malijai.fr\/","logo":{"@type":"ImageObject","inLanguage":"fr-FR","@id":"https:\/\/malijai.fr\/#\/schema\/logo\/image\/","url":"https:\/\/www.malijai.fr\/wp-content\/uploads\/2021\/11\/205467984_317221263388622_5064034598485676827_n.jpg","contentUrl":"https:\/\/www.malijai.fr\/wp-content\/uploads\/2021\/11\/205467984_317221263388622_5064034598485676827_n.jpg","width":1697,"height":1080,"caption":"Malijai"},"image":{"@id":"https:\/\/malijai.fr\/#\/schema\/logo\/image\/"},"sameAs":["https:\/\/www.facebook.com\/MairieDeMalijai"]}]}},"_links":{"self":[{"href":"https:\/\/malijai.fr\/index.php\/wp-json\/wp\/v2\/pages\/993","targetHints":{"allow":["GET"]}}],"collection":[{"href":"https:\/\/malijai.fr\/index.php\/wp-json\/wp\/v2\/pages"}],"about":[{"href":"https:\/\/malijai.fr\/index.php\/wp-json\/wp\/v2\/types\/page"}],"author":[{"embeddable":true,"href":"https:\/\/malijai.fr\/index.php\/wp-json\/wp\/v2\/users\/4"}],"replies":[{"embeddable":true,"href":"https:\/\/malijai.fr\/index.php\/wp-json\/wp\/v2\/comments?post=993"}],"version-history":[{"count":28,"href":"https:\/\/malijai.fr\/index.php\/wp-json\/wp\/v2\/pages\/993\/revisions"}],"predecessor-version":[{"id":10452,"href":"https:\/\/malijai.fr\/index.php\/wp-json\/wp\/v2\/pages\/993\/revisions\/10452"}],"wp:featuredmedia":[{"embeddable":true,"href":"https:\/\/malijai.fr\/index.php\/wp-json\/wp\/v2\/media\/222"}],"wp:attachment":[{"href":"https:\/\/malijai.fr\/index.php\/wp-json\/wp\/v2\/media?parent=993"}],"curies":[{"name":"wp","href":"https:\/\/api.w.org\/{rel}","templated":true}]}}